{"id":8400,"date":"2025-11-09T01:14:35","date_gmt":"2025-11-09T00:14:35","guid":{"rendered":"https:\/\/www.cryobiosystem.com\/certificados-de-calidad\/"},"modified":"2025-12-11T21:29:31","modified_gmt":"2025-12-11T20:29:31","slug":"certificados-de-calidad","status":"publish","type":"page","link":"https:\/\/www.cryobiosystem.com\/es\/certificados-de-calidad\/","title":{"rendered":"Certificados de calidad"},"content":{"rendered":"\t\t<div data-elementor-type=\"wp-page\" data-elementor-id=\"8400\" class=\"elementor elementor-8400 elementor-6150\" data-elementor-post-type=\"page\">\n\t\t\t\t<div class=\"elementor-element elementor-element-eb5517d e-flex e-con-boxed e-con e-parent\" data-id=\"eb5517d\" data-element_type=\"container\" data-e-type=\"container\" data-settings=\"{&quot;background_background&quot;:&quot;classic&quot;}\">\n\t\t\t\t\t<div class=\"e-con-inner\">\n\t\t\t\t<div class=\"elementor-element elementor-element-7855b8f elementor-widget elementor-widget-heading\" data-id=\"7855b8f\" data-element_type=\"widget\" data-e-type=\"widget\" data-widget_type=\"heading.default\">\n\t\t\t\t\t<h2 class=\"elementor-heading-title elementor-size-default\">Certificaciones y conformidad<\/h2>\t\t\t\t<\/div>\n\t\t\t\t<div class=\"elementor-element elementor-element-f9251eb elementor-widget-divider--view-line elementor-widget elementor-widget-divider\" data-id=\"f9251eb\" data-element_type=\"widget\" data-e-type=\"widget\" data-widget_type=\"divider.default\">\n\t\t\t\t\t\t\t<div class=\"elementor-divider\">\n\t\t\t<span class=\"elementor-divider-separator\">\n\t\t\t\t\t\t<\/span>\n\t\t<\/div>\n\t\t\t\t\t\t<\/div>\n\t\t<div class=\"elementor-element elementor-element-124eca0 e-con-full e-flex e-con e-child\" data-id=\"124eca0\" data-element_type=\"container\" data-e-type=\"container\">\n\t\t<div class=\"elementor-element elementor-element-ef5abed e-con-full e-flex e-con e-child\" data-id=\"ef5abed\" data-element_type=\"container\" data-e-type=\"container\">\n\t\t\t\t<div class=\"elementor-element elementor-element-d0e55c4 elementor-widget elementor-widget-image\" data-id=\"d0e55c4\" data-element_type=\"widget\" data-e-type=\"widget\" data-widget_type=\"image.default\">\n\t\t\t\t\t\t\t\t\t\t\t\t\t\t\t\t<a href=\"https:\/\/www.cryobiosystem.com\/wp-content\/uploads\/2025\/10\/02-CE-certificate-MDD-93-42-CEE_8387-rev-11.pdf\" target=\"_blank\">\n\t\t\t\t\t\t\t<img decoding=\"async\" width=\"169\" height=\"218\" src=\"https:\/\/www.cryobiosystem.com\/wp-content\/uploads\/2025\/10\/02-CE-Certificate-MDD.webp\" class=\"elementor-animation-grow attachment-large size-large wp-image-6910\" alt=\"\" \/>\t\t\t\t\t\t\t\t<\/a>\n\t\t\t\t\t\t\t\t\t\t\t\t\t\t\t<\/div>\n\t\t\t\t<div class=\"elementor-element elementor-element-5571c78 elementor-widget elementor-widget-text-editor\" data-id=\"5571c78\" data-element_type=\"widget\" data-e-type=\"widget\" data-widget_type=\"text-editor.default\">\n\t\t\t\t\t\t\t\t\t<p>Certificado CE MDD<\/p>\t\t\t\t\t\t\t\t<\/div>\n\t\t\t\t<div class=\"elementor-element elementor-element-afc41b1 elementor-icon-list--layout-traditional elementor-list-item-link-full_width elementor-widget elementor-widget-icon-list\" data-id=\"afc41b1\" data-element_type=\"widget\" data-e-type=\"widget\" data-widget_type=\"icon-list.default\">\n\t\t\t\t\t\t\t<ul class=\"elementor-icon-list-items\">\n\t\t\t\t\t\t\t<li class=\"elementor-icon-list-item\">\n\t\t\t\t\t\t\t\t\t\t\t<a href=\"https:\/\/www.cryobiosystem.com\/wp-content\/uploads\/2025\/10\/02-CE-certificate-MDD-93-42-CEE_8387-rev-11.pdf\" target=\"_blank\">\n\n\t\t\t\t\t\t\t\t\t\t\t\t<span class=\"elementor-icon-list-icon\">\n\t\t\t\t\t\t\t<svg aria-hidden=\"true\" class=\"e-font-icon-svg e-fas-file-pdf\" viewBox=\"0 0 384 512\" xmlns=\"http:\/\/www.w3.org\/2000\/svg\"><path d=\"M181.9 256.1c-5-16-4.9-46.9-2-46.9 8.4 0 7.6 36.9 2 46.9zm-1.7 47.2c-7.7 20.2-17.3 43.3-28.4 62.7 18.3-7 39-17.2 62.9-21.9-12.7-9.6-24.9-23.4-34.5-40.8zM86.1 428.1c0 .8 13.2-5.4 34.9-40.2-6.7 6.3-29.1 24.5-34.9 40.2zM248 160h136v328c0 13.3-10.7 24-24 24H24c-13.3 0-24-10.7-24-24V24C0 10.7 10.7 0 24 0h200v136c0 13.2 10.8 24 24 24zm-8 171.8c-20-12.2-33.3-29-42.7-53.8 4.5-18.5 11.6-46.6 6.2-64.2-4.7-29.4-42.4-26.5-47.8-6.8-5 18.3-.4 44.1 8.1 77-11.6 27.6-28.7 64.6-40.8 85.8-.1 0-.1.1-.2.1-27.1 13.9-73.6 44.5-54.5 68 5.6 6.9 16 10 21.5 10 17.9 0 35.7-18 61.1-61.8 25.8-8.5 54.1-19.1 79-23.2 21.7 11.8 47.1 19.5 64 19.5 29.2 0 31.2-32 19.7-43.4-13.9-13.6-54.3-9.7-73.6-7.2zM377 105L279 7c-4.5-4.5-10.6-7-17-7h-6v128h128v-6.1c0-6.3-2.5-12.4-7-16.9zm-74.1 255.3c4.1-2.7-2.5-11.9-42.8-9 37.1 15.8 42.8 9 42.8 9z\"><\/path><\/svg>\t\t\t\t\t\t<\/span>\n\t\t\t\t\t\t\t\t\t\t<span class=\"elementor-icon-list-text\">Descargar el pdf<\/span>\n\t\t\t\t\t\t\t\t\t\t\t<\/a>\n\t\t\t\t\t\t\t\t\t<\/li>\n\t\t\t\t\t\t<\/ul>\n\t\t\t\t\t\t<\/div>\n\t\t\t\t<\/div>\n\t\t<div class=\"elementor-element elementor-element-768ab8e e-con-full e-flex e-con e-child\" data-id=\"768ab8e\" data-element_type=\"container\" data-e-type=\"container\">\n\t\t\t\t<div class=\"elementor-element elementor-element-6cf7cb4 elementor-widget elementor-widget-image\" data-id=\"6cf7cb4\" data-element_type=\"widget\" data-e-type=\"widget\" data-widget_type=\"image.default\">\n\t\t\t\t\t\t\t\t\t\t\t\t\t\t\t\t<a href=\"https:\/\/www.cryobiosystem.com\/wp-content\/uploads\/2025\/10\/01-39879._1_-_Lettre_de_confirmation_Amendement_2023-607.pdf\" target=\"_blank\">\n\t\t\t\t\t\t\t<img decoding=\"async\" width=\"169\" height=\"218\" src=\"https:\/\/www.cryobiosystem.com\/wp-content\/uploads\/2025\/10\/01-Notified-Body-Confirmation-Letter.webp\" class=\"elementor-animation-grow attachment-large size-large wp-image-6908\" alt=\"\" \/>\t\t\t\t\t\t\t\t<\/a>\n\t\t\t\t\t\t\t\t\t\t\t\t\t\t\t<\/div>\n\t\t\t\t<div class=\"elementor-element elementor-element-6445a35 elementor-widget elementor-widget-text-editor\" data-id=\"6445a35\" data-element_type=\"widget\" data-e-type=\"widget\" data-widget_type=\"text-editor.default\">\n\t\t\t\t\t\t\t\t\t<p>Confirmaci\u00f3n de GMed<\/p>\t\t\t\t\t\t\t\t<\/div>\n\t\t\t\t<div class=\"elementor-element elementor-element-97b24ce elementor-icon-list--layout-traditional elementor-list-item-link-full_width elementor-widget elementor-widget-icon-list\" data-id=\"97b24ce\" data-element_type=\"widget\" data-e-type=\"widget\" data-widget_type=\"icon-list.default\">\n\t\t\t\t\t\t\t<ul class=\"elementor-icon-list-items\">\n\t\t\t\t\t\t\t<li class=\"elementor-icon-list-item\">\n\t\t\t\t\t\t\t\t\t\t\t<a href=\"https:\/\/www.cryobiosystem.com\/wp-content\/uploads\/2025\/10\/01-39879._1_-_Lettre_de_confirmation_Amendement_2023-607.pdf\" target=\"_blank\">\n\n\t\t\t\t\t\t\t\t\t\t\t\t<span class=\"elementor-icon-list-icon\">\n\t\t\t\t\t\t\t<svg aria-hidden=\"true\" class=\"e-font-icon-svg e-fas-file-pdf\" viewBox=\"0 0 384 512\" xmlns=\"http:\/\/www.w3.org\/2000\/svg\"><path d=\"M181.9 256.1c-5-16-4.9-46.9-2-46.9 8.4 0 7.6 36.9 2 46.9zm-1.7 47.2c-7.7 20.2-17.3 43.3-28.4 62.7 18.3-7 39-17.2 62.9-21.9-12.7-9.6-24.9-23.4-34.5-40.8zM86.1 428.1c0 .8 13.2-5.4 34.9-40.2-6.7 6.3-29.1 24.5-34.9 40.2zM248 160h136v328c0 13.3-10.7 24-24 24H24c-13.3 0-24-10.7-24-24V24C0 10.7 10.7 0 24 0h200v136c0 13.2 10.8 24 24 24zm-8 171.8c-20-12.2-33.3-29-42.7-53.8 4.5-18.5 11.6-46.6 6.2-64.2-4.7-29.4-42.4-26.5-47.8-6.8-5 18.3-.4 44.1 8.1 77-11.6 27.6-28.7 64.6-40.8 85.8-.1 0-.1.1-.2.1-27.1 13.9-73.6 44.5-54.5 68 5.6 6.9 16 10 21.5 10 17.9 0 35.7-18 61.1-61.8 25.8-8.5 54.1-19.1 79-23.2 21.7 11.8 47.1 19.5 64 19.5 29.2 0 31.2-32 19.7-43.4-13.9-13.6-54.3-9.7-73.6-7.2zM377 105L279 7c-4.5-4.5-10.6-7-17-7h-6v128h128v-6.1c0-6.3-2.5-12.4-7-16.9zm-74.1 255.3c4.1-2.7-2.5-11.9-42.8-9 37.1 15.8 42.8 9 42.8 9z\"><\/path><\/svg>\t\t\t\t\t\t<\/span>\n\t\t\t\t\t\t\t\t\t\t<span class=\"elementor-icon-list-text\">Descargar el pdf<\/span>\n\t\t\t\t\t\t\t\t\t\t\t<\/a>\n\t\t\t\t\t\t\t\t\t<\/li>\n\t\t\t\t\t\t<\/ul>\n\t\t\t\t\t\t<\/div>\n\t\t\t\t<\/div>\n\t\t<div class=\"elementor-element elementor-element-1bb9738 e-con-full e-flex e-con e-child\" data-id=\"1bb9738\" data-element_type=\"container\" data-e-type=\"container\">\n\t\t\t\t<div class=\"elementor-element elementor-element-7d25aa2 elementor-widget elementor-widget-image\" data-id=\"7d25aa2\" data-element_type=\"widget\" data-e-type=\"widget\" data-widget_type=\"image.default\">\n\t\t\t\t\t\t\t\t\t\t\t\t\t\t\t\t<a href=\"https:\/\/www.cryobiosystem.com\/wp-content\/uploads\/2025\/10\/03-CE-certificate-MDR-2017-745_IIa_39932-1__Annexe_XI.pdf\" target=\"_blank\">\n\t\t\t\t\t\t\t<img decoding=\"async\" width=\"169\" height=\"218\" src=\"https:\/\/www.cryobiosystem.com\/wp-content\/uploads\/2025\/10\/03-CE-Certificate-MDR-IIa.webp\" class=\"elementor-animation-grow attachment-large size-large wp-image-6912\" alt=\"\" \/>\t\t\t\t\t\t\t\t<\/a>\n\t\t\t\t\t\t\t\t\t\t\t\t\t\t\t<\/div>\n\t\t\t\t<div class=\"elementor-element elementor-element-a9b068c elementor-widget elementor-widget-text-editor\" data-id=\"a9b068c\" data-element_type=\"widget\" data-e-type=\"widget\" data-widget_type=\"text-editor.default\">\n\t\t\t\t\t\t\t\t\t<p>Certificado CE MDR IIa<\/p>\t\t\t\t\t\t\t\t<\/div>\n\t\t\t\t<div class=\"elementor-element elementor-element-230f0ec elementor-icon-list--layout-traditional elementor-list-item-link-full_width elementor-widget elementor-widget-icon-list\" data-id=\"230f0ec\" data-element_type=\"widget\" data-e-type=\"widget\" data-widget_type=\"icon-list.default\">\n\t\t\t\t\t\t\t<ul class=\"elementor-icon-list-items\">\n\t\t\t\t\t\t\t<li class=\"elementor-icon-list-item\">\n\t\t\t\t\t\t\t\t\t\t\t<a href=\"https:\/\/www.cryobiosystem.com\/wp-content\/uploads\/2025\/10\/03-CE-certificate-MDR-2017-745_IIa_39932-1__Annexe_XI.pdf\" target=\"_blank\">\n\n\t\t\t\t\t\t\t\t\t\t\t\t<span class=\"elementor-icon-list-icon\">\n\t\t\t\t\t\t\t<svg aria-hidden=\"true\" class=\"e-font-icon-svg e-fas-file-pdf\" viewBox=\"0 0 384 512\" xmlns=\"http:\/\/www.w3.org\/2000\/svg\"><path d=\"M181.9 256.1c-5-16-4.9-46.9-2-46.9 8.4 0 7.6 36.9 2 46.9zm-1.7 47.2c-7.7 20.2-17.3 43.3-28.4 62.7 18.3-7 39-17.2 62.9-21.9-12.7-9.6-24.9-23.4-34.5-40.8zM86.1 428.1c0 .8 13.2-5.4 34.9-40.2-6.7 6.3-29.1 24.5-34.9 40.2zM248 160h136v328c0 13.3-10.7 24-24 24H24c-13.3 0-24-10.7-24-24V24C0 10.7 10.7 0 24 0h200v136c0 13.2 10.8 24 24 24zm-8 171.8c-20-12.2-33.3-29-42.7-53.8 4.5-18.5 11.6-46.6 6.2-64.2-4.7-29.4-42.4-26.5-47.8-6.8-5 18.3-.4 44.1 8.1 77-11.6 27.6-28.7 64.6-40.8 85.8-.1 0-.1.1-.2.1-27.1 13.9-73.6 44.5-54.5 68 5.6 6.9 16 10 21.5 10 17.9 0 35.7-18 61.1-61.8 25.8-8.5 54.1-19.1 79-23.2 21.7 11.8 47.1 19.5 64 19.5 29.2 0 31.2-32 19.7-43.4-13.9-13.6-54.3-9.7-73.6-7.2zM377 105L279 7c-4.5-4.5-10.6-7-17-7h-6v128h128v-6.1c0-6.3-2.5-12.4-7-16.9zm-74.1 255.3c4.1-2.7-2.5-11.9-42.8-9 37.1 15.8 42.8 9 42.8 9z\"><\/path><\/svg>\t\t\t\t\t\t<\/span>\n\t\t\t\t\t\t\t\t\t\t<span class=\"elementor-icon-list-text\">Descargar el pdf<\/span>\n\t\t\t\t\t\t\t\t\t\t\t<\/a>\n\t\t\t\t\t\t\t\t\t<\/li>\n\t\t\t\t\t\t<\/ul>\n\t\t\t\t\t\t<\/div>\n\t\t\t\t<\/div>\n\t\t<div class=\"elementor-element elementor-element-de5833d e-con-full e-flex e-con e-child\" data-id=\"de5833d\" data-element_type=\"container\" data-e-type=\"container\">\n\t\t\t\t<div class=\"elementor-element elementor-element-1c525a8 elementor-widget elementor-widget-image\" data-id=\"1c525a8\" data-element_type=\"widget\" data-e-type=\"widget\" data-widget_type=\"image.default\">\n\t\t\t\t\t\t\t\t\t\t\t\t\t\t\t\t<a href=\"https:\/\/www.cryobiosystem.com\/wp-content\/uploads\/2025\/10\/04-CE-certificate-MDR-2017-745_Is_39938-1__Annexe_XI.pdf\" target=\"_blank\">\n\t\t\t\t\t\t\t<img loading=\"lazy\" decoding=\"async\" width=\"168\" height=\"218\" src=\"https:\/\/www.cryobiosystem.com\/wp-content\/uploads\/2025\/10\/04-CE-Certificate-MDR-Is.webp\" class=\"elementor-animation-grow attachment-large size-large wp-image-6914\" alt=\"\" \/>\t\t\t\t\t\t\t\t<\/a>\n\t\t\t\t\t\t\t\t\t\t\t\t\t\t\t<\/div>\n\t\t\t\t<div class=\"elementor-element elementor-element-0b6bddd elementor-widget elementor-widget-text-editor\" data-id=\"0b6bddd\" data-element_type=\"widget\" data-e-type=\"widget\" data-widget_type=\"text-editor.default\">\n\t\t\t\t\t\t\t\t\t<p>Certificado CE MDR Is <\/p>\t\t\t\t\t\t\t\t<\/div>\n\t\t\t\t<div class=\"elementor-element elementor-element-3633646 elementor-icon-list--layout-traditional elementor-list-item-link-full_width elementor-widget elementor-widget-icon-list\" data-id=\"3633646\" data-element_type=\"widget\" data-e-type=\"widget\" data-widget_type=\"icon-list.default\">\n\t\t\t\t\t\t\t<ul class=\"elementor-icon-list-items\">\n\t\t\t\t\t\t\t<li class=\"elementor-icon-list-item\">\n\t\t\t\t\t\t\t\t\t\t\t<a href=\"https:\/\/www.cryobiosystem.com\/wp-content\/uploads\/2025\/10\/04-CE-certificate-MDR-2017-745_Is_39938-1__Annexe_XI.pdf\" target=\"_blank\">\n\n\t\t\t\t\t\t\t\t\t\t\t\t<span class=\"elementor-icon-list-icon\">\n\t\t\t\t\t\t\t<svg aria-hidden=\"true\" class=\"e-font-icon-svg e-fas-file-pdf\" viewBox=\"0 0 384 512\" xmlns=\"http:\/\/www.w3.org\/2000\/svg\"><path d=\"M181.9 256.1c-5-16-4.9-46.9-2-46.9 8.4 0 7.6 36.9 2 46.9zm-1.7 47.2c-7.7 20.2-17.3 43.3-28.4 62.7 18.3-7 39-17.2 62.9-21.9-12.7-9.6-24.9-23.4-34.5-40.8zM86.1 428.1c0 .8 13.2-5.4 34.9-40.2-6.7 6.3-29.1 24.5-34.9 40.2zM248 160h136v328c0 13.3-10.7 24-24 24H24c-13.3 0-24-10.7-24-24V24C0 10.7 10.7 0 24 0h200v136c0 13.2 10.8 24 24 24zm-8 171.8c-20-12.2-33.3-29-42.7-53.8 4.5-18.5 11.6-46.6 6.2-64.2-4.7-29.4-42.4-26.5-47.8-6.8-5 18.3-.4 44.1 8.1 77-11.6 27.6-28.7 64.6-40.8 85.8-.1 0-.1.1-.2.1-27.1 13.9-73.6 44.5-54.5 68 5.6 6.9 16 10 21.5 10 17.9 0 35.7-18 61.1-61.8 25.8-8.5 54.1-19.1 79-23.2 21.7 11.8 47.1 19.5 64 19.5 29.2 0 31.2-32 19.7-43.4-13.9-13.6-54.3-9.7-73.6-7.2zM377 105L279 7c-4.5-4.5-10.6-7-17-7h-6v128h128v-6.1c0-6.3-2.5-12.4-7-16.9zm-74.1 255.3c4.1-2.7-2.5-11.9-42.8-9 37.1 15.8 42.8 9 42.8 9z\"><\/path><\/svg>\t\t\t\t\t\t<\/span>\n\t\t\t\t\t\t\t\t\t\t<span class=\"elementor-icon-list-text\">Descargar el pdf<\/span>\n\t\t\t\t\t\t\t\t\t\t\t<\/a>\n\t\t\t\t\t\t\t\t\t<\/li>\n\t\t\t\t\t\t<\/ul>\n\t\t\t\t\t\t<\/div>\n\t\t\t\t<\/div>\n\t\t<div class=\"elementor-element elementor-element-18cbd2c e-con-full e-flex e-con e-child\" data-id=\"18cbd2c\" data-element_type=\"container\" data-e-type=\"container\">\n\t\t\t\t<div class=\"elementor-element elementor-element-a0e7926 elementor-widget elementor-widget-image\" data-id=\"a0e7926\" data-element_type=\"widget\" data-e-type=\"widget\" data-widget_type=\"image.default\">\n\t\t\t\t\t\t\t\t\t\t\t\t\t\t\t\t<a href=\"https:\/\/www.cryobiosystem.com\/wp-content\/uploads\/2025\/10\/05-ISO-13485-2016_39097-1.pdf\" target=\"_blank\">\n\t\t\t\t\t\t\t<img loading=\"lazy\" decoding=\"async\" width=\"168\" height=\"218\" src=\"https:\/\/www.cryobiosystem.com\/wp-content\/uploads\/2025\/10\/05-ISO-13485-Certificate.webp\" class=\"elementor-animation-grow attachment-large size-large wp-image-6916\" alt=\"\" \/>\t\t\t\t\t\t\t\t<\/a>\n\t\t\t\t\t\t\t\t\t\t\t\t\t\t\t<\/div>\n\t\t\t\t<div class=\"elementor-element elementor-element-6481ff1 elementor-widget elementor-widget-text-editor\" data-id=\"6481ff1\" data-element_type=\"widget\" data-e-type=\"widget\" data-widget_type=\"text-editor.default\">\n\t\t\t\t\t\t\t\t\t<p>Certificado ISO 13485<\/p>\t\t\t\t\t\t\t\t<\/div>\n\t\t\t\t<div class=\"elementor-element elementor-element-0609df6 elementor-icon-list--layout-traditional elementor-list-item-link-full_width elementor-widget elementor-widget-icon-list\" data-id=\"0609df6\" data-element_type=\"widget\" data-e-type=\"widget\" data-widget_type=\"icon-list.default\">\n\t\t\t\t\t\t\t<ul class=\"elementor-icon-list-items\">\n\t\t\t\t\t\t\t<li class=\"elementor-icon-list-item\">\n\t\t\t\t\t\t\t\t\t\t\t<a href=\"https:\/\/www.cryobiosystem.com\/wp-content\/uploads\/2025\/10\/05-ISO-13485-2016_39097-1.pdf\" target=\"_blank\">\n\n\t\t\t\t\t\t\t\t\t\t\t\t<span class=\"elementor-icon-list-icon\">\n\t\t\t\t\t\t\t<svg aria-hidden=\"true\" class=\"e-font-icon-svg e-fas-file-pdf\" viewBox=\"0 0 384 512\" xmlns=\"http:\/\/www.w3.org\/2000\/svg\"><path d=\"M181.9 256.1c-5-16-4.9-46.9-2-46.9 8.4 0 7.6 36.9 2 46.9zm-1.7 47.2c-7.7 20.2-17.3 43.3-28.4 62.7 18.3-7 39-17.2 62.9-21.9-12.7-9.6-24.9-23.4-34.5-40.8zM86.1 428.1c0 .8 13.2-5.4 34.9-40.2-6.7 6.3-29.1 24.5-34.9 40.2zM248 160h136v328c0 13.3-10.7 24-24 24H24c-13.3 0-24-10.7-24-24V24C0 10.7 10.7 0 24 0h200v136c0 13.2 10.8 24 24 24zm-8 171.8c-20-12.2-33.3-29-42.7-53.8 4.5-18.5 11.6-46.6 6.2-64.2-4.7-29.4-42.4-26.5-47.8-6.8-5 18.3-.4 44.1 8.1 77-11.6 27.6-28.7 64.6-40.8 85.8-.1 0-.1.1-.2.1-27.1 13.9-73.6 44.5-54.5 68 5.6 6.9 16 10 21.5 10 17.9 0 35.7-18 61.1-61.8 25.8-8.5 54.1-19.1 79-23.2 21.7 11.8 47.1 19.5 64 19.5 29.2 0 31.2-32 19.7-43.4-13.9-13.6-54.3-9.7-73.6-7.2zM377 105L279 7c-4.5-4.5-10.6-7-17-7h-6v128h128v-6.1c0-6.3-2.5-12.4-7-16.9zm-74.1 255.3c4.1-2.7-2.5-11.9-42.8-9 37.1 15.8 42.8 9 42.8 9z\"><\/path><\/svg>\t\t\t\t\t\t<\/span>\n\t\t\t\t\t\t\t\t\t\t<span class=\"elementor-icon-list-text\">Descargar el pdf<\/span>\n\t\t\t\t\t\t\t\t\t\t\t<\/a>\n\t\t\t\t\t\t\t\t\t<\/li>\n\t\t\t\t\t\t<\/ul>\n\t\t\t\t\t\t<\/div>\n\t\t\t\t<\/div>\n\t\t\t\t<\/div>\n\t\t\t\t<div class=\"elementor-element elementor-element-1428443 elementor-align-center elementor-widget elementor-widget-button\" data-id=\"1428443\" data-element_type=\"widget\" data-e-type=\"widget\" data-widget_type=\"button.default\">\n\t\t\t\t\t\t\t\t\t\t<a class=\"elementor-button elementor-button-link elementor-size-sm\" href=\"https:\/\/www.cryobiosystem.com\/es\/todos-nuestros-productos\/\">\n\t\t\t\t\t\t<span class=\"elementor-button-content-wrapper\">\n\t\t\t\t\t\t\t\t\t<span class=\"elementor-button-text\">Ver nuestros productos<\/span>\n\t\t\t\t\t<\/span>\n\t\t\t\t\t<\/a>\n\t\t\t\t\t\t\t\t<\/div>\n\t\t\t\t\t<\/div>\n\t\t\t\t<\/div>\n\t\t\t\t<\/div>\n\t\t","protected":false},"excerpt":{"rendered":"<p>Certificaciones y conformidad Certificado CE MDD Descargar el pdf Confirmaci\u00f3n de GMed Descargar el pdf Certificado CE MDR IIa Descargar el pdf Certificado CE MDR Is Descargar el pdf Certificado ISO 13485 Descargar el pdf Ver nuestros productos<\/p>\n","protected":false},"author":1,"featured_media":0,"parent":0,"menu_order":0,"comment_status":"closed","ping_status":"closed","template":"","meta":{"_acf_changed":false,"footnotes":""},"class_list":["post-8400","page","type-page","status-publish","hentry"],"acf":[],"yoast_head":"<!-- This site is optimized with the Yoast SEO plugin v27.3 - https:\/\/yoast.com\/product\/yoast-seo-wordpress\/ -->\n<title>Certificados de calidad - Cryo Bio System 2025<\/title>\n<meta name=\"robots\" content=\"noindex, nofollow\" \/>\n<meta property=\"og:locale\" content=\"es_ES\" \/>\n<meta property=\"og:type\" content=\"article\" \/>\n<meta property=\"og:title\" content=\"Certificados de calidad - Cryo Bio System 2025\" \/>\n<meta property=\"og:description\" content=\"Certificaciones y conformidad Certificado CE MDD Descargar el pdf Confirmaci\u00f3n de GMed Descargar el pdf Certificado CE MDR IIa Descargar el pdf Certificado CE MDR Is Descargar el pdf Certificado ISO 13485 Descargar el pdf Ver nuestros productos\" \/>\n<meta property=\"og:url\" content=\"https:\/\/www.cryobiosystem.com\/es\/certificados-de-calidad\/\" \/>\n<meta property=\"og:site_name\" content=\"Cryo Bio System 2025\" \/>\n<meta property=\"article:modified_time\" content=\"2025-12-11T20:29:31+00:00\" \/>\n<meta property=\"og:image\" content=\"https:\/\/www.cryobiosystem.com\/wp-content\/uploads\/2025\/10\/02-CE-Certificate-MDD.webp\" \/>\n<meta name=\"twitter:card\" content=\"summary_large_image\" \/>\n<meta name=\"twitter:label1\" content=\"Tiempo de lectura\" \/>\n\t<meta name=\"twitter:data1\" content=\"2 minutos\" \/>\n<script type=\"application\/ld+json\" class=\"yoast-schema-graph\">{\"@context\":\"https:\\\/\\\/schema.org\",\"@graph\":[{\"@type\":\"WebPage\",\"@id\":\"https:\\\/\\\/www.cryobiosystem.com\\\/es\\\/certificados-de-calidad\\\/\",\"url\":\"https:\\\/\\\/www.cryobiosystem.com\\\/es\\\/certificados-de-calidad\\\/\",\"name\":\"Certificados de calidad - Cryo Bio System 2025\",\"isPartOf\":{\"@id\":\"https:\\\/\\\/www.cryobiosystem.com\\\/es\\\/#website\"},\"primaryImageOfPage\":{\"@id\":\"https:\\\/\\\/www.cryobiosystem.com\\\/es\\\/certificados-de-calidad\\\/#primaryimage\"},\"image\":{\"@id\":\"https:\\\/\\\/www.cryobiosystem.com\\\/es\\\/certificados-de-calidad\\\/#primaryimage\"},\"thumbnailUrl\":\"https:\\\/\\\/www.cryobiosystem.com\\\/wp-content\\\/uploads\\\/2025\\\/10\\\/02-CE-Certificate-MDD.webp\",\"datePublished\":\"2025-11-09T00:14:35+00:00\",\"dateModified\":\"2025-12-11T20:29:31+00:00\",\"breadcrumb\":{\"@id\":\"https:\\\/\\\/www.cryobiosystem.com\\\/es\\\/certificados-de-calidad\\\/#breadcrumb\"},\"inLanguage\":\"es\",\"potentialAction\":[{\"@type\":\"ReadAction\",\"target\":[\"https:\\\/\\\/www.cryobiosystem.com\\\/es\\\/certificados-de-calidad\\\/\"]}]},{\"@type\":\"ImageObject\",\"inLanguage\":\"es\",\"@id\":\"https:\\\/\\\/www.cryobiosystem.com\\\/es\\\/certificados-de-calidad\\\/#primaryimage\",\"url\":\"https:\\\/\\\/www.cryobiosystem.com\\\/wp-content\\\/uploads\\\/2025\\\/10\\\/02-CE-Certificate-MDD.webp\",\"contentUrl\":\"https:\\\/\\\/www.cryobiosystem.com\\\/wp-content\\\/uploads\\\/2025\\\/10\\\/02-CE-Certificate-MDD.webp\"},{\"@type\":\"BreadcrumbList\",\"@id\":\"https:\\\/\\\/www.cryobiosystem.com\\\/es\\\/certificados-de-calidad\\\/#breadcrumb\",\"itemListElement\":[{\"@type\":\"ListItem\",\"position\":1,\"name\":\"Accueil\",\"item\":\"https:\\\/\\\/www.cryobiosystem.com\\\/es\\\/\"},{\"@type\":\"ListItem\",\"position\":2,\"name\":\"Certificados de calidad\"}]},{\"@type\":\"WebSite\",\"@id\":\"https:\\\/\\\/www.cryobiosystem.com\\\/es\\\/#website\",\"url\":\"https:\\\/\\\/www.cryobiosystem.com\\\/es\\\/\",\"name\":\"Cryo Bio System 2025\",\"description\":\"Cryo Bio System propose une technologie de pr\u00e9servation cryog\u00e9nique \u00e0 la pointe, garantissant la viabilit\u00e9 \u00e0 long terme des \u00e9chantillons biologiques.\",\"publisher\":{\"@id\":\"https:\\\/\\\/www.cryobiosystem.com\\\/es\\\/#organization\"},\"potentialAction\":[{\"@type\":\"SearchAction\",\"target\":{\"@type\":\"EntryPoint\",\"urlTemplate\":\"https:\\\/\\\/www.cryobiosystem.com\\\/es\\\/?s={search_term_string}\"},\"query-input\":{\"@type\":\"PropertyValueSpecification\",\"valueRequired\":true,\"valueName\":\"search_term_string\"}}],\"inLanguage\":\"es\"},{\"@type\":\"Organization\",\"@id\":\"https:\\\/\\\/www.cryobiosystem.com\\\/es\\\/#organization\",\"name\":\"Cryo Bio System 2025\",\"url\":\"https:\\\/\\\/www.cryobiosystem.com\\\/es\\\/\",\"logo\":{\"@type\":\"ImageObject\",\"inLanguage\":\"es\",\"@id\":\"https:\\\/\\\/www.cryobiosystem.com\\\/es\\\/#\\\/schema\\\/logo\\\/image\\\/\",\"url\":\"https:\\\/\\\/www.cryobiosystem.com\\\/wp-content\\\/uploads\\\/2025\\\/10\\\/logo-cbs.webp\",\"contentUrl\":\"https:\\\/\\\/www.cryobiosystem.com\\\/wp-content\\\/uploads\\\/2025\\\/10\\\/logo-cbs.webp\",\"width\":310,\"height\":88,\"caption\":\"Cryo Bio System 2025\"},\"image\":{\"@id\":\"https:\\\/\\\/www.cryobiosystem.com\\\/es\\\/#\\\/schema\\\/logo\\\/image\\\/\"}}]}<\/script>\n<!-- \/ Yoast SEO plugin. -->","yoast_head_json":{"title":"Certificados de calidad - Cryo Bio System 2025","robots":{"index":"noindex","follow":"nofollow"},"og_locale":"es_ES","og_type":"article","og_title":"Certificados de calidad - Cryo Bio System 2025","og_description":"Certificaciones y conformidad Certificado CE MDD Descargar el pdf Confirmaci\u00f3n de GMed Descargar el pdf Certificado CE MDR IIa Descargar el pdf Certificado CE MDR Is Descargar el pdf Certificado ISO 13485 Descargar el pdf Ver nuestros productos","og_url":"https:\/\/www.cryobiosystem.com\/es\/certificados-de-calidad\/","og_site_name":"Cryo Bio System 2025","article_modified_time":"2025-12-11T20:29:31+00:00","og_image":[{"url":"https:\/\/www.cryobiosystem.com\/wp-content\/uploads\/2025\/10\/02-CE-Certificate-MDD.webp","type":"","width":"","height":""}],"twitter_card":"summary_large_image","twitter_misc":{"Tiempo de lectura":"2 minutos"},"schema":{"@context":"https:\/\/schema.org","@graph":[{"@type":"WebPage","@id":"https:\/\/www.cryobiosystem.com\/es\/certificados-de-calidad\/","url":"https:\/\/www.cryobiosystem.com\/es\/certificados-de-calidad\/","name":"Certificados de calidad - Cryo Bio System 2025","isPartOf":{"@id":"https:\/\/www.cryobiosystem.com\/es\/#website"},"primaryImageOfPage":{"@id":"https:\/\/www.cryobiosystem.com\/es\/certificados-de-calidad\/#primaryimage"},"image":{"@id":"https:\/\/www.cryobiosystem.com\/es\/certificados-de-calidad\/#primaryimage"},"thumbnailUrl":"https:\/\/www.cryobiosystem.com\/wp-content\/uploads\/2025\/10\/02-CE-Certificate-MDD.webp","datePublished":"2025-11-09T00:14:35+00:00","dateModified":"2025-12-11T20:29:31+00:00","breadcrumb":{"@id":"https:\/\/www.cryobiosystem.com\/es\/certificados-de-calidad\/#breadcrumb"},"inLanguage":"es","potentialAction":[{"@type":"ReadAction","target":["https:\/\/www.cryobiosystem.com\/es\/certificados-de-calidad\/"]}]},{"@type":"ImageObject","inLanguage":"es","@id":"https:\/\/www.cryobiosystem.com\/es\/certificados-de-calidad\/#primaryimage","url":"https:\/\/www.cryobiosystem.com\/wp-content\/uploads\/2025\/10\/02-CE-Certificate-MDD.webp","contentUrl":"https:\/\/www.cryobiosystem.com\/wp-content\/uploads\/2025\/10\/02-CE-Certificate-MDD.webp"},{"@type":"BreadcrumbList","@id":"https:\/\/www.cryobiosystem.com\/es\/certificados-de-calidad\/#breadcrumb","itemListElement":[{"@type":"ListItem","position":1,"name":"Accueil","item":"https:\/\/www.cryobiosystem.com\/es\/"},{"@type":"ListItem","position":2,"name":"Certificados de calidad"}]},{"@type":"WebSite","@id":"https:\/\/www.cryobiosystem.com\/es\/#website","url":"https:\/\/www.cryobiosystem.com\/es\/","name":"Cryo Bio System 2025","description":"Cryo Bio System propose une technologie de pr\u00e9servation cryog\u00e9nique \u00e0 la pointe, garantissant la viabilit\u00e9 \u00e0 long terme des \u00e9chantillons biologiques.","publisher":{"@id":"https:\/\/www.cryobiosystem.com\/es\/#organization"},"potentialAction":[{"@type":"SearchAction","target":{"@type":"EntryPoint","urlTemplate":"https:\/\/www.cryobiosystem.com\/es\/?s={search_term_string}"},"query-input":{"@type":"PropertyValueSpecification","valueRequired":true,"valueName":"search_term_string"}}],"inLanguage":"es"},{"@type":"Organization","@id":"https:\/\/www.cryobiosystem.com\/es\/#organization","name":"Cryo Bio System 2025","url":"https:\/\/www.cryobiosystem.com\/es\/","logo":{"@type":"ImageObject","inLanguage":"es","@id":"https:\/\/www.cryobiosystem.com\/es\/#\/schema\/logo\/image\/","url":"https:\/\/www.cryobiosystem.com\/wp-content\/uploads\/2025\/10\/logo-cbs.webp","contentUrl":"https:\/\/www.cryobiosystem.com\/wp-content\/uploads\/2025\/10\/logo-cbs.webp","width":310,"height":88,"caption":"Cryo Bio System 2025"},"image":{"@id":"https:\/\/www.cryobiosystem.com\/es\/#\/schema\/logo\/image\/"}}]}},"_links":{"self":[{"href":"https:\/\/www.cryobiosystem.com\/es\/wp-json\/wp\/v2\/pages\/8400","targetHints":{"allow":["GET"]}}],"collection":[{"href":"https:\/\/www.cryobiosystem.com\/es\/wp-json\/wp\/v2\/pages"}],"about":[{"href":"https:\/\/www.cryobiosystem.com\/es\/wp-json\/wp\/v2\/types\/page"}],"author":[{"embeddable":true,"href":"https:\/\/www.cryobiosystem.com\/es\/wp-json\/wp\/v2\/users\/1"}],"replies":[{"embeddable":true,"href":"https:\/\/www.cryobiosystem.com\/es\/wp-json\/wp\/v2\/comments?post=8400"}],"version-history":[{"count":4,"href":"https:\/\/www.cryobiosystem.com\/es\/wp-json\/wp\/v2\/pages\/8400\/revisions"}],"predecessor-version":[{"id":8909,"href":"https:\/\/www.cryobiosystem.com\/es\/wp-json\/wp\/v2\/pages\/8400\/revisions\/8909"}],"wp:attachment":[{"href":"https:\/\/www.cryobiosystem.com\/es\/wp-json\/wp\/v2\/media?parent=8400"}],"curies":[{"name":"wp","href":"https:\/\/api.w.org\/{rel}","templated":true}]}}