{"id":8261,"date":"2025-11-09T01:14:16","date_gmt":"2025-11-09T00:14:16","guid":{"rendered":"https:\/\/www.cryobiosystem.com\/aviso-legal\/"},"modified":"2026-01-28T22:15:14","modified_gmt":"2026-01-28T21:15:14","slug":"aviso-legal","status":"publish","type":"page","link":"https:\/\/www.cryobiosystem.com\/es\/aviso-legal\/","title":{"rendered":"Aviso legal"},"content":{"rendered":"\t\t<div data-elementor-type=\"wp-page\" data-elementor-id=\"8261\" class=\"elementor elementor-8261 elementor-6148\" data-elementor-post-type=\"page\">\n\t\t\t\t<div class=\"elementor-element elementor-element-a96316e e-flex e-con-boxed e-con e-parent\" data-id=\"a96316e\" data-element_type=\"container\" data-e-type=\"container\">\n\t\t\t\t\t<div class=\"e-con-inner\">\n\t\t\t\t<div class=\"elementor-element elementor-element-e508088 elementor-widget elementor-widget-text-editor\" data-id=\"e508088\" data-element_type=\"widget\" data-e-type=\"widget\" data-widget_type=\"text-editor.default\">\n\t\t\t\t\t\t\t\t\t<h1 class=\"h1-cgv\">Aviso legal<\/h1><h2 class=\"h2-cgv\"><br>Publicaci\u00f3n del sitio<\/h2><p>Cryo Bio System, sociedad an\u00f3nima simplificada, registrada con el n\u00famero SIREN 342246840 y con domicilio social en SAINT-OUEN-SUR-ITON (61300), L&#8217;Aigle, Francia.<\/p><ul><li>Capital social: 76 250 \u20ac<\/li><li>RCS : Alencon <\/li><li>SIRET : 342 246 840 00058<\/li><li>N\u00famero de IVA intracomunitario: FR 91 242 246 840<\/li><li>Tel. : +33 (0)2.33.34.64.64<\/li><li>E-mail : contact@cryobiosystem-imv.com<\/li><li>Cr\u00e9ditos fotogr\u00e1ficos: Cryo Bio System<\/li><\/ul><h2 class=\"h2-cgv\"><br>Dise\u00f1o\/ Creaci\u00f3n del sitio<\/h2><p>El sitio Cryo Bio System es editado por Emmanuel Bay, ejerciendo bajo el nombre comercial &#8220;design.wEB&#8221;.<\/p><ul><li data-start=\"394\" data-end=\"454\">Raz\u00f3n social: Emmanuel BAY<\/li><li data-start=\"394\" data-end=\"454\">SIREN : 899 070 189<\/li><li data-start=\"394\" data-end=\"454\">SIRET : 899 070 189 00019<\/li><li data-start=\"394\" data-end=\"454\">Direcci\u00f3n : 15 rue des Charrons 37300 JOU\u00c9-L\u00c8S-TOURS<\/li><li data-start=\"394\" data-end=\"454\">E-mail : contact@designweb-creation.com<\/li><li data-start=\"394\" data-end=\"454\">Tel\u00e9fono : 06.60.31.81.68<\/li><\/ul><h2 class=\"h2-cgv\"><br>Alojamiento<\/h2><p>El sitio Cryo Bio System est\u00e1 alojado por la agencia E+P:<\/p><ul><li>Raz\u00f3n social : Agencia E+P<\/li><li>SIREN : 881 855 159<\/li><li>Direcci\u00f3n : 26 rue Grignan 13001 MARSEILLE<\/li><li>Capital social : 5000\u20ac<\/li><li>N\u00famero de IVA intracomunitario : FR02881855159<\/li><\/ul><h2 class=\"h2-cgv\">Art\u00edculos<\/h2><h3 class=\"h3-cgv\">Respeto de la privacidad y los datos personales<\/h3><p>Los datos se recogen con la \u00fanica finalidad de establecer una relaci\u00f3n comercial y profesional con los clientes.<\/p><p>Cryo Bio System conservar\u00e1 los datos personales durante un per\u00edodo razonable.<\/p><p>Si la persona no proporciona toda la informaci\u00f3n solicitada en los campos obligatorios de los formularios del Sitio (*Campos obligatorios), no podr\u00e1 validar el formulario y por lo tanto no podr\u00e1 ponerse en contacto con Cryo Bio System.<\/p><p>El derecho de acceso y rectificaci\u00f3n previsto en los art\u00edculos 34 y siguientes de la citada ley se ejerce por correo a la direcci\u00f3n: Cryo Bio System &#8211; ZI n\u00b01 Est &#8211; 61300 Saint Ouen Sur Iton &#8211; France<\/p><h3 class=\"h3-cgv\">Aviso de seguridad<\/h3><p>Para garantizar su seguridad y el acceso de todos, este sitio web utiliza software para monitorear el tr\u00e1fico en el sitio, para identificar intentos no autorizados de conectarse o cambiar informaci\u00f3n, o cualquier otra iniciativa que pueda causar m\u00e1s da\u00f1os.<\/p><p>Los intentos no autorizados de cargar o alterar informaci\u00f3n, los intentos de causar da\u00f1os y, en general, cualquier acci\u00f3n que comprometa la disponibilidad e integridad de este Sitio est\u00e1n estrictamente prohibidos y ser\u00e1n sancionados por el c\u00f3digo penal. El art\u00edculo 323-1 del c\u00f3digo penal estipula que el acceso o la permanencia fraudulenta en la totalidad o parte de un sistema automatizado de tratamiento de datos (como un sitio web) se castiga con dos a\u00f1os de prisi\u00f3n y una multa de 30.000 \u20ac. <\/p><p>El art\u00edculo 323-3 del mismo c\u00f3digo prev\u00e9 que el hecho de introducir fraudulentamente datos en un sistema de tratamiento automatizado o de suprimir o modificar fraudulentamente los datos que contiene es castigado con cinco a\u00f1os de prisi\u00f3n y una multa de 75.000 euros.<\/p><h3 class=\"h3-cgv\">Propiedad intelectual<\/h3><p>Todo el contenido de Cryo Bio System creado en el Sitio, incluidos, entre otros, texto, software, dibujos t\u00e9cnicos, configuraciones, gr\u00e1ficos y otros archivos, as\u00ed como su selecci\u00f3n, dise\u00f1o y disposici\u00f3n (el &#8220;Contenido&#8221;), pertenece a Cryo Bio System o a cualquier propietario que haya obtenido autorizaci\u00f3n de Cryo Bio System.<\/p><p>El Contenido no puede modificarse, copiarse, distribuirse, reutilizarse, reproducirse, republicarse, descargarse, mostrarse, transmitirse ni venderse, en ninguna forma, en su totalidad o en parte, sin el permiso previo y expreso por escrito de Cryo Bio System, excepto para descargar e imprimir el Contenido, en su totalidad o en parte, para usos que no sean (i) en competencia con, o (ii) perjudiciales para, Cryo Bio System, siempre que usted acepte mantener todos los derechos de autor u otros derechos de propiedad intactos.  <\/p><p>Tenga en cuenta que este consentimiento es estrictamente limitado, puede revocarse en cualquier momento y no incluye el derecho a volver a publicar o comercializar el Contenido, total o parcialmente, en cualquier otro Internet, Intranet o Extranet, ni a incorporar el Contenido, total o parcialmente, en cualquier otra base de datos o compilaci\u00f3n o en cualquier otro trabajo que pueda publicarse o comercializarse comercialmente.<\/p><p>Cualquier uso del Contenido distinto al autorizado anteriormente queda estrictamente prohibido.<\/p><p>Tambi\u00e9n acepta cumplir las disposiciones del C\u00f3digo de Propiedad Intelectual franc\u00e9s, en particular las disposiciones relativas a los derechos de los productores de bases de datos.<\/p><h3 class=\"h3-cgv\">Marcas<\/h3><p>Todas las marcas comerciales que se muestran en el Sitio son nombres comerciales o marcas comerciales que pertenecen a Cryo Bio System, sus afiliados y no pueden reproducirse, imitarse ni utilizarse, total o parcialmente, sin el permiso previo por escrito de Cryo Bio System o sus afiliados.<\/p><p>Todos los encabezados, elementos gr\u00e1ficos, \u00edconos y logotipos son marcas comerciales de Cryo Bio System o sus afiliados y no pueden reproducirse, imitarse ni utilizarse, total o parcialmente, sin el permiso previo por escrito de Cryo Bio System o sus afiliados.<\/p><p>Otras marcas comerciales, marcas registradas, nombres de productos y nombres de empresas y\/o logotipos que aparecen en el Sitio son propiedad de sus respectivos due\u00f1os.<\/p><h3 class=\"h3-cgv\">Patentes<\/h3><p>Los productos y procesos de Cryo Bio System mencionados o mostrados en el Sitio est\u00e1n protegidos por una o m\u00e1s patentes y\/o est\u00e1n sujetos a secretos comerciales y\/u otros derechos de propiedad. Cryo Bio System se reserva todos estos derechos. <\/p><p>Ni las Condiciones de Uso ni ninguna otra estipulaci\u00f3n del Sitio implican ninguna transferencia ni concesi\u00f3n de derechos sobre estas patentes, impl\u00edcita ni impl\u00edcitamente. Usted se compromete a no infringir ninguno de los derechos mencionados anteriormente. <\/p><h3 class=\"h3-cgv\">Software<\/h3><p>Todo el software, incluidos los archivos, las im\u00e1genes generadas por software, el c\u00f3digo, la fuente y el destino, y los datos del software que lo acompa\u00f1an (colectivamente, el &#8220;<strong>Software<\/strong>&#8220;), utilizado o al que se acceda a trav\u00e9s de este Sitio, puede ser utilizado por usted \u00fanicamente para acceder y utilizar este Sitio para los fines y bajo las condiciones expresamente establecidas en este Sitio, siempre que dichos usos no sean competitivos ni perjudiciales para Cryo Bio System.<\/p><p>Cryo Bio System conserva la plena propiedad de todos los derechos de propiedad intelectual del Software. Usted se compromete a no copiar, distribuir, vender, modificar ni crear obras derivadas de ninguna parte del Software, ni a descompilarlo, aplicar ingenier\u00eda inversa ni desensamblarlo, salvo lo dispuesto en el Art\u00edculo L. 122-6-1 IV del C\u00f3digo de la Propiedad Intelectual franc\u00e9s para fines de interoperabilidad. <\/p><h3 class=\"h3-cgv\">Contenido del sitio<\/h3><p>Cryo Bio System no puede garantizar que la informaci\u00f3n contenida en este sitio sea exacta, actualizada o completa. Cryo Bio System no puede ser considerado responsable de cualquier da\u00f1o directo o indirecto resultante de una informaci\u00f3n mal utilizada y\/o que se hubiera revelado inexacta o incompleta. <\/p><p>Cryo Bio System se reserva el derecho de modificar o corregir el Contenido del Sitio en cualquier momento sin previo aviso.<\/p><h3 class=\"h3-cgv\">Disponibilidad del sitio<\/h3><p>Cryo Bio System se compromete a garantizar la accesibilidad de su Sitio. Sin embargo, Cryo Bio System declina toda responsabilidad en caso de indisponibilidad o dificultad para acceder al Sitio, independientemente de la causa. <\/p><h3 class=\"h3-cgv\">Cookies<\/h3><p>Este sitio web utiliza cookies. Estos archivos, que se almacenan en su ordenador durante 7 d\u00edas, nos ayudan a facilitarle el acceso a nuestros servicios. En concreto, le informan si navega por este sitio con Internet Explorer 6 y le recomiendan que actualice su navegador para mejorar su experiencia de navegaci\u00f3n.  <\/p><p>Las cookies del Sitio no contienen informaci\u00f3n personal identificable y est\u00e1n dise\u00f1adas para ser utilizadas exclusivamente por Cryo Bio System. Tenga en cuenta que puede evitar que estas cookies se almacenen configurando su navegador; encontrar\u00e1 instrucciones detalladas en el sitio web <a href=\"https:\/\/www.cnil.fr\/\" target=\"_blank\" rel=\"noopener noreferrer\">http:\/\/www.cnil.fr<\/a>. <\/p><h3 class=\"h3-cgv\">Enlaces a otros sitios<\/h3><p>Cryo Bio System proporciona enlaces a sitios web de terceros en su sitio web cryobioystem.com.<br>Cryo Bio System no se responsabiliza del contenido de estos sitios web ni del uso que los usuarios puedan hacer de ellos.<\/p><h3 class=\"h3-cgv\">Exenci\u00f3n<\/h3><p>El Sitio y el Contenido disponible a trav\u00e9s de \u00e9l se proporcionan &#8220;tal cual&#8221;.<\/p><p>Cryo Bio System y sus empresas afiliadas renuncian a todas las garant\u00edas de cualquier tipo, expresas o impl\u00edcitas.<\/p><p>Usted acepta expresamente que el uso de este Sitio, incluyendo todo el Contenido, los datos o el software distribuido, descargado o a trav\u00e9s del Sitio, se realiza bajo su propio riesgo. Usted comprende y acepta que ser\u00e1 el \u00fanico responsable de cualquier da\u00f1o a su negocio, a su sistema inform\u00e1tico o de cualquier p\u00e9rdida de datos resultante de la descarga de dicho contenido, datos o software. <\/p><p>Usted reconoce que Cryo Bio System no tiene control alguno sobre la informaci\u00f3n, los productos ni los servicios ofrecidos por terceros a trav\u00e9s del Sitio. Salvo estipulaci\u00f3n escrita en contrario, Cryo Bio System y sus afiliados no asumen ninguna responsabilidad ni ofrecen garant\u00edas sobre la exactitud, puntualidad, idoneidad, fiabilidad o utilidad de ning\u00fan consejo, opini\u00f3n, declaraci\u00f3n u otro contenido, ni de ning\u00fan producto o servicio distribuido o puesto a disposici\u00f3n por terceros a trav\u00e9s del Sitio. <\/p><p>Cryo Bio System y sus afiliados no asumen ninguna responsabilidad por los da\u00f1os sufridos por un usuario, incluidos, entre otros, p\u00e9rdida de datos, fallas en la entrega de contenido o correo electr\u00f3nico, errores, mal funcionamiento, corrupci\u00f3n de archivos o interrupci\u00f3n del servicio causados \u200b\u200bpor la negligencia de Cryo Bio System y sus afiliados, sus proveedores o errores y\/u omisiones de un usuario.<\/p><h3 class=\"h3-cgv\">Limitaci\u00f3n de responsabilidad<\/h3><p>En ning\u00fan caso Cryo Bio System o cualquiera de sus afiliados ser\u00e1n responsables ante nadie por da\u00f1os de ning\u00fan tipo, ya sean directos, indirectos, especiales, incidentales (incluyendo pero no limitado a cualquier p\u00e9rdida de ganancias, interrupci\u00f3n de negocios, p\u00e9rdida de informaci\u00f3n o programas o cualquier otro dato en su sistema de informaci\u00f3n), que surja del uso o la imposibilidad de usar el Contenido, los documentos o las caracter\u00edsticas del Sitio o cualquier enlace a otro sitio web.<\/p><h3 class=\"h3-cgv\">Ley y jurisdicci\u00f3n aplicable<\/h3><p>Estas Condiciones de Uso se rigen por la legislaci\u00f3n francesa. El idioma de estas Condiciones de Uso es el franc\u00e9s. En caso de litigio, los tribunales franceses tendr\u00e1n jurisdicci\u00f3n exclusiva.  <\/p>\t\t\t\t\t\t\t\t<\/div>\n\t\t\t\t\t<\/div>\n\t\t\t\t<\/div>\n\t\t\t\t<\/div>\n\t\t","protected":false},"excerpt":{"rendered":"<p>Aviso legal Publicaci\u00f3n del sitio Cryo Bio System, sociedad an\u00f3nima simplificada, registrada con el n\u00famero SIREN 342246840 y con domicilio social en SAINT-OUEN-SUR-ITON (61300), L&#8217;Aigle, Francia. Capital social: 76 250 \u20ac RCS : Alencon SIRET : 342 246 840 00058 N\u00famero de IVA intracomunitario: FR 91 242 246 840 Tel. : +33 (0)2.33.34.64.64 E-mail : [&hellip;]<\/p>\n","protected":false},"author":1,"featured_media":0,"parent":0,"menu_order":0,"comment_status":"closed","ping_status":"closed","template":"","meta":{"_acf_changed":false,"footnotes":""},"class_list":["post-8261","page","type-page","status-publish","hentry"],"acf":[],"yoast_head":"<!-- This site is optimized with the Yoast SEO plugin v27.4 - https:\/\/yoast.com\/product\/yoast-seo-wordpress\/ -->\n<title>Informaci\u00f3n legal - Cryo Bio System<\/title>\n<meta name=\"description\" content=\"Consulte el aviso legal del sitio web de Cryo Bio System: informaci\u00f3n sobre el editor, el alojamiento, la propiedad intelectual y las condiciones de uso.\" \/>\n<meta name=\"robots\" content=\"index, follow, max-snippet:-1, max-image-preview:large, max-video-preview:-1\" \/>\n<link rel=\"canonical\" href=\"https:\/\/www.cryobiosystem.com\/es\/aviso-legal\/\" \/>\n<meta property=\"og:locale\" content=\"es_ES\" \/>\n<meta property=\"og:type\" content=\"article\" \/>\n<meta property=\"og:title\" content=\"Informaci\u00f3n legal - Cryo Bio System\" \/>\n<meta property=\"og:description\" content=\"Consulte el aviso legal del sitio web de Cryo Bio System: informaci\u00f3n sobre el editor, el alojamiento, la propiedad intelectual y las condiciones de uso.\" \/>\n<meta property=\"og:url\" content=\"https:\/\/www.cryobiosystem.com\/es\/aviso-legal\/\" \/>\n<meta property=\"og:site_name\" content=\"Cryo Bio System 2025\" \/>\n<meta property=\"article:modified_time\" content=\"2026-01-28T21:15:14+00:00\" \/>\n<meta name=\"twitter:card\" content=\"summary_large_image\" \/>\n<meta name=\"twitter:label1\" content=\"Tiempo de lectura\" \/>\n\t<meta name=\"twitter:data1\" content=\"8 minutos\" \/>\n<script type=\"application\/ld+json\" class=\"yoast-schema-graph\">{\"@context\":\"https:\\\/\\\/schema.org\",\"@graph\":[{\"@type\":\"WebPage\",\"@id\":\"https:\\\/\\\/www.cryobiosystem.com\\\/es\\\/aviso-legal\\\/\",\"url\":\"https:\\\/\\\/www.cryobiosystem.com\\\/es\\\/aviso-legal\\\/\",\"name\":\"Informaci\u00f3n legal - Cryo Bio System\",\"isPartOf\":{\"@id\":\"https:\\\/\\\/www.cryobiosystem.com\\\/es\\\/#website\"},\"datePublished\":\"2025-11-09T00:14:16+00:00\",\"dateModified\":\"2026-01-28T21:15:14+00:00\",\"description\":\"Consulte el aviso legal del sitio web de Cryo Bio System: informaci\u00f3n sobre el editor, el alojamiento, la propiedad intelectual y las condiciones de uso.\",\"breadcrumb\":{\"@id\":\"https:\\\/\\\/www.cryobiosystem.com\\\/es\\\/aviso-legal\\\/#breadcrumb\"},\"inLanguage\":\"es\",\"potentialAction\":[{\"@type\":\"ReadAction\",\"target\":[\"https:\\\/\\\/www.cryobiosystem.com\\\/es\\\/aviso-legal\\\/\"]}]},{\"@type\":\"BreadcrumbList\",\"@id\":\"https:\\\/\\\/www.cryobiosystem.com\\\/es\\\/aviso-legal\\\/#breadcrumb\",\"itemListElement\":[{\"@type\":\"ListItem\",\"position\":1,\"name\":\"Accueil\",\"item\":\"https:\\\/\\\/www.cryobiosystem.com\\\/es\\\/\"},{\"@type\":\"ListItem\",\"position\":2,\"name\":\"Aviso legal\"}]},{\"@type\":\"WebSite\",\"@id\":\"https:\\\/\\\/www.cryobiosystem.com\\\/es\\\/#website\",\"url\":\"https:\\\/\\\/www.cryobiosystem.com\\\/es\\\/\",\"name\":\"Cryo Bio System 2025\",\"description\":\"Cryo Bio System propose une technologie de pr\u00e9servation cryog\u00e9nique \u00e0 la pointe, garantissant la viabilit\u00e9 \u00e0 long terme des \u00e9chantillons biologiques.\",\"publisher\":{\"@id\":\"https:\\\/\\\/www.cryobiosystem.com\\\/es\\\/#organization\"},\"potentialAction\":[{\"@type\":\"SearchAction\",\"target\":{\"@type\":\"EntryPoint\",\"urlTemplate\":\"https:\\\/\\\/www.cryobiosystem.com\\\/es\\\/?s={search_term_string}\"},\"query-input\":{\"@type\":\"PropertyValueSpecification\",\"valueRequired\":true,\"valueName\":\"search_term_string\"}}],\"inLanguage\":\"es\"},{\"@type\":\"Organization\",\"@id\":\"https:\\\/\\\/www.cryobiosystem.com\\\/es\\\/#organization\",\"name\":\"Cryo Bio System 2025\",\"url\":\"https:\\\/\\\/www.cryobiosystem.com\\\/es\\\/\",\"logo\":{\"@type\":\"ImageObject\",\"inLanguage\":\"es\",\"@id\":\"https:\\\/\\\/www.cryobiosystem.com\\\/es\\\/#\\\/schema\\\/logo\\\/image\\\/\",\"url\":\"https:\\\/\\\/www.cryobiosystem.com\\\/wp-content\\\/uploads\\\/2025\\\/10\\\/logo-cbs.webp\",\"contentUrl\":\"https:\\\/\\\/www.cryobiosystem.com\\\/wp-content\\\/uploads\\\/2025\\\/10\\\/logo-cbs.webp\",\"width\":310,\"height\":88,\"caption\":\"Cryo Bio System 2025\"},\"image\":{\"@id\":\"https:\\\/\\\/www.cryobiosystem.com\\\/es\\\/#\\\/schema\\\/logo\\\/image\\\/\"}}]}<\/script>\n<!-- \/ Yoast SEO plugin. -->","yoast_head_json":{"title":"Informaci\u00f3n legal - Cryo Bio System","description":"Consulte el aviso legal del sitio web de Cryo Bio System: informaci\u00f3n sobre el editor, el alojamiento, la propiedad intelectual y las condiciones de uso.","robots":{"index":"index","follow":"follow","max-snippet":"max-snippet:-1","max-image-preview":"max-image-preview:large","max-video-preview":"max-video-preview:-1"},"canonical":"https:\/\/www.cryobiosystem.com\/es\/aviso-legal\/","og_locale":"es_ES","og_type":"article","og_title":"Informaci\u00f3n legal - Cryo Bio System","og_description":"Consulte el aviso legal del sitio web de Cryo Bio System: informaci\u00f3n sobre el editor, el alojamiento, la propiedad intelectual y las condiciones de uso.","og_url":"https:\/\/www.cryobiosystem.com\/es\/aviso-legal\/","og_site_name":"Cryo Bio System 2025","article_modified_time":"2026-01-28T21:15:14+00:00","twitter_card":"summary_large_image","twitter_misc":{"Tiempo de lectura":"8 minutos"},"schema":{"@context":"https:\/\/schema.org","@graph":[{"@type":"WebPage","@id":"https:\/\/www.cryobiosystem.com\/es\/aviso-legal\/","url":"https:\/\/www.cryobiosystem.com\/es\/aviso-legal\/","name":"Informaci\u00f3n legal - Cryo Bio System","isPartOf":{"@id":"https:\/\/www.cryobiosystem.com\/es\/#website"},"datePublished":"2025-11-09T00:14:16+00:00","dateModified":"2026-01-28T21:15:14+00:00","description":"Consulte el aviso legal del sitio web de Cryo Bio System: informaci\u00f3n sobre el editor, el alojamiento, la propiedad intelectual y las condiciones de uso.","breadcrumb":{"@id":"https:\/\/www.cryobiosystem.com\/es\/aviso-legal\/#breadcrumb"},"inLanguage":"es","potentialAction":[{"@type":"ReadAction","target":["https:\/\/www.cryobiosystem.com\/es\/aviso-legal\/"]}]},{"@type":"BreadcrumbList","@id":"https:\/\/www.cryobiosystem.com\/es\/aviso-legal\/#breadcrumb","itemListElement":[{"@type":"ListItem","position":1,"name":"Accueil","item":"https:\/\/www.cryobiosystem.com\/es\/"},{"@type":"ListItem","position":2,"name":"Aviso legal"}]},{"@type":"WebSite","@id":"https:\/\/www.cryobiosystem.com\/es\/#website","url":"https:\/\/www.cryobiosystem.com\/es\/","name":"Cryo Bio System 2025","description":"Cryo Bio System propose une technologie de pr\u00e9servation cryog\u00e9nique \u00e0 la pointe, garantissant la viabilit\u00e9 \u00e0 long terme des \u00e9chantillons biologiques.","publisher":{"@id":"https:\/\/www.cryobiosystem.com\/es\/#organization"},"potentialAction":[{"@type":"SearchAction","target":{"@type":"EntryPoint","urlTemplate":"https:\/\/www.cryobiosystem.com\/es\/?s={search_term_string}"},"query-input":{"@type":"PropertyValueSpecification","valueRequired":true,"valueName":"search_term_string"}}],"inLanguage":"es"},{"@type":"Organization","@id":"https:\/\/www.cryobiosystem.com\/es\/#organization","name":"Cryo Bio System 2025","url":"https:\/\/www.cryobiosystem.com\/es\/","logo":{"@type":"ImageObject","inLanguage":"es","@id":"https:\/\/www.cryobiosystem.com\/es\/#\/schema\/logo\/image\/","url":"https:\/\/www.cryobiosystem.com\/wp-content\/uploads\/2025\/10\/logo-cbs.webp","contentUrl":"https:\/\/www.cryobiosystem.com\/wp-content\/uploads\/2025\/10\/logo-cbs.webp","width":310,"height":88,"caption":"Cryo Bio System 2025"},"image":{"@id":"https:\/\/www.cryobiosystem.com\/es\/#\/schema\/logo\/image\/"}}]}},"_links":{"self":[{"href":"https:\/\/www.cryobiosystem.com\/es\/wp-json\/wp\/v2\/pages\/8261","targetHints":{"allow":["GET"]}}],"collection":[{"href":"https:\/\/www.cryobiosystem.com\/es\/wp-json\/wp\/v2\/pages"}],"about":[{"href":"https:\/\/www.cryobiosystem.com\/es\/wp-json\/wp\/v2\/types\/page"}],"author":[{"embeddable":true,"href":"https:\/\/www.cryobiosystem.com\/es\/wp-json\/wp\/v2\/users\/1"}],"replies":[{"embeddable":true,"href":"https:\/\/www.cryobiosystem.com\/es\/wp-json\/wp\/v2\/comments?post=8261"}],"version-history":[{"count":5,"href":"https:\/\/www.cryobiosystem.com\/es\/wp-json\/wp\/v2\/pages\/8261\/revisions"}],"predecessor-version":[{"id":8861,"href":"https:\/\/www.cryobiosystem.com\/es\/wp-json\/wp\/v2\/pages\/8261\/revisions\/8861"}],"wp:attachment":[{"href":"https:\/\/www.cryobiosystem.com\/es\/wp-json\/wp\/v2\/media?parent=8261"}],"curies":[{"name":"wp","href":"https:\/\/api.w.org\/{rel}","templated":true}]}}