{"id":7638,"date":"2025-10-10T00:51:56","date_gmt":"2025-10-09T22:51:56","guid":{"rendered":"https:\/\/www.cryobiosystem.com\/formulario-de-notificacion-de-calidad\/"},"modified":"2026-01-27T00:05:52","modified_gmt":"2026-01-26T23:05:52","slug":"formulario-de-notificacion-de-calidad","status":"publish","type":"page","link":"https:\/\/www.cryobiosystem.com\/es\/formulario-de-notificacion-de-calidad\/","title":{"rendered":"Formulario de notificaci\u00f3n de calidad"},"content":{"rendered":"\t\t<div data-elementor-type=\"wp-page\" data-elementor-id=\"7638\" class=\"elementor elementor-7638 elementor-107\" data-elementor-post-type=\"page\">\n\t\t\t\t<div data-dce-background-overlay-color=\"#FFFFFF21\" data-dce-background-image-url=\"https:\/\/www.cryobiosystem.com\/wp-content\/uploads\/2025\/11\/banniere-contact.webp\" class=\"elementor-element elementor-element-247ee63 e-con-full e-flex e-con e-parent\" data-id=\"247ee63\" data-element_type=\"container\" data-e-type=\"container\" data-settings=\"{&quot;background_background&quot;:&quot;classic&quot;}\">\n\t\t<div class=\"elementor-element elementor-element-e2e9590 e-flex e-con-boxed e-con e-child\" data-id=\"e2e9590\" data-element_type=\"container\" data-e-type=\"container\">\n\t\t\t\t\t<div class=\"e-con-inner\">\n\t\t<div class=\"elementor-element elementor-element-a969c7e e-con-full e-flex e-con e-child\" data-id=\"a969c7e\" data-element_type=\"container\" data-e-type=\"container\">\n\t\t\t\t<div class=\"elementor-element elementor-element-52049dc elementor-widget elementor-widget-heading\" data-id=\"52049dc\" data-element_type=\"widget\" data-e-type=\"widget\" data-widget_type=\"heading.default\">\n\t\t\t\t\t<h1 class=\"elementor-heading-title elementor-size-default\">Notificaci\u00f3n de calidad<\/h1>\t\t\t\t<\/div>\n\t\t\t\t<div class=\"elementor-element elementor-element-97230a5 elementor-widget elementor-widget-text-editor\" data-id=\"97230a5\" data-element_type=\"widget\" data-e-type=\"widget\" data-widget_type=\"text-editor.default\">\n\t\t\t\t\t\t\t\t\t<p>Inicio \/ Cont\u00e1ctenos \/ Formulario de notificaci\u00f3n de calidad<\/p>\t\t\t\t\t\t\t\t<\/div>\n\t\t\t\t<div class=\"elementor-element elementor-element-a3e18f0 elementor-align-left elementor-widget elementor-widget-button\" data-id=\"a3e18f0\" data-element_type=\"widget\" data-e-type=\"widget\" data-widget_type=\"button.default\">\n\t\t\t\t\t\t\t\t\t\t<a class=\"elementor-button elementor-button-link elementor-size-sm\" href=\"https:\/\/www.cryobiosystem.com\/es\/productos\/\">\n\t\t\t\t\t\t<span class=\"elementor-button-content-wrapper\">\n\t\t\t\t\t\t\t\t\t<span class=\"elementor-button-text\">Todos nuestros productos<\/span>\n\t\t\t\t\t<\/span>\n\t\t\t\t\t<\/a>\n\t\t\t\t\t\t\t\t<\/div>\n\t\t\t\t<\/div>\n\t\t\t\t\t<\/div>\n\t\t\t\t<\/div>\n\t\t\t\t<\/div>\n\t\t<div class=\"elementor-element elementor-element-0f2065c e-flex e-con-boxed e-con e-parent\" data-id=\"0f2065c\" data-element_type=\"container\" data-e-type=\"container\">\n\t\t\t\t\t<div class=\"e-con-inner\">\n\t\t\t\t<div class=\"elementor-element elementor-element-7705b05 elementor-widget elementor-widget-text-editor\" data-id=\"7705b05\" data-element_type=\"widget\" data-e-type=\"widget\" data-widget_type=\"text-editor.default\">\n\t\t\t\t\t\t\t\t\t<p>Este formulario est\u00e1 dise\u00f1ado para ayudarle a registrar su reclamaci\u00f3n.<\/p>\t\t\t\t\t\t\t\t<\/div>\n\t\t<div class=\"elementor-element elementor-element-44db57c e-con-full e-flex e-con e-child\" data-id=\"44db57c\" data-element_type=\"container\" data-e-type=\"container\">\n\t\t\t\t<div class=\"elementor-element elementor-element-1deb09e elementor-button-align-stretch elementor-widget elementor-widget-form\" data-id=\"1deb09e\" data-element_type=\"widget\" data-e-type=\"widget\" data-settings=\"{&quot;step_next_label&quot;:&quot;Siguiente&quot;,&quot;step_previous_label&quot;:&quot;Anterior&quot;,&quot;button_width&quot;:&quot;100&quot;,&quot;step_type&quot;:&quot;number_text&quot;,&quot;step_icon_shape&quot;:&quot;circle&quot;}\" data-widget_type=\"form.default\">\n\t\t\t\t\t\t\t<form class=\"elementor-form\" method=\"post\" name=\"Nuevo formulario\" aria-label=\"Nuevo formulario\">\n\t\t\t<input type=\"hidden\" name=\"post_id\" value=\"7638\"\/>\n\t\t\t<input type=\"hidden\" name=\"form_id\" value=\"1deb09e\"\/>\n\t\t\t<input type=\"hidden\" name=\"referer_title\" value=\"Cryo Bio System 2025\" \/>\n\n\t\t\t\n\t\t\t<div class=\"elementor-form-fields-wrapper elementor-labels-above\">\n\t\t\t\t\t\t\t\t<div class=\"elementor-field-type-text elementor-field-group elementor-column elementor-field-group-nom elementor-col-50 elementor-md-100 elementor-field-required elementor-mark-required\">\n\t\t\t\t\t\t\t\t\t\t\t\t<label for=\"form-field-nom\" class=\"elementor-field-label\">\n\t\t\t\t\t\t\t\tNombre y apellido\t\t\t\t\t\t\t<\/label>\n\t\t\t\t\t\t\t\t\t\t\t\t\t\t<input size=\"1\" type=\"text\" name=\"form_fields[nom]\" id=\"form-field-nom\" class=\"elementor-field elementor-size-sm  elementor-field-textual\" placeholder=\"Su nombre y apellido\" required=\"required\">\n\t\t\t\t\t\t\t\t\t\t\t<\/div>\n\t\t\t\t\t\t\t\t<div class=\"elementor-field-type-text elementor-field-group elementor-column elementor-field-group-entreprise elementor-col-50 elementor-md-100 elementor-field-required elementor-mark-required\">\n\t\t\t\t\t\t\t\t\t\t\t\t<label for=\"form-field-entreprise\" class=\"elementor-field-label\">\n\t\t\t\t\t\t\t\tEmpresa\t\t\t\t\t\t\t<\/label>\n\t\t\t\t\t\t\t\t\t\t\t\t\t\t<input size=\"1\" type=\"text\" name=\"form_fields[entreprise]\" id=\"form-field-entreprise\" class=\"elementor-field elementor-size-sm  elementor-field-textual\" placeholder=\"Su empresa\" required=\"required\">\n\t\t\t\t\t\t\t\t\t\t\t<\/div>\n\t\t\t\t\t\t\t\t<div class=\"elementor-field-type-email elementor-field-group elementor-column elementor-field-group-email elementor-col-50 elementor-md-100 elementor-field-required elementor-mark-required\">\n\t\t\t\t\t\t\t\t\t\t\t\t<label for=\"form-field-email\" class=\"elementor-field-label\">\n\t\t\t\t\t\t\t\tE-mail\t\t\t\t\t\t\t<\/label>\n\t\t\t\t\t\t\t\t\t\t\t\t\t\t<input size=\"1\" type=\"email\" name=\"form_fields[email]\" id=\"form-field-email\" class=\"elementor-field elementor-size-sm  elementor-field-textual\" placeholder=\"Su e-mail\" required=\"required\">\n\t\t\t\t\t\t\t\t\t\t\t<\/div>\n\t\t\t\t\t\t\t\t<div class=\"elementor-field-type-text elementor-field-group elementor-column elementor-field-group-adresse elementor-col-50\">\n\t\t\t\t\t\t\t\t\t\t\t\t<label for=\"form-field-adresse\" class=\"elementor-field-label\">\n\t\t\t\t\t\t\t\tDirecci\u00f3n\t\t\t\t\t\t\t<\/label>\n\t\t\t\t\t\t\t\t\t\t\t\t\t\t<input size=\"1\" type=\"text\" name=\"form_fields[adresse]\" id=\"form-field-adresse\" class=\"elementor-field elementor-size-sm  elementor-field-textual\" placeholder=\"Su direcci\u00f3n\">\n\t\t\t\t\t\t\t\t\t\t\t<\/div>\n\t\t\t\t\t\t\t\t<div class=\"elementor-field-type-text elementor-field-group elementor-column elementor-field-group-ville elementor-col-50 elementor-field-required elementor-mark-required\">\n\t\t\t\t\t\t\t\t\t\t\t\t<label for=\"form-field-ville\" class=\"elementor-field-label\">\n\t\t\t\t\t\t\t\tCiudad\t\t\t\t\t\t\t<\/label>\n\t\t\t\t\t\t\t\t\t\t\t\t\t\t<input size=\"1\" type=\"text\" name=\"form_fields[ville]\" id=\"form-field-ville\" class=\"elementor-field elementor-size-sm  elementor-field-textual\" placeholder=\"Su ciudad\" required=\"required\">\n\t\t\t\t\t\t\t\t\t\t\t<\/div>\n\t\t\t\t\t\t\t\t<div class=\"elementor-field-type-text elementor-field-group elementor-column elementor-field-group-pays elementor-col-50 elementor-md-100 elementor-field-required elementor-mark-required\">\n\t\t\t\t\t\t\t\t\t\t\t\t<label for=\"form-field-pays\" class=\"elementor-field-label\">\n\t\t\t\t\t\t\t\tPa\u00eds\t\t\t\t\t\t\t<\/label>\n\t\t\t\t\t\t\t\t\t\t\t\t\t\t<input size=\"1\" type=\"text\" name=\"form_fields[pays]\" id=\"form-field-pays\" class=\"elementor-field elementor-size-sm  elementor-field-textual\" placeholder=\"Su pa\u00eds\" required=\"required\">\n\t\t\t\t\t\t\t\t\t\t\t<\/div>\n\t\t\t\t\t\t\t\t<div class=\"elementor-field-type-tel elementor-field-group elementor-column elementor-field-group-telephone elementor-col-50 elementor-md-100 elementor-field-required elementor-mark-required\">\n\t\t\t\t\t\t\t\t\t\t\t\t<label for=\"form-field-telephone\" class=\"elementor-field-label\">\n\t\t\t\t\t\t\t\tTel\u00e9fono\t\t\t\t\t\t\t<\/label>\n\t\t\t\t\t\t\t\t<input size=\"1\" type=\"tel\" name=\"form_fields[telephone]\" id=\"form-field-telephone\" class=\"elementor-field elementor-size-sm  elementor-field-textual\" placeholder=\"Su n\u00famero de tel\u00e9fono\" required=\"required\" pattern=\"[0-9()#&amp;+*-=.]+\" title=\"Solo se aceptan n\u00fameros y caracteres de tel\u00e9fono (#,-,*,etc).\">\n\n\t\t\t\t\t\t<\/div>\n\t\t\t\t\t\t\t\t<div class=\"elementor-field-type-select elementor-field-group elementor-column elementor-field-group-cause elementor-col-50 elementor-field-required elementor-mark-required\">\n\t\t\t\t\t\t\t\t\t\t\t\t<label for=\"form-field-cause\" class=\"elementor-field-label\">\n\t\t\t\t\t\t\t\tCausa del problema\t\t\t\t\t\t\t<\/label>\n\t\t\t\t\t\t\t\t<div class=\"elementor-field elementor-select-wrapper remove-before \">\n\t\t\t<div class=\"select-caret-down-wrapper\">\n\t\t\t\t<svg aria-hidden=\"true\" class=\"e-font-icon-svg e-eicon-caret-down\" viewBox=\"0 0 571.4 571.4\" xmlns=\"http:\/\/www.w3.org\/2000\/svg\"><path d=\"M571 393Q571 407 561 418L311 668Q300 679 286 679T261 668L11 418Q0 407 0 393T11 368 36 357H536Q550 357 561 368T571 393Z\"><\/path><\/svg>\t\t\t<\/div>\n\t\t\t<select name=\"form_fields[cause]\" id=\"form-field-cause\" class=\"elementor-field-textual elementor-size-sm\" required=\"required\">\n\t\t\t\t\t\t\t\t\t<option value=\" Producto no recibido\">Producto no recibido <\/option>\n\t\t\t\t\t\t\t\t\t<option value=\" Env\u00edo tarde\">Env\u00edo tarde <\/option>\n\t\t\t\t\t\t\t\t\t<option value=\" Error de referencia \">Error de referencia <\/option>\n\t\t\t\t\t\t\t\t\t<option value=\" Deterioro del paquete durante el transporte\">Deterioro del paquete durante el transporte <\/option>\n\t\t\t\t\t\t\t\t\t<option value=\" Producto defectuoso\">Producto defectuoso <\/option>\n\t\t\t\t\t\t\t\t\t<option value=\" Uso del producto\">Uso del producto <\/option>\n\t\t\t\t\t\t\t\t\t<option value=\" Otros\">Otros <\/option>\n\t\t\t\t\t\t\t<\/select>\n\t\t<\/div>\n\t\t\t\t\t\t<\/div>\n\t\t\t\t\t\t\t\t<div class=\"elementor-field-type-textarea elementor-field-group elementor-column elementor-field-group-demande elementor-col-100 elementor-md-100 elementor-field-required elementor-mark-required\">\n\t\t\t\t\t\t\t\t\t\t\t\t<label for=\"form-field-demande\" class=\"elementor-field-label\">\n\t\t\t\t\t\t\t\tDetalle su solicitud\t\t\t\t\t\t\t<\/label>\n\t\t\t\t\t\t<textarea class=\"elementor-field-textual elementor-field  elementor-size-sm\" name=\"form_fields[demande]\" id=\"form-field-demande\" rows=\"6\" placeholder=\"Escriba su mensaje\" required=\"required\"><\/textarea>\t\t\t\t<\/div>\n\t\t\t\t\t\t\t\t<div class=\"elementor-field-type-upload elementor-field-group elementor-column elementor-field-group-telechargement elementor-col-100 elementor-md-100\">\n\t\t\t\t\t\t\t\t\t\t\t\t<label for=\"form-field-telechargement\" class=\"elementor-field-label\">\n\t\t\t\t\t\t\t\tCarga de archivos (fotos y otros documentos)\t\t\t\t\t\t\t<\/label>\n\t\t\t\t\t\t\t\t<input type=\"file\" name=\"form_fields[telechargement][]\" id=\"form-field-telechargement\" class=\"elementor-field elementor-size-sm  elementor-upload-field\" multiple=\"multiple\">\n\n\t\t\t\t\t\t<\/div>\n\t\t\t\t\t\t\t\t<div class=\"elementor-field-type-textarea elementor-field-group elementor-column elementor-field-group-stockage elementor-col-100\">\n\t\t\t\t\t\t\t\t\t\t\t\t<label for=\"form-field-stockage\" class=\"elementor-field-label\">\n\t\t\t\t\t\t\t\tCondiciones de almacenamiento del producto, condiciones ambientales del equipo\t\t\t\t\t\t\t<\/label>\n\t\t\t\t\t\t<textarea class=\"elementor-field-textual elementor-field  elementor-size-sm\" name=\"form_fields[stockage]\" id=\"form-field-stockage\" rows=\"6\" placeholder=\"Escriba su mensaje\"><\/textarea>\t\t\t\t<\/div>\n\t\t\t\t\t\t\t\t<div class=\"elementor-field-type-text elementor-field-group elementor-column elementor-field-group-numero_commande elementor-col-50\">\n\t\t\t\t\t\t\t\t\t\t\t\t<label for=\"form-field-numero_commande\" class=\"elementor-field-label\">\n\t\t\t\t\t\t\t\tN\u00famero de pedido\t\t\t\t\t\t\t<\/label>\n\t\t\t\t\t\t\t\t\t\t\t\t\t\t<input size=\"1\" type=\"text\" name=\"form_fields[numero_commande]\" id=\"form-field-numero_commande\" class=\"elementor-field elementor-size-sm  elementor-field-textual\" placeholder=\"Su n\u00famero de pedido\">\n\t\t\t\t\t\t\t\t\t\t\t<\/div>\n\t\t\t\t\t\t\t\t<div class=\"elementor-field-type-date elementor-field-group elementor-column elementor-field-group-date_commande elementor-col-50\">\n\t\t\t\t\t\t\t\t\t\t\t\t<label for=\"form-field-date_commande\" class=\"elementor-field-label\">\n\t\t\t\t\t\t\t\tFecha del pedido\t\t\t\t\t\t\t<\/label>\n\t\t\t\t\t\t\n\t\t<input type=\"date\" name=\"form_fields[date_commande]\" id=\"form-field-date_commande\" class=\"elementor-field elementor-size-sm  elementor-field-textual elementor-date-field\" pattern=\"[0-9]{4}-[0-9]{2}-[0-9]{2}\">\n\t\t\t\t\t\t<\/div>\n\t\t\t\t\t\t\t\t<div class=\"elementor-field-type-text elementor-field-group elementor-column elementor-field-group-facture elementor-col-50\">\n\t\t\t\t\t\t\t\t\t\t\t\t<label for=\"form-field-facture\" class=\"elementor-field-label\">\n\t\t\t\t\t\t\t\tN\u00famero de factura\t\t\t\t\t\t\t<\/label>\n\t\t\t\t\t\t\t\t\t\t\t\t\t\t<input size=\"1\" type=\"text\" name=\"form_fields[facture]\" id=\"form-field-facture\" class=\"elementor-field elementor-size-sm  elementor-field-textual\" placeholder=\"Su n\u00famero de factura\">\n\t\t\t\t\t\t\t\t\t\t\t<\/div>\n\t\t\t\t\t\t\t\t<div class=\"elementor-field-type-text elementor-field-group elementor-column elementor-field-group-reference elementor-col-50 elementor-field-required elementor-mark-required\">\n\t\t\t\t\t\t\t\t\t\t\t\t<label for=\"form-field-reference\" class=\"elementor-field-label\">\n\t\t\t\t\t\t\t\tReferencia\t\t\t\t\t\t\t<\/label>\n\t\t\t\t\t\t\t\t\t\t\t\t\t\t<input size=\"1\" type=\"text\" name=\"form_fields[reference]\" id=\"form-field-reference\" class=\"elementor-field elementor-size-sm  elementor-field-textual\" placeholder=\"Complete la referencia del producto.\" required=\"required\">\n\t\t\t\t\t\t\t\t\t\t\t<\/div>\n\t\t\t\t\t\t\t\t<div class=\"elementor-field-type-recaptcha_v3 elementor-field-group elementor-column elementor-field-group-recaptcha elementor-col-100 recaptcha_v3-inline\">\n\t\t\t\t\t<div class=\"elementor-field\" id=\"form-field-recaptcha\"><div class=\"elementor-g-recaptcha\" data-sitekey=\"6LdRsgksAAAAAGtWwr519Vl0QC9qFYNxO8QSqwwX\" data-type=\"v3\" data-action=\"Form\" data-badge=\"inline\" data-size=\"invisible\"><\/div><\/div>\t\t\t\t<\/div>\n\t\t\t\t\t\t\t\t<div class=\"elementor-field-type-acceptance elementor-field-group elementor-column elementor-field-group-acceptation elementor-col-100 elementor-field-required elementor-mark-required\">\n\t\t\t\t\t\t\t<div class=\"elementor-field-subgroup\">\n\t\t\t<span class=\"elementor-field-option\">\n\t\t\t\t<input type=\"checkbox\" name=\"form_fields[acceptation]\" id=\"form-field-acceptation\" class=\"elementor-field elementor-size-sm  elementor-acceptance-field\" required=\"required\">\n\t\t\t\t<label for=\"form-field-acceptation\">Acepto que mis datos sean utilizados para tramitar mi solicitud.\nPara obtener m\u00e1s informaci\u00f3n sobre la gesti\u00f3n de sus datos personales, consulte nuestra Pol\u00edtica de privacidad.<\/label>\t\t\t<\/span>\n\t\t<\/div>\n\t\t\t\t\t\t<\/div>\n\t\t\t\t\t\t\t\t<div class=\"elementor-field-group elementor-column elementor-field-type-submit elementor-col-100 e-form__buttons\">\n\t\t\t\t\t<button class=\"elementor-button elementor-size-sm\" type=\"submit\">\n\t\t\t\t\t\t<span class=\"elementor-button-content-wrapper\">\n\t\t\t\t\t\t\t\t\t\t\t\t\t\t\t\t\t\t\t\t\t\t<span class=\"elementor-button-text\">Enviar<\/span>\n\t\t\t\t\t\t\t\t\t\t\t\t\t<\/span>\n\t\t\t\t\t<\/button>\n\t\t\t\t<\/div>\n\t\t\t<\/div>\n\t\t<\/form>\n\t\t\t\t\t\t<\/div>\n\t\t\t\t<\/div>\n\t\t\t\t\t<\/div>\n\t\t\t\t<\/div>\n\t\t\t\t<\/div>\n\t\t","protected":false},"excerpt":{"rendered":"<p>Notificaci\u00f3n de calidad Inicio \/ Cont\u00e1ctenos \/ Formulario de notificaci\u00f3n de calidad Todos nuestros productos Este formulario est\u00e1 dise\u00f1ado para ayudarle a registrar su reclamaci\u00f3n.<\/p>\n","protected":false},"author":1,"featured_media":7280,"parent":0,"menu_order":0,"comment_status":"closed","ping_status":"closed","template":"","meta":{"_acf_changed":false,"footnotes":""},"class_list":["post-7638","page","type-page","status-publish","has-post-thumbnail","hentry"],"acf":[],"yoast_head":"<!-- This site is optimized with the Yoast SEO plugin v27.3 - https:\/\/yoast.com\/product\/yoast-seo-wordpress\/ -->\n<title>Cryo Bio System 2025<\/title>\n<meta name=\"robots\" content=\"index, follow, max-snippet:-1, max-image-preview:large, max-video-preview:-1\" \/>\n<link rel=\"canonical\" href=\"\/\" \/>\n<meta property=\"og:locale\" content=\"es_ES\" \/>\n<meta property=\"og:type\" content=\"website\" \/>\n<meta property=\"og:site_name\" content=\"Cryo Bio System 2025\" \/>\n<meta name=\"twitter:card\" content=\"summary_large_image\" \/>\n<script type=\"application\/ld+json\" class=\"yoast-schema-graph\">{\"@context\":\"https:\\\/\\\/schema.org\",\"@graph\":[{\"@type\":\"WebSite\",\"@id\":\"https:\\\/\\\/www.cryobiosystem.com\\\/es\\\/#website\",\"url\":\"https:\\\/\\\/www.cryobiosystem.com\\\/es\\\/\",\"name\":\"Cryo Bio System 2025\",\"description\":\"Cryo Bio System propose une technologie de pr\u00e9servation cryog\u00e9nique \u00e0 la pointe, garantissant la viabilit\u00e9 \u00e0 long terme des \u00e9chantillons biologiques.\",\"publisher\":{\"@id\":\"https:\\\/\\\/www.cryobiosystem.com\\\/es\\\/#organization\"},\"potentialAction\":[{\"@type\":\"SearchAction\",\"target\":{\"@type\":\"EntryPoint\",\"urlTemplate\":\"https:\\\/\\\/www.cryobiosystem.com\\\/es\\\/?s={search_term_string}\"},\"query-input\":{\"@type\":\"PropertyValueSpecification\",\"valueRequired\":true,\"valueName\":\"search_term_string\"}}],\"inLanguage\":\"es\"},{\"@type\":\"Organization\",\"@id\":\"https:\\\/\\\/www.cryobiosystem.com\\\/es\\\/#organization\",\"name\":\"Cryo Bio System 2025\",\"url\":\"https:\\\/\\\/www.cryobiosystem.com\\\/es\\\/\",\"logo\":{\"@type\":\"ImageObject\",\"inLanguage\":\"es\",\"@id\":\"https:\\\/\\\/www.cryobiosystem.com\\\/es\\\/#\\\/schema\\\/logo\\\/image\\\/\",\"url\":\"https:\\\/\\\/www.cryobiosystem.com\\\/wp-content\\\/uploads\\\/2025\\\/10\\\/logo-cbs.webp\",\"contentUrl\":\"https:\\\/\\\/www.cryobiosystem.com\\\/wp-content\\\/uploads\\\/2025\\\/10\\\/logo-cbs.webp\",\"width\":310,\"height\":88,\"caption\":\"Cryo Bio System 2025\"},\"image\":{\"@id\":\"https:\\\/\\\/www.cryobiosystem.com\\\/es\\\/#\\\/schema\\\/logo\\\/image\\\/\"}}]}<\/script>\n<!-- \/ Yoast SEO plugin. -->","yoast_head_json":{"title":"Cryo Bio System 2025","robots":{"index":"index","follow":"follow","max-snippet":"max-snippet:-1","max-image-preview":"max-image-preview:large","max-video-preview":"max-video-preview:-1"},"canonical":"\/","og_locale":"es_ES","og_type":"website","og_site_name":"Cryo Bio System 2025","twitter_card":"summary_large_image","schema":{"@context":"https:\/\/schema.org","@graph":[{"@type":"WebSite","@id":"https:\/\/www.cryobiosystem.com\/es\/#website","url":"https:\/\/www.cryobiosystem.com\/es\/","name":"Cryo Bio System 2025","description":"Cryo Bio System propose une technologie de pr\u00e9servation cryog\u00e9nique \u00e0 la pointe, garantissant la viabilit\u00e9 \u00e0 long terme des \u00e9chantillons biologiques.","publisher":{"@id":"https:\/\/www.cryobiosystem.com\/es\/#organization"},"potentialAction":[{"@type":"SearchAction","target":{"@type":"EntryPoint","urlTemplate":"https:\/\/www.cryobiosystem.com\/es\/?s={search_term_string}"},"query-input":{"@type":"PropertyValueSpecification","valueRequired":true,"valueName":"search_term_string"}}],"inLanguage":"es"},{"@type":"Organization","@id":"https:\/\/www.cryobiosystem.com\/es\/#organization","name":"Cryo Bio System 2025","url":"https:\/\/www.cryobiosystem.com\/es\/","logo":{"@type":"ImageObject","inLanguage":"es","@id":"https:\/\/www.cryobiosystem.com\/es\/#\/schema\/logo\/image\/","url":"https:\/\/www.cryobiosystem.com\/wp-content\/uploads\/2025\/10\/logo-cbs.webp","contentUrl":"https:\/\/www.cryobiosystem.com\/wp-content\/uploads\/2025\/10\/logo-cbs.webp","width":310,"height":88,"caption":"Cryo Bio System 2025"},"image":{"@id":"https:\/\/www.cryobiosystem.com\/es\/#\/schema\/logo\/image\/"}}]}},"_links":{"self":[{"href":"https:\/\/www.cryobiosystem.com\/es\/wp-json\/wp\/v2\/pages\/7638","targetHints":{"allow":["GET"]}}],"collection":[{"href":"https:\/\/www.cryobiosystem.com\/es\/wp-json\/wp\/v2\/pages"}],"about":[{"href":"https:\/\/www.cryobiosystem.com\/es\/wp-json\/wp\/v2\/types\/page"}],"author":[{"embeddable":true,"href":"https:\/\/www.cryobiosystem.com\/es\/wp-json\/wp\/v2\/users\/1"}],"replies":[{"embeddable":true,"href":"https:\/\/www.cryobiosystem.com\/es\/wp-json\/wp\/v2\/comments?post=7638"}],"version-history":[{"count":16,"href":"https:\/\/www.cryobiosystem.com\/es\/wp-json\/wp\/v2\/pages\/7638\/revisions"}],"predecessor-version":[{"id":10001,"href":"https:\/\/www.cryobiosystem.com\/es\/wp-json\/wp\/v2\/pages\/7638\/revisions\/10001"}],"wp:featuredmedia":[{"embeddable":true,"href":"https:\/\/www.cryobiosystem.com\/es\/wp-json\/wp\/v2\/media\/7280"}],"wp:attachment":[{"href":"https:\/\/www.cryobiosystem.com\/es\/wp-json\/wp\/v2\/media?parent=7638"}],"curies":[{"name":"wp","href":"https:\/\/api.w.org\/{rel}","templated":true}]}}