{"id":7613,"date":"2025-10-10T00:50:46","date_gmt":"2025-10-09T22:50:46","guid":{"rendered":"https:\/\/www.cryobiosystem.com\/nuestras-noticias\/"},"modified":"2026-01-26T17:54:29","modified_gmt":"2026-01-26T16:54:29","slug":"noticias","status":"publish","type":"page","link":"https:\/\/www.cryobiosystem.com\/es\/noticias\/","title":{"rendered":"Nuestras noticias"},"content":{"rendered":"\t\t<div data-elementor-type=\"wp-page\" data-elementor-id=\"7613\" class=\"elementor elementor-7613 elementor-103\" data-elementor-post-type=\"page\">\n\t\t\t\t<div data-dce-background-overlay-color=\"#FFFFFF21\" data-dce-background-image-url=\"https:\/\/www.cryobiosystem.com\/wp-content\/uploads\/2025\/10\/banniere-actus.webp\" class=\"elementor-element elementor-element-c03b22e e-con-full e-flex e-con e-parent\" data-id=\"c03b22e\" data-element_type=\"container\" data-e-type=\"container\" data-settings=\"{&quot;background_background&quot;:&quot;classic&quot;}\">\n\t\t<div class=\"elementor-element elementor-element-2ae44d0 e-flex e-con-boxed e-con e-child\" data-id=\"2ae44d0\" data-element_type=\"container\" data-e-type=\"container\">\n\t\t\t\t\t<div class=\"e-con-inner\">\n\t\t<div class=\"elementor-element elementor-element-dc0b0b8 e-con-full e-flex e-con e-child\" data-id=\"dc0b0b8\" data-element_type=\"container\" data-e-type=\"container\">\n\t\t\t\t<div class=\"elementor-element elementor-element-2b3fc35 elementor-widget elementor-widget-heading\" data-id=\"2b3fc35\" data-element_type=\"widget\" data-e-type=\"widget\" data-widget_type=\"heading.default\">\n\t\t\t\t\t<h1 class=\"elementor-heading-title elementor-size-default\">Nuestras noticias<\/h1>\t\t\t\t<\/div>\n\t\t\t\t<div class=\"elementor-element elementor-element-15e58f2 elementor-widget elementor-widget-text-editor\" data-id=\"15e58f2\" data-element_type=\"widget\" data-e-type=\"widget\" data-widget_type=\"text-editor.default\">\n\t\t\t\t\t\t\t\t\t<p>Inicio \/ Nuestras noticias<\/p>\t\t\t\t\t\t\t\t<\/div>\n\t\t\t\t<div class=\"elementor-element elementor-element-97e349e elementor-align-left elementor-widget elementor-widget-button\" data-id=\"97e349e\" data-element_type=\"widget\" data-e-type=\"widget\" data-widget_type=\"button.default\">\n\t\t\t\t\t\t\t\t\t\t<a class=\"elementor-button elementor-button-link elementor-size-sm\" href=\"https:\/\/www.cryobiosystem.com\/es\/contacto\/\">\n\t\t\t\t\t\t<span class=\"elementor-button-content-wrapper\">\n\t\t\t\t\t\t\t\t\t<span class=\"elementor-button-text\">Cont\u00e1ctenos<\/span>\n\t\t\t\t\t<\/span>\n\t\t\t\t\t<\/a>\n\t\t\t\t\t\t\t\t<\/div>\n\t\t\t\t<\/div>\n\t\t\t\t\t<\/div>\n\t\t\t\t<\/div>\n\t\t\t\t<\/div>\n\t\t<div class=\"elementor-element elementor-element-78055c4 e-flex e-con-boxed e-con e-parent\" data-id=\"78055c4\" data-element_type=\"container\" data-e-type=\"container\">\n\t\t\t\t\t<div class=\"e-con-inner\">\n\t\t\t\t<div class=\"elementor-element elementor-element-decf392 elementor-widget elementor-widget-heading\" data-id=\"decf392\" data-element_type=\"widget\" data-e-type=\"widget\" data-widget_type=\"heading.default\">\n\t\t\t\t\t<h2 class=\"elementor-heading-title elementor-size-default\">Nuestros \u00faltimos noticias<\/h2>\t\t\t\t<\/div>\n\t\t\t\t<div class=\"elementor-element elementor-element-592d043 elementor-widget-divider--view-line elementor-widget elementor-widget-divider\" data-id=\"592d043\" data-element_type=\"widget\" data-e-type=\"widget\" data-widget_type=\"divider.default\">\n\t\t\t\t\t\t\t<div class=\"elementor-divider\">\n\t\t\t<span class=\"elementor-divider-separator\">\n\t\t\t\t\t\t<\/span>\n\t\t<\/div>\n\t\t\t\t\t\t<\/div>\n\t\t<div class=\"elementor-element elementor-element-d8f134a e-flex e-con-boxed e-con e-child\" data-id=\"d8f134a\" data-element_type=\"container\" data-e-type=\"container\">\n\t\t\t\t\t<div class=\"e-con-inner\">\n\t\t\t\t<div class=\"elementor-element elementor-element-2333609 premium-blog-align-center elementor-widget elementor-widget-premium-addon-blog\" data-id=\"2333609\" data-element_type=\"widget\" data-e-type=\"widget\" data-settings=\"{&quot;premium_blog_columns_number&quot;:&quot;33.33%&quot;,&quot;premium_blog_columns_number_mobile_extra&quot;:&quot;100%&quot;,&quot;premium_blog_grid&quot;:&quot;yes&quot;,&quot;premium_blog_layout&quot;:&quot;even&quot;,&quot;premium_blog_columns_number_tablet&quot;:&quot;50%&quot;,&quot;premium_blog_columns_number_mobile&quot;:&quot;100%&quot;,&quot;scroll_to_offset&quot;:&quot;yes&quot;}\" data-widget_type=\"premium-addon-blog.default\">\n\t\t\t\t\t\n\t\t\n\n\t\t\t\t<div class=\"premium-blog-wrap  premium-blog-even\" data-page=\"7613\">\n\t\t\t\t\t\t\t\t\t<div class=\"premium-blog-post-outer-container\" data-total=\"1\">\n\t\t\t<div class=\"premium-blog-post-container premium-blog-skin-cards\">\n\t\t\t\t\t\t\t\t\t<div class=\"premium-blog-thumb-effect-wrapper\">\n\t\t\t\t\t\t<div class=\"premium-blog-thumbnail-container premium-blog-zoomin-effect\">\n\t\t\t\t\t\t\t\t\t\t\t<a href=\"https:\/\/www.cryobiosystem.com\/es\/actualites\/cbs-digitcoool-alpha\/\" target=\"_self\">\n\t\t\t\t<img fetchpriority=\"high\" decoding=\"async\" width=\"470\" height=\"318\" src=\"https:\/\/www.cryobiosystem.com\/wp-content\/uploads\/2025\/10\/digitcool-alpha-cbs_1.webp\" class=\"attachment-full size-full wp-image-6888\" alt=\"\" srcset=\"https:\/\/www.cryobiosystem.com\/wp-content\/uploads\/2025\/10\/digitcool-alpha-cbs_1.webp 470w, https:\/\/www.cryobiosystem.com\/wp-content\/uploads\/2025\/10\/digitcool-alpha-cbs_1-300x203.webp 300w\" sizes=\"(max-width: 470px) 100vw, 470px\" \/>\t\t\t\t<\/a>\n\t\t\t\t\t\t\t\t\t\t<\/div>\n\t\t\t\t\t\t\t\t\t\t\t\t\t<div class=\"premium-blog-effect-container premium-blog-framed-effect\">\n\t\t\t\t\t\t\t\t<a class=\"premium-blog-post-link\" href=\"https:\/\/www.cryobiosystem.com\/es\/actualites\/cbs-digitcoool-alpha\/\" target=\"_self\"><span>CBS DIGITCOOOL ALPHA<\/span><\/a>\n\t\t\t\t\t\t\t\t\t\t\t\t\t\t\t<\/div>\n\t\t\t\t\t\t\t\t\t\t\t<\/div>\n\t\t\t\t\t\t\t\t\t\t\t\t\t\t\t\t\t\t\t\t\t<div class=\"premium-blog-content-wrapper \">\n\n\t\t\t\t\t<div class=\"premium-blog-inner-container\">\n\n\t\t\t\t\t\t\t\t\t\t\t\t\t\t<h2 class=\"premium-blog-entry-title\">\n\t\t\t<a href=\"https:\/\/www.cryobiosystem.com\/es\/actualites\/cbs-digitcoool-alpha\/\" target=\"_self\">\n\t\t\t\tCBS DIGITCOOOL ALPHA\t\t\t<\/a>\n\t\t<\/h2>\n\t\t\n\t\t\t\t\t<\/div>\n\n\t\t\t\t\t\t\t<div class=\"premium-blog-entry-meta\">\n\t\t\t\n\t\t\t\t\t\t\t<span class=\"premium-blog-meta-separator\">\u2022<\/span>\n\t\t\t\t<div class=\"premium-blog-post-time premium-blog-meta-data\">\n\t\t\t\t\t<i class=\"fa fa-calendar-alt\" aria-hidden=\"true\"><\/i>\n\t\t\t\t\t<span>15 de octubre de 2025<\/span>\n\t\t\t\t<\/div>\n\t\t\t\n\t\t\t\n\t\t\t\t\t<\/div>\n\t\t\t\t\t\t\t\n\t\t\t\t<\/div>\n\t\t\t<\/div>\n\t\t<\/div>\n\n\t\t\t\t<div class=\"premium-blog-post-outer-container\" data-total=\"1\">\n\t\t\t<div class=\"premium-blog-post-container premium-blog-skin-cards\">\n\t\t\t\t\t\t\t\t\t<div class=\"premium-blog-thumb-effect-wrapper\">\n\t\t\t\t\t\t<div class=\"premium-blog-thumbnail-container premium-blog-zoomin-effect\">\n\t\t\t\t\t\t\t\t\t\t\t<a href=\"https:\/\/www.cryobiosystem.com\/es\/actualites\/una-mirada-retrospectiva-a-eshre-2025\/\" target=\"_self\">\n\t\t\t\t<img decoding=\"async\" width=\"470\" height=\"318\" src=\"https:\/\/www.cryobiosystem.com\/wp-content\/uploads\/2025\/10\/eshre-2025.webp\" class=\"attachment-full size-full wp-image-6890\" alt=\"\" srcset=\"https:\/\/www.cryobiosystem.com\/wp-content\/uploads\/2025\/10\/eshre-2025.webp 470w, https:\/\/www.cryobiosystem.com\/wp-content\/uploads\/2025\/10\/eshre-2025-300x203.webp 300w\" sizes=\"(max-width: 470px) 100vw, 470px\" \/>\t\t\t\t<\/a>\n\t\t\t\t\t\t\t\t\t\t<\/div>\n\t\t\t\t\t\t\t\t\t\t\t\t\t<div class=\"premium-blog-effect-container premium-blog-framed-effect\">\n\t\t\t\t\t\t\t\t<a class=\"premium-blog-post-link\" href=\"https:\/\/www.cryobiosystem.com\/es\/actualites\/una-mirada-retrospectiva-a-eshre-2025\/\" target=\"_self\"><span>Una mirada retrospectiva a ESHRE 2025<\/span><\/a>\n\t\t\t\t\t\t\t\t\t\t\t\t\t\t\t<\/div>\n\t\t\t\t\t\t\t\t\t\t\t<\/div>\n\t\t\t\t\t\t\t\t\t\t\t\t\t\t\t\t\t\t\t\t\t<div class=\"premium-blog-content-wrapper \">\n\n\t\t\t\t\t<div class=\"premium-blog-inner-container\">\n\n\t\t\t\t\t\t\t\t\t\t\t\t\t\t<h2 class=\"premium-blog-entry-title\">\n\t\t\t<a href=\"https:\/\/www.cryobiosystem.com\/es\/actualites\/una-mirada-retrospectiva-a-eshre-2025\/\" target=\"_self\">\n\t\t\t\tUna mirada retrospectiva a ESHRE 2025\t\t\t<\/a>\n\t\t<\/h2>\n\t\t\n\t\t\t\t\t<\/div>\n\n\t\t\t\t\t\t\t<div class=\"premium-blog-entry-meta\">\n\t\t\t\n\t\t\t\t\t\t\t<span class=\"premium-blog-meta-separator\">\u2022<\/span>\n\t\t\t\t<div class=\"premium-blog-post-time premium-blog-meta-data\">\n\t\t\t\t\t<i class=\"fa fa-calendar-alt\" aria-hidden=\"true\"><\/i>\n\t\t\t\t\t<span>15 de octubre de 2025<\/span>\n\t\t\t\t<\/div>\n\t\t\t\n\t\t\t\n\t\t\t\t\t<\/div>\n\t\t\t\t\t\t\t\n\t\t\t\t<\/div>\n\t\t\t<\/div>\n\t\t<\/div>\n\n\t\t\t\t<div class=\"premium-blog-post-outer-container\" data-total=\"1\">\n\t\t\t<div class=\"premium-blog-post-container premium-blog-skin-cards\">\n\t\t\t\t\t\t\t\t\t<div class=\"premium-blog-thumb-effect-wrapper\">\n\t\t\t\t\t\t<div class=\"premium-blog-thumbnail-container premium-blog-zoomin-effect\">\n\t\t\t\t\t\t\t\t\t\t\t<a href=\"https:\/\/www.cryobiosystem.com\/es\/actualites\/olivier-kohlhaas-nuevo-director-ejecutivo\/\" target=\"_self\">\n\t\t\t\t<img decoding=\"async\" width=\"470\" height=\"318\" src=\"https:\/\/www.cryobiosystem.com\/wp-content\/uploads\/2025\/10\/olivier-kohlhaas.webp\" class=\"attachment-full size-full wp-image-6892\" alt=\"\" srcset=\"https:\/\/www.cryobiosystem.com\/wp-content\/uploads\/2025\/10\/olivier-kohlhaas.webp 470w, https:\/\/www.cryobiosystem.com\/wp-content\/uploads\/2025\/10\/olivier-kohlhaas-300x203.webp 300w\" sizes=\"(max-width: 470px) 100vw, 470px\" \/>\t\t\t\t<\/a>\n\t\t\t\t\t\t\t\t\t\t<\/div>\n\t\t\t\t\t\t\t\t\t\t\t\t\t<div class=\"premium-blog-effect-container premium-blog-framed-effect\">\n\t\t\t\t\t\t\t\t<a class=\"premium-blog-post-link\" href=\"https:\/\/www.cryobiosystem.com\/es\/actualites\/olivier-kohlhaas-nuevo-director-ejecutivo\/\" target=\"_self\"><span>Olivier Kohlhaas, nuevo director ejecutivo<\/span><\/a>\n\t\t\t\t\t\t\t\t\t\t\t\t\t\t\t<\/div>\n\t\t\t\t\t\t\t\t\t\t\t<\/div>\n\t\t\t\t\t\t\t\t\t\t\t\t\t\t\t\t\t\t\t\t\t<div class=\"premium-blog-content-wrapper \">\n\n\t\t\t\t\t<div class=\"premium-blog-inner-container\">\n\n\t\t\t\t\t\t\t\t\t\t\t\t\t\t<h2 class=\"premium-blog-entry-title\">\n\t\t\t<a href=\"https:\/\/www.cryobiosystem.com\/es\/actualites\/olivier-kohlhaas-nuevo-director-ejecutivo\/\" target=\"_self\">\n\t\t\t\tOlivier Kohlhaas, nuevo director ejecutivo\t\t\t<\/a>\n\t\t<\/h2>\n\t\t\n\t\t\t\t\t<\/div>\n\n\t\t\t\t\t\t\t<div class=\"premium-blog-entry-meta\">\n\t\t\t\n\t\t\t\t\t\t\t<span class=\"premium-blog-meta-separator\">\u2022<\/span>\n\t\t\t\t<div class=\"premium-blog-post-time premium-blog-meta-data\">\n\t\t\t\t\t<i class=\"fa fa-calendar-alt\" aria-hidden=\"true\"><\/i>\n\t\t\t\t\t<span>15 de octubre de 2025<\/span>\n\t\t\t\t<\/div>\n\t\t\t\n\t\t\t\n\t\t\t\t\t<\/div>\n\t\t\t\t\t\t\t\n\t\t\t\t<\/div>\n\t\t\t<\/div>\n\t\t<\/div>\n\n\t\t\t\t\t\t\t<\/div>\n\n\t\t\n\t\t\n\t\t\t\t\t\t<\/div>\n\t\t\t\t\t<\/div>\n\t\t\t\t<\/div>\n\t\t\t\t\t<\/div>\n\t\t\t\t<\/div>\n\t\t<div class=\"elementor-element elementor-element-9fe4a74 e-flex e-con-boxed e-con e-parent\" data-id=\"9fe4a74\" data-element_type=\"container\" data-e-type=\"container\" data-settings=\"{&quot;background_background&quot;:&quot;classic&quot;}\">\n\t\t\t\t\t<div class=\"e-con-inner\">\n\t\t\t\t<div class=\"elementor-element elementor-element-66f8649 elementor-widget elementor-widget-heading\" data-id=\"66f8649\" data-element_type=\"widget\" data-e-type=\"widget\" data-widget_type=\"heading.default\">\n\t\t\t\t\t<h2 class=\"elementor-heading-title elementor-size-default\">Cont\u00e1ctenos<\/h2>\t\t\t\t<\/div>\n\t\t\t\t<div class=\"elementor-element elementor-element-a253679 elementor-widget-divider--view-line elementor-widget elementor-widget-divider\" data-id=\"a253679\" data-element_type=\"widget\" data-e-type=\"widget\" data-widget_type=\"divider.default\">\n\t\t\t\t\t\t\t<div class=\"elementor-divider\">\n\t\t\t<span class=\"elementor-divider-separator\">\n\t\t\t\t\t\t<\/span>\n\t\t<\/div>\n\t\t\t\t\t\t<\/div>\n\t\t\t\t<div class=\"elementor-element elementor-element-e16f60d elementor-widget elementor-widget-text-editor\" data-id=\"e16f60d\" data-element_type=\"widget\" data-e-type=\"widget\" data-widget_type=\"text-editor.default\">\n\t\t\t\t\t\t\t\t\t<p>\u00bfNecesita informaci\u00f3n? Nuestros equipos le acompa\u00f1an en todos sus proyectos de crioconservaci\u00f3n.<\/p>\t\t\t\t\t\t\t\t<\/div>\n\t\t\t\t<div class=\"elementor-element elementor-element-dd638f0 elementor-align-center elementor-widget elementor-widget-button\" data-id=\"dd638f0\" data-element_type=\"widget\" data-e-type=\"widget\" data-widget_type=\"button.default\">\n\t\t\t\t\t\t\t\t\t\t<a class=\"elementor-button elementor-button-link elementor-size-sm\" href=\"https:\/\/www.cryobiosystem.com\/es\/contacto\/\">\n\t\t\t\t\t\t<span class=\"elementor-button-content-wrapper\">\n\t\t\t\t\t\t\t\t\t<span class=\"elementor-button-text\">Cont\u00e1ctenos<\/span>\n\t\t\t\t\t<\/span>\n\t\t\t\t\t<\/a>\n\t\t\t\t\t\t\t\t<\/div>\n\t\t\t\t\t<\/div>\n\t\t\t\t<\/div>\n\t\t\t\t<\/div>\n\t\t","protected":false},"excerpt":{"rendered":"<p>Nuestras noticias Inicio \/ Nuestras noticias Cont\u00e1ctenos Nuestros \u00faltimos noticias CBS DIGITCOOOL ALPHA CBS DIGITCOOOL ALPHA \u2022 15\/10\/2025 Una mirada retrospectiva a ESHRE 2025 Una mirada retrospectiva a ESHRE 2025 \u2022 15\/10\/2025 Olivier Kohlhaas, nuevo director ejecutivo Olivier Kohlhaas, nuevo director ejecutivo \u2022 15\/10\/2025 Cont\u00e1ctenos \u00bfNecesita informaci\u00f3n? Nuestros equipos le acompa\u00f1an en todos sus proyectos [&hellip;]<\/p>\n","protected":false},"author":1,"featured_media":6958,"parent":0,"menu_order":0,"comment_status":"closed","ping_status":"closed","template":"","meta":{"_acf_changed":false,"footnotes":""},"class_list":["post-7613","page","type-page","status-publish","has-post-thumbnail","hentry"],"acf":[],"yoast_head":"<!-- This site is optimized with the Yoast SEO plugin v27.3 - https:\/\/yoast.com\/product\/yoast-seo-wordpress\/ -->\n<title>Cryo Bio System \u2013 Noticias y novedades<\/title>\n<meta name=\"description\" content=\"Siga las noticias de Cryo Bio System: innovaciones, nuevos equipos, eventos e informaci\u00f3n dedicada a la crioconservaci\u00f3n y las soluciones CBS.\" \/>\n<meta name=\"robots\" content=\"index, follow, max-snippet:-1, max-image-preview:large, max-video-preview:-1\" \/>\n<link rel=\"canonical\" href=\"https:\/\/www.cryobiosystem.com\/es\/noticias\/\" \/>\n<meta property=\"og:locale\" content=\"es_ES\" \/>\n<meta property=\"og:type\" content=\"article\" \/>\n<meta property=\"og:title\" content=\"Cryo Bio System \u2013 Noticias y novedades\" \/>\n<meta property=\"og:description\" content=\"Siga las noticias de Cryo Bio System: innovaciones, nuevos equipos, eventos e informaci\u00f3n dedicada a la crioconservaci\u00f3n y las soluciones CBS.\" \/>\n<meta property=\"og:url\" content=\"https:\/\/www.cryobiosystem.com\/es\/noticias\/\" \/>\n<meta property=\"og:site_name\" content=\"Cryo Bio System 2025\" \/>\n<meta property=\"article:modified_time\" content=\"2026-01-26T16:54:29+00:00\" \/>\n<meta property=\"og:image\" content=\"https:\/\/www.cryobiosystem.com\/wp-content\/uploads\/2025\/10\/banniere-actus.webp\" \/>\n\t<meta property=\"og:image:width\" content=\"1440\" \/>\n\t<meta property=\"og:image:height\" content=\"408\" \/>\n\t<meta property=\"og:image:type\" content=\"image\/webp\" \/>\n<meta name=\"twitter:card\" content=\"summary_large_image\" \/>\n<meta name=\"twitter:label1\" content=\"Tiempo de lectura\" \/>\n\t<meta name=\"twitter:data1\" content=\"1 minuto\" \/>\n<script type=\"application\/ld+json\" class=\"yoast-schema-graph\">{\"@context\":\"https:\\\/\\\/schema.org\",\"@graph\":[{\"@type\":\"WebPage\",\"@id\":\"https:\\\/\\\/www.cryobiosystem.com\\\/es\\\/noticias\\\/\",\"url\":\"https:\\\/\\\/www.cryobiosystem.com\\\/es\\\/noticias\\\/\",\"name\":\"Cryo Bio System \u2013 Noticias y novedades\",\"isPartOf\":{\"@id\":\"https:\\\/\\\/www.cryobiosystem.com\\\/es\\\/#website\"},\"primaryImageOfPage\":{\"@id\":\"https:\\\/\\\/www.cryobiosystem.com\\\/es\\\/noticias\\\/#primaryimage\"},\"image\":{\"@id\":\"https:\\\/\\\/www.cryobiosystem.com\\\/es\\\/noticias\\\/#primaryimage\"},\"thumbnailUrl\":\"https:\\\/\\\/www.cryobiosystem.com\\\/wp-content\\\/uploads\\\/2025\\\/10\\\/banniere-actus.webp\",\"datePublished\":\"2025-10-09T22:50:46+00:00\",\"dateModified\":\"2026-01-26T16:54:29+00:00\",\"description\":\"Siga las noticias de Cryo Bio System: innovaciones, nuevos equipos, eventos e informaci\u00f3n dedicada a la crioconservaci\u00f3n y las soluciones CBS.\",\"breadcrumb\":{\"@id\":\"https:\\\/\\\/www.cryobiosystem.com\\\/es\\\/noticias\\\/#breadcrumb\"},\"inLanguage\":\"es\",\"potentialAction\":[{\"@type\":\"ReadAction\",\"target\":[\"https:\\\/\\\/www.cryobiosystem.com\\\/es\\\/noticias\\\/\"]}]},{\"@type\":\"ImageObject\",\"inLanguage\":\"es\",\"@id\":\"https:\\\/\\\/www.cryobiosystem.com\\\/es\\\/noticias\\\/#primaryimage\",\"url\":\"https:\\\/\\\/www.cryobiosystem.com\\\/wp-content\\\/uploads\\\/2025\\\/10\\\/banniere-actus.webp\",\"contentUrl\":\"https:\\\/\\\/www.cryobiosystem.com\\\/wp-content\\\/uploads\\\/2025\\\/10\\\/banniere-actus.webp\",\"width\":1440,\"height\":408,\"caption\":\"Tubes CBS\"},{\"@type\":\"BreadcrumbList\",\"@id\":\"https:\\\/\\\/www.cryobiosystem.com\\\/es\\\/noticias\\\/#breadcrumb\",\"itemListElement\":[{\"@type\":\"ListItem\",\"position\":1,\"name\":\"Accueil\",\"item\":\"https:\\\/\\\/www.cryobiosystem.com\\\/es\\\/\"},{\"@type\":\"ListItem\",\"position\":2,\"name\":\"Nuestras noticias\"}]},{\"@type\":\"WebSite\",\"@id\":\"https:\\\/\\\/www.cryobiosystem.com\\\/es\\\/#website\",\"url\":\"https:\\\/\\\/www.cryobiosystem.com\\\/es\\\/\",\"name\":\"Cryo Bio System 2025\",\"description\":\"Cryo Bio System propose une technologie de pr\u00e9servation cryog\u00e9nique \u00e0 la pointe, garantissant la viabilit\u00e9 \u00e0 long terme des \u00e9chantillons biologiques.\",\"publisher\":{\"@id\":\"https:\\\/\\\/www.cryobiosystem.com\\\/es\\\/#organization\"},\"potentialAction\":[{\"@type\":\"SearchAction\",\"target\":{\"@type\":\"EntryPoint\",\"urlTemplate\":\"https:\\\/\\\/www.cryobiosystem.com\\\/es\\\/?s={search_term_string}\"},\"query-input\":{\"@type\":\"PropertyValueSpecification\",\"valueRequired\":true,\"valueName\":\"search_term_string\"}}],\"inLanguage\":\"es\"},{\"@type\":\"Organization\",\"@id\":\"https:\\\/\\\/www.cryobiosystem.com\\\/es\\\/#organization\",\"name\":\"Cryo Bio System 2025\",\"url\":\"https:\\\/\\\/www.cryobiosystem.com\\\/es\\\/\",\"logo\":{\"@type\":\"ImageObject\",\"inLanguage\":\"es\",\"@id\":\"https:\\\/\\\/www.cryobiosystem.com\\\/es\\\/#\\\/schema\\\/logo\\\/image\\\/\",\"url\":\"https:\\\/\\\/www.cryobiosystem.com\\\/wp-content\\\/uploads\\\/2025\\\/10\\\/logo-cbs.webp\",\"contentUrl\":\"https:\\\/\\\/www.cryobiosystem.com\\\/wp-content\\\/uploads\\\/2025\\\/10\\\/logo-cbs.webp\",\"width\":310,\"height\":88,\"caption\":\"Cryo Bio System 2025\"},\"image\":{\"@id\":\"https:\\\/\\\/www.cryobiosystem.com\\\/es\\\/#\\\/schema\\\/logo\\\/image\\\/\"}}]}<\/script>\n<!-- \/ Yoast SEO plugin. -->","yoast_head_json":{"title":"Cryo Bio System \u2013 Noticias y novedades","description":"Siga las noticias de Cryo Bio System: innovaciones, nuevos equipos, eventos e informaci\u00f3n dedicada a la crioconservaci\u00f3n y las soluciones CBS.","robots":{"index":"index","follow":"follow","max-snippet":"max-snippet:-1","max-image-preview":"max-image-preview:large","max-video-preview":"max-video-preview:-1"},"canonical":"https:\/\/www.cryobiosystem.com\/es\/noticias\/","og_locale":"es_ES","og_type":"article","og_title":"Cryo Bio System \u2013 Noticias y novedades","og_description":"Siga las noticias de Cryo Bio System: innovaciones, nuevos equipos, eventos e informaci\u00f3n dedicada a la crioconservaci\u00f3n y las soluciones CBS.","og_url":"https:\/\/www.cryobiosystem.com\/es\/noticias\/","og_site_name":"Cryo Bio System 2025","article_modified_time":"2026-01-26T16:54:29+00:00","og_image":[{"width":1440,"height":408,"url":"https:\/\/www.cryobiosystem.com\/wp-content\/uploads\/2025\/10\/banniere-actus.webp","type":"image\/webp"}],"twitter_card":"summary_large_image","twitter_misc":{"Tiempo de lectura":"1 minuto"},"schema":{"@context":"https:\/\/schema.org","@graph":[{"@type":"WebPage","@id":"https:\/\/www.cryobiosystem.com\/es\/noticias\/","url":"https:\/\/www.cryobiosystem.com\/es\/noticias\/","name":"Cryo Bio System \u2013 Noticias y novedades","isPartOf":{"@id":"https:\/\/www.cryobiosystem.com\/es\/#website"},"primaryImageOfPage":{"@id":"https:\/\/www.cryobiosystem.com\/es\/noticias\/#primaryimage"},"image":{"@id":"https:\/\/www.cryobiosystem.com\/es\/noticias\/#primaryimage"},"thumbnailUrl":"https:\/\/www.cryobiosystem.com\/wp-content\/uploads\/2025\/10\/banniere-actus.webp","datePublished":"2025-10-09T22:50:46+00:00","dateModified":"2026-01-26T16:54:29+00:00","description":"Siga las noticias de Cryo Bio System: innovaciones, nuevos equipos, eventos e informaci\u00f3n dedicada a la crioconservaci\u00f3n y las soluciones CBS.","breadcrumb":{"@id":"https:\/\/www.cryobiosystem.com\/es\/noticias\/#breadcrumb"},"inLanguage":"es","potentialAction":[{"@type":"ReadAction","target":["https:\/\/www.cryobiosystem.com\/es\/noticias\/"]}]},{"@type":"ImageObject","inLanguage":"es","@id":"https:\/\/www.cryobiosystem.com\/es\/noticias\/#primaryimage","url":"https:\/\/www.cryobiosystem.com\/wp-content\/uploads\/2025\/10\/banniere-actus.webp","contentUrl":"https:\/\/www.cryobiosystem.com\/wp-content\/uploads\/2025\/10\/banniere-actus.webp","width":1440,"height":408,"caption":"Tubes CBS"},{"@type":"BreadcrumbList","@id":"https:\/\/www.cryobiosystem.com\/es\/noticias\/#breadcrumb","itemListElement":[{"@type":"ListItem","position":1,"name":"Accueil","item":"https:\/\/www.cryobiosystem.com\/es\/"},{"@type":"ListItem","position":2,"name":"Nuestras noticias"}]},{"@type":"WebSite","@id":"https:\/\/www.cryobiosystem.com\/es\/#website","url":"https:\/\/www.cryobiosystem.com\/es\/","name":"Cryo Bio System 2025","description":"Cryo Bio System propose une technologie de pr\u00e9servation cryog\u00e9nique \u00e0 la pointe, garantissant la viabilit\u00e9 \u00e0 long terme des \u00e9chantillons biologiques.","publisher":{"@id":"https:\/\/www.cryobiosystem.com\/es\/#organization"},"potentialAction":[{"@type":"SearchAction","target":{"@type":"EntryPoint","urlTemplate":"https:\/\/www.cryobiosystem.com\/es\/?s={search_term_string}"},"query-input":{"@type":"PropertyValueSpecification","valueRequired":true,"valueName":"search_term_string"}}],"inLanguage":"es"},{"@type":"Organization","@id":"https:\/\/www.cryobiosystem.com\/es\/#organization","name":"Cryo Bio System 2025","url":"https:\/\/www.cryobiosystem.com\/es\/","logo":{"@type":"ImageObject","inLanguage":"es","@id":"https:\/\/www.cryobiosystem.com\/es\/#\/schema\/logo\/image\/","url":"https:\/\/www.cryobiosystem.com\/wp-content\/uploads\/2025\/10\/logo-cbs.webp","contentUrl":"https:\/\/www.cryobiosystem.com\/wp-content\/uploads\/2025\/10\/logo-cbs.webp","width":310,"height":88,"caption":"Cryo Bio System 2025"},"image":{"@id":"https:\/\/www.cryobiosystem.com\/es\/#\/schema\/logo\/image\/"}}]}},"_links":{"self":[{"href":"https:\/\/www.cryobiosystem.com\/es\/wp-json\/wp\/v2\/pages\/7613","targetHints":{"allow":["GET"]}}],"collection":[{"href":"https:\/\/www.cryobiosystem.com\/es\/wp-json\/wp\/v2\/pages"}],"about":[{"href":"https:\/\/www.cryobiosystem.com\/es\/wp-json\/wp\/v2\/types\/page"}],"author":[{"embeddable":true,"href":"https:\/\/www.cryobiosystem.com\/es\/wp-json\/wp\/v2\/users\/1"}],"replies":[{"embeddable":true,"href":"https:\/\/www.cryobiosystem.com\/es\/wp-json\/wp\/v2\/comments?post=7613"}],"version-history":[{"count":12,"href":"https:\/\/www.cryobiosystem.com\/es\/wp-json\/wp\/v2\/pages\/7613\/revisions"}],"predecessor-version":[{"id":9992,"href":"https:\/\/www.cryobiosystem.com\/es\/wp-json\/wp\/v2\/pages\/7613\/revisions\/9992"}],"wp:featuredmedia":[{"embeddable":true,"href":"https:\/\/www.cryobiosystem.com\/es\/wp-json\/wp\/v2\/media\/6958"}],"wp:attachment":[{"href":"https:\/\/www.cryobiosystem.com\/es\/wp-json\/wp\/v2\/media?parent=7613"}],"curies":[{"name":"wp","href":"https:\/\/api.w.org\/{rel}","templated":true}]}}