{"id":7572,"date":"2025-10-10T00:47:35","date_gmt":"2025-10-09T22:47:35","guid":{"rendered":"https:\/\/www.cryobiosystem.com\/nuestros-distribuidores\/"},"modified":"2025-12-10T16:37:26","modified_gmt":"2025-12-10T15:37:26","slug":"nuestros-distribuidores","status":"publish","type":"page","link":"https:\/\/www.cryobiosystem.com\/es\/nuestros-distribuidores\/","title":{"rendered":"Nuestros distribuidores"},"content":{"rendered":"\t\t<div data-elementor-type=\"wp-page\" data-elementor-id=\"7572\" class=\"elementor elementor-7572 elementor-93\" data-elementor-post-type=\"page\">\n\t\t\t\t<div data-dce-background-overlay-color=\"#FFFFFF21\" data-dce-background-image-url=\"https:\/\/www.cryobiosystem.com\/wp-content\/uploads\/2025\/11\/banniere-distributeurs-international.webp\" class=\"elementor-element elementor-element-e3cb0f4 e-con-full e-flex e-con e-parent\" data-id=\"e3cb0f4\" data-element_type=\"container\" data-e-type=\"container\" data-settings=\"{&quot;background_background&quot;:&quot;classic&quot;}\">\n\t\t<div class=\"elementor-element elementor-element-7f25fd6 e-flex e-con-boxed e-con e-child\" data-id=\"7f25fd6\" data-element_type=\"container\" data-e-type=\"container\">\n\t\t\t\t\t<div class=\"e-con-inner\">\n\t\t<div class=\"elementor-element elementor-element-fb0cb90 e-con-full e-flex e-con e-child\" data-id=\"fb0cb90\" data-element_type=\"container\" data-e-type=\"container\">\n\t\t\t\t<div class=\"elementor-element elementor-element-ce55a2c elementor-widget elementor-widget-heading\" data-id=\"ce55a2c\" data-element_type=\"widget\" data-e-type=\"widget\" data-widget_type=\"heading.default\">\n\t\t\t\t\t<h1 class=\"elementor-heading-title elementor-size-default\">Nuestros distribuidores<\/h1>\t\t\t\t<\/div>\n\t\t\t\t<div class=\"elementor-element elementor-element-52c2baa elementor-widget elementor-widget-text-editor\" data-id=\"52c2baa\" data-element_type=\"widget\" data-e-type=\"widget\" data-widget_type=\"text-editor.default\">\n\t\t\t\t\t\t\t\t\t<p>Inicio \/ Qui\u00e9nes somos \/ Nuestros distribuidores<\/p>\t\t\t\t\t\t\t\t<\/div>\n\t\t\t\t<\/div>\n\t\t\t\t\t<\/div>\n\t\t\t\t<\/div>\n\t\t\t\t<\/div>\n\t\t<div class=\"elementor-element elementor-element-6e42945 e-flex e-con-boxed e-con e-parent\" data-id=\"6e42945\" data-element_type=\"container\" data-e-type=\"container\">\n\t\t\t\t\t<div class=\"e-con-inner\">\n\t\t\t\t<div class=\"elementor-element elementor-element-af54515 elementor-widget elementor-widget-heading\" data-id=\"af54515\" data-element_type=\"widget\" data-e-type=\"widget\" data-widget_type=\"heading.default\">\n\t\t\t\t\t<h2 class=\"elementor-heading-title elementor-size-default\">Nuestros distribuidores internacionales<\/h2>\t\t\t\t<\/div>\n\t\t\t\t<div class=\"elementor-element elementor-element-5c082e8 elementor-widget-divider--view-line elementor-widget elementor-widget-divider\" data-id=\"5c082e8\" data-element_type=\"widget\" data-e-type=\"widget\" data-widget_type=\"divider.default\">\n\t\t\t\t\t\t\t<div class=\"elementor-divider\">\n\t\t\t<span class=\"elementor-divider-separator\">\n\t\t\t\t\t\t<\/span>\n\t\t<\/div>\n\t\t\t\t\t\t<\/div>\n\t\t<div class=\"elementor-element elementor-element-40727f2 e-con-full e-flex e-con e-child\" data-id=\"40727f2\" data-element_type=\"container\" data-e-type=\"container\">\n\t\t<a class=\"eael-wrapper-link-93f0350 --eael-wrapper-link-tag\" href=\"?continent=afrique#accordeons\"><\/a><div data-eael-wrapper-link=\"eael-wrapper-link-93f0350\" data-premium-element-link=\"{&quot;type&quot;:&quot;url&quot;,&quot;link&quot;:{&quot;url&quot;:&quot;\\\/nos-distributeurs\\\/?continent=afrique#accordeons&quot;,&quot;is_external&quot;:&quot;&quot;,&quot;nofollow&quot;:&quot;&quot;,&quot;custom_attributes&quot;:&quot;&quot;},&quot;href&quot;:&quot;\\\/nos-distributeurs\\\/?continent=afrique#accordeons&quot;}\" style=\"cursor: pointer\" data-dce-background-image-url=\"https:\/\/www.cryobiosystem.com\/wp-content\/uploads\/2025\/10\/card-afrique.webp\" class=\"elementor-element elementor-element-93f0350 e-con-full premium-wrapper-link-yes e-flex e-con e-child\" data-id=\"93f0350\" data-element_type=\"container\" data-e-type=\"container\" id=\"continent-afrique\" data-settings=\"{&quot;background_background&quot;:&quot;classic&quot;}\" data-continent=\"\">\n\t\t\t\t<div class=\"elementor-element elementor-element-96a1dd2 elementor-widget elementor-widget-heading\" data-id=\"96a1dd2\" data-element_type=\"widget\" data-e-type=\"widget\" data-widget_type=\"heading.default\">\n\t\t\t\t\t<h3 class=\"elementor-heading-title elementor-size-default\">\u00c1frica<\/h3>\t\t\t\t<\/div>\n\t\t\t\t<\/div>\n\t\t<a class=\"eael-wrapper-link-09de433 --eael-wrapper-link-tag\" href=\"?continent=amerique#accordeons\"><\/a><div data-eael-wrapper-link=\"eael-wrapper-link-09de433\" data-premium-element-link=\"{&quot;type&quot;:&quot;url&quot;,&quot;link&quot;:{&quot;url&quot;:&quot;\\\/nos-distributeurs\\\/?continent=amerique#accordeons&quot;,&quot;is_external&quot;:&quot;&quot;,&quot;nofollow&quot;:&quot;&quot;,&quot;custom_attributes&quot;:&quot;&quot;},&quot;href&quot;:&quot;\\\/nos-distributeurs\\\/?continent=amerique#accordeons&quot;}\" style=\"cursor: pointer\" data-dce-background-image-url=\"https:\/\/www.cryobiosystem.com\/wp-content\/uploads\/2025\/10\/card-amerique-1.webp\" class=\"elementor-element elementor-element-09de433 e-con-full premium-wrapper-link-yes e-flex e-con e-child\" data-id=\"09de433\" data-element_type=\"container\" data-e-type=\"container\" id=\"continent-amerique\" data-settings=\"{&quot;background_background&quot;:&quot;classic&quot;}\" data-continent=\"\">\n\t\t\t\t<div class=\"elementor-element elementor-element-42d9f1b elementor-widget elementor-widget-heading\" data-id=\"42d9f1b\" data-element_type=\"widget\" data-e-type=\"widget\" data-widget_type=\"heading.default\">\n\t\t\t\t\t<h3 class=\"elementor-heading-title elementor-size-default\">Am\u00e9rica<\/h3>\t\t\t\t<\/div>\n\t\t\t\t<\/div>\n\t\t<a class=\"eael-wrapper-link-3a9dbf2 --eael-wrapper-link-tag\" href=\"?continent=asie#accordeons\"><\/a><div data-eael-wrapper-link=\"eael-wrapper-link-3a9dbf2\" data-premium-element-link=\"{&quot;type&quot;:&quot;url&quot;,&quot;link&quot;:{&quot;url&quot;:&quot;\\\/nos-distributeurs\\\/?continent=asie#accordeons&quot;,&quot;is_external&quot;:&quot;&quot;,&quot;nofollow&quot;:&quot;&quot;,&quot;custom_attributes&quot;:&quot;&quot;},&quot;href&quot;:&quot;\\\/nos-distributeurs\\\/?continent=asie#accordeons&quot;}\" style=\"cursor: pointer\" data-dce-background-image-url=\"https:\/\/www.cryobiosystem.com\/wp-content\/uploads\/2025\/10\/card-asie.webp\" class=\"elementor-element elementor-element-3a9dbf2 e-con-full premium-wrapper-link-yes e-flex e-con e-child\" data-id=\"3a9dbf2\" data-element_type=\"container\" data-e-type=\"container\" id=\"continent-asie\" data-settings=\"{&quot;background_background&quot;:&quot;classic&quot;}\" data-continent=\"\">\n\t\t\t\t<div class=\"elementor-element elementor-element-e8fbc34 elementor-widget elementor-widget-heading\" data-id=\"e8fbc34\" data-element_type=\"widget\" data-e-type=\"widget\" data-widget_type=\"heading.default\">\n\t\t\t\t\t<h3 class=\"elementor-heading-title elementor-size-default\">Asia<\/h3>\t\t\t\t<\/div>\n\t\t\t\t<\/div>\n\t\t\t\t<\/div>\n\t\t<div class=\"elementor-element elementor-element-61542e0 e-con-full e-flex e-con e-child\" data-id=\"61542e0\" data-element_type=\"container\" data-e-type=\"container\">\n\t\t<a class=\"eael-wrapper-link-bab143d --eael-wrapper-link-tag\" href=\"?continent=europe#accordeons\"><\/a><div data-eael-wrapper-link=\"eael-wrapper-link-bab143d\" data-premium-element-link=\"{&quot;type&quot;:&quot;url&quot;,&quot;link&quot;:{&quot;url&quot;:&quot;\\\/nos-distributeurs\\\/?continent=europe#accordeons&quot;,&quot;is_external&quot;:&quot;&quot;,&quot;nofollow&quot;:&quot;&quot;,&quot;custom_attributes&quot;:&quot;&quot;},&quot;href&quot;:&quot;\\\/nos-distributeurs\\\/?continent=europe#accordeons&quot;}\" style=\"cursor: pointer\" data-dce-background-image-url=\"https:\/\/www.cryobiosystem.com\/wp-content\/uploads\/2025\/10\/card-europe.webp\" class=\"elementor-element elementor-element-bab143d e-con-full premium-wrapper-link-yes e-flex e-con e-child\" data-id=\"bab143d\" data-element_type=\"container\" data-e-type=\"container\" id=\"continent-europe\" data-settings=\"{&quot;background_background&quot;:&quot;classic&quot;}\" data-continent=\"\">\n\t\t\t\t<div class=\"elementor-element elementor-element-5e08db0 elementor-widget elementor-widget-heading\" data-id=\"5e08db0\" data-element_type=\"widget\" data-e-type=\"widget\" data-widget_type=\"heading.default\">\n\t\t\t\t\t<h3 class=\"elementor-heading-title elementor-size-default\">Europa<\/h3>\t\t\t\t<\/div>\n\t\t\t\t<\/div>\n\t\t<a class=\"eael-wrapper-link-77dd7aa --eael-wrapper-link-tag\" href=\"?continent=moyen-orient#accordeons\"><\/a><div data-eael-wrapper-link=\"eael-wrapper-link-77dd7aa\" data-premium-element-link=\"{&quot;type&quot;:&quot;url&quot;,&quot;link&quot;:{&quot;url&quot;:&quot;\\\/nos-distributeurs\\\/?continent=moyen-orient#accordeons&quot;,&quot;is_external&quot;:&quot;&quot;,&quot;nofollow&quot;:&quot;&quot;,&quot;custom_attributes&quot;:&quot;&quot;},&quot;href&quot;:&quot;\\\/nos-distributeurs\\\/?continent=moyen-orient#accordeons&quot;}\" style=\"cursor: pointer\" data-dce-background-image-url=\"https:\/\/www.cryobiosystem.com\/wp-content\/uploads\/2025\/10\/card-moyen-Orient.webp\" class=\"elementor-element elementor-element-77dd7aa e-con-full premium-wrapper-link-yes e-flex e-con e-child\" data-id=\"77dd7aa\" data-element_type=\"container\" data-e-type=\"container\" id=\"continent-moyen-orient\" data-settings=\"{&quot;background_background&quot;:&quot;classic&quot;}\" data-continent=\"\">\n\t\t\t\t<div class=\"elementor-element elementor-element-950abbc elementor-widget elementor-widget-heading\" data-id=\"950abbc\" data-element_type=\"widget\" data-e-type=\"widget\" data-widget_type=\"heading.default\">\n\t\t\t\t\t<h3 class=\"elementor-heading-title elementor-size-default\">Oriente Medio<\/h3>\t\t\t\t<\/div>\n\t\t\t\t<\/div>\n\t\t<a class=\"eael-wrapper-link-76c4d21 --eael-wrapper-link-tag\" href=\"?continent=oceanie#accordeons\"><\/a><div data-eael-wrapper-link=\"eael-wrapper-link-76c4d21\" data-premium-element-link=\"{&quot;type&quot;:&quot;url&quot;,&quot;link&quot;:{&quot;url&quot;:&quot;\\\/nos-distributeurs\\\/?continent=oceanie#accordeons&quot;,&quot;is_external&quot;:&quot;&quot;,&quot;nofollow&quot;:&quot;&quot;,&quot;custom_attributes&quot;:&quot;&quot;},&quot;href&quot;:&quot;\\\/nos-distributeurs\\\/?continent=oceanie#accordeons&quot;}\" style=\"cursor: pointer\" data-dce-background-image-url=\"https:\/\/www.cryobiosystem.com\/wp-content\/uploads\/2025\/10\/card-oceanie.webp\" class=\"elementor-element elementor-element-76c4d21 e-con-full premium-wrapper-link-yes e-flex e-con e-child\" data-id=\"76c4d21\" data-element_type=\"container\" data-e-type=\"container\" id=\"continent-oceanie\" data-settings=\"{&quot;background_background&quot;:&quot;classic&quot;}\" data-continent=\"\">\n\t\t\t\t<div class=\"elementor-element elementor-element-04a8ddb elementor-widget elementor-widget-heading\" data-id=\"04a8ddb\" data-element_type=\"widget\" data-e-type=\"widget\" data-widget_type=\"heading.default\">\n\t\t\t\t\t<h3 class=\"elementor-heading-title elementor-size-default\">Ocean\u00eda<\/h3>\t\t\t\t<\/div>\n\t\t\t\t<\/div>\n\t\t\t\t<\/div>\n\t\t\t\t\t<\/div>\n\t\t\t\t<\/div>\n\t\t<div class=\"elementor-element elementor-element-e67175c e-flex e-con-boxed e-con e-parent\" data-id=\"e67175c\" data-element_type=\"container\" data-e-type=\"container\" id=\"accordeons\" data-settings=\"{&quot;background_background&quot;:&quot;classic&quot;}\">\n\t\t\t\t\t<div class=\"e-con-inner\">\n\t\t\t\t<div class=\"elementor-element elementor-element-3fd73b4 dce-posts-layout-template acc-distrib elementor-widget elementor-widget-dce-dynamicposts-v2\" data-id=\"3fd73b4\" data-element_type=\"widget\" data-e-type=\"widget\" data-settings=\"{&quot;style_items&quot;:&quot;template&quot;,&quot;accordion_start&quot;:&quot;none&quot;,&quot;accordion_close_other_sections&quot;:&quot;yes&quot;,&quot;accordion_speed&quot;:{&quot;unit&quot;:&quot;ms&quot;,&quot;size&quot;:300,&quot;sizes&quot;:[]}}\" data-widget_type=\"dce-dynamicposts-v2.accordion\">\n\t\t\t\t<div class=\"elementor-widget-container\">\n\t\t\t\t\t\t\t<div class=\"dce-posts-container dce-posts \">\n\t\t\t<div class=\"dce-posts-fallback\">\n\t\t\t\t<p><p style=\"text-align: center;\">Haga clic en los mapas de los continentes.<\/p><\/p>\t\t\t<\/div>\n\t\t<\/div>\n\t\t\t\t\t\t<\/div>\n\t\t\t\t<\/div>\n\t\t\t\t<div class=\"elementor-element elementor-element-e0a837b elementor-align-center elementor-widget elementor-widget-button\" data-id=\"e0a837b\" data-element_type=\"widget\" data-e-type=\"widget\" data-widget_type=\"button.default\">\n\t\t\t\t\t\t\t\t\t\t<a class=\"elementor-button elementor-button-link elementor-size-sm\" href=\"https:\/\/www.cryobiosystem.com\/es\/nuestras-filiales\/\">\n\t\t\t\t\t\t<span class=\"elementor-button-content-wrapper\">\n\t\t\t\t\t\t\t\t\t<span class=\"elementor-button-text\">Nuestras filiales<\/span>\n\t\t\t\t\t<\/span>\n\t\t\t\t\t<\/a>\n\t\t\t\t\t\t\t\t<\/div>\n\t\t\t\t\t<\/div>\n\t\t\t\t<\/div>\n\t\t\t\t<\/div>\n\t\t","protected":false},"excerpt":{"rendered":"<p>Nuestros distribuidores Inicio \/ Qui\u00e9nes somos \/ Nuestros distribuidores Nuestros distribuidores internacionales \u00c1frica Am\u00e9rica Asia Europa Oriente Medio Ocean\u00eda Haga clic en los mapas de los continentes. Nuestras filiales<\/p>\n","protected":false},"author":1,"featured_media":7198,"parent":0,"menu_order":0,"comment_status":"closed","ping_status":"closed","template":"","meta":{"_acf_changed":false,"footnotes":""},"class_list":["post-7572","page","type-page","status-publish","has-post-thumbnail","hentry"],"acf":[],"yoast_head":"<!-- This site is optimized with the Yoast SEO plugin v27.3 - https:\/\/yoast.com\/product\/yoast-seo-wordpress\/ -->\n<title>Cryo Bio System \u2013 Nuestros distribuidores internacionales<\/title>\n<meta name=\"description\" content=\"Descubra la red internacional de distribuidores Cryo Bio System, presente en todos los continentes, para acompa\u00f1ar a los profesionales de la salud y las ciencias.\" \/>\n<meta name=\"robots\" content=\"index, follow, max-snippet:-1, max-image-preview:large, max-video-preview:-1\" \/>\n<link rel=\"canonical\" href=\"https:\/\/www.cryobiosystem.com\/es\/nuestros-distribuidores\/\" \/>\n<meta property=\"og:locale\" content=\"es_ES\" \/>\n<meta property=\"og:type\" content=\"article\" \/>\n<meta property=\"og:title\" content=\"Cryo Bio System \u2013 Nuestros distribuidores internacionales\" \/>\n<meta property=\"og:description\" content=\"Descubra la red internacional de distribuidores Cryo Bio System, presente en todos los continentes, para acompa\u00f1ar a los profesionales de la salud y las ciencias.\" \/>\n<meta property=\"og:url\" content=\"https:\/\/www.cryobiosystem.com\/es\/nuestros-distribuidores\/\" \/>\n<meta property=\"og:site_name\" content=\"Cryo Bio System 2025\" \/>\n<meta property=\"article:modified_time\" content=\"2025-12-10T15:37:26+00:00\" \/>\n<meta property=\"og:image\" content=\"https:\/\/www.cryobiosystem.com\/wp-content\/uploads\/2025\/11\/mappemonde.webp\" \/>\n\t<meta property=\"og:image:width\" content=\"485\" \/>\n\t<meta property=\"og:image:height\" content=\"169\" \/>\n\t<meta property=\"og:image:type\" content=\"image\/webp\" \/>\n<meta name=\"twitter:card\" content=\"summary_large_image\" \/>\n<meta name=\"twitter:label1\" content=\"Tiempo de lectura\" \/>\n\t<meta name=\"twitter:data1\" content=\"1 minuto\" \/>\n<script type=\"application\/ld+json\" class=\"yoast-schema-graph\">{\"@context\":\"https:\\\/\\\/schema.org\",\"@graph\":[{\"@type\":\"WebPage\",\"@id\":\"https:\\\/\\\/www.cryobiosystem.com\\\/es\\\/nuestros-distribuidores\\\/\",\"url\":\"https:\\\/\\\/www.cryobiosystem.com\\\/es\\\/nuestros-distribuidores\\\/\",\"name\":\"Cryo Bio System \u2013 Nuestros distribuidores internacionales\",\"isPartOf\":{\"@id\":\"https:\\\/\\\/www.cryobiosystem.com\\\/es\\\/#website\"},\"primaryImageOfPage\":{\"@id\":\"https:\\\/\\\/www.cryobiosystem.com\\\/es\\\/nuestros-distribuidores\\\/#primaryimage\"},\"image\":{\"@id\":\"https:\\\/\\\/www.cryobiosystem.com\\\/es\\\/nuestros-distribuidores\\\/#primaryimage\"},\"thumbnailUrl\":\"https:\\\/\\\/www.cryobiosystem.com\\\/wp-content\\\/uploads\\\/2025\\\/11\\\/mappemonde.webp\",\"datePublished\":\"2025-10-09T22:47:35+00:00\",\"dateModified\":\"2025-12-10T15:37:26+00:00\",\"description\":\"Descubra la red internacional de distribuidores Cryo Bio System, presente en todos los continentes, para acompa\u00f1ar a los profesionales de la salud y las ciencias.\",\"breadcrumb\":{\"@id\":\"https:\\\/\\\/www.cryobiosystem.com\\\/es\\\/nuestros-distribuidores\\\/#breadcrumb\"},\"inLanguage\":\"es\",\"potentialAction\":[{\"@type\":\"ReadAction\",\"target\":[\"https:\\\/\\\/www.cryobiosystem.com\\\/es\\\/nuestros-distribuidores\\\/\"]}]},{\"@type\":\"ImageObject\",\"inLanguage\":\"es\",\"@id\":\"https:\\\/\\\/www.cryobiosystem.com\\\/es\\\/nuestros-distribuidores\\\/#primaryimage\",\"url\":\"https:\\\/\\\/www.cryobiosystem.com\\\/wp-content\\\/uploads\\\/2025\\\/11\\\/mappemonde.webp\",\"contentUrl\":\"https:\\\/\\\/www.cryobiosystem.com\\\/wp-content\\\/uploads\\\/2025\\\/11\\\/mappemonde.webp\",\"width\":485,\"height\":169,\"caption\":\"Mappemonde\"},{\"@type\":\"BreadcrumbList\",\"@id\":\"https:\\\/\\\/www.cryobiosystem.com\\\/es\\\/nuestros-distribuidores\\\/#breadcrumb\",\"itemListElement\":[{\"@type\":\"ListItem\",\"position\":1,\"name\":\"Accueil\",\"item\":\"https:\\\/\\\/www.cryobiosystem.com\\\/es\\\/\"},{\"@type\":\"ListItem\",\"position\":2,\"name\":\"Nuestros distribuidores\"}]},{\"@type\":\"WebSite\",\"@id\":\"https:\\\/\\\/www.cryobiosystem.com\\\/es\\\/#website\",\"url\":\"https:\\\/\\\/www.cryobiosystem.com\\\/es\\\/\",\"name\":\"Cryo Bio System 2025\",\"description\":\"Cryo Bio System propose une technologie de pr\u00e9servation cryog\u00e9nique \u00e0 la pointe, garantissant la viabilit\u00e9 \u00e0 long terme des \u00e9chantillons biologiques.\",\"publisher\":{\"@id\":\"https:\\\/\\\/www.cryobiosystem.com\\\/es\\\/#organization\"},\"potentialAction\":[{\"@type\":\"SearchAction\",\"target\":{\"@type\":\"EntryPoint\",\"urlTemplate\":\"https:\\\/\\\/www.cryobiosystem.com\\\/es\\\/?s={search_term_string}\"},\"query-input\":{\"@type\":\"PropertyValueSpecification\",\"valueRequired\":true,\"valueName\":\"search_term_string\"}}],\"inLanguage\":\"es\"},{\"@type\":\"Organization\",\"@id\":\"https:\\\/\\\/www.cryobiosystem.com\\\/es\\\/#organization\",\"name\":\"Cryo Bio System 2025\",\"url\":\"https:\\\/\\\/www.cryobiosystem.com\\\/es\\\/\",\"logo\":{\"@type\":\"ImageObject\",\"inLanguage\":\"es\",\"@id\":\"https:\\\/\\\/www.cryobiosystem.com\\\/es\\\/#\\\/schema\\\/logo\\\/image\\\/\",\"url\":\"https:\\\/\\\/www.cryobiosystem.com\\\/wp-content\\\/uploads\\\/2025\\\/10\\\/logo-cbs.webp\",\"contentUrl\":\"https:\\\/\\\/www.cryobiosystem.com\\\/wp-content\\\/uploads\\\/2025\\\/10\\\/logo-cbs.webp\",\"width\":310,\"height\":88,\"caption\":\"Cryo Bio System 2025\"},\"image\":{\"@id\":\"https:\\\/\\\/www.cryobiosystem.com\\\/es\\\/#\\\/schema\\\/logo\\\/image\\\/\"}}]}<\/script>\n<!-- \/ Yoast SEO plugin. -->","yoast_head_json":{"title":"Cryo Bio System \u2013 Nuestros distribuidores internacionales","description":"Descubra la red internacional de distribuidores Cryo Bio System, presente en todos los continentes, para acompa\u00f1ar a los profesionales de la salud y las ciencias.","robots":{"index":"index","follow":"follow","max-snippet":"max-snippet:-1","max-image-preview":"max-image-preview:large","max-video-preview":"max-video-preview:-1"},"canonical":"https:\/\/www.cryobiosystem.com\/es\/nuestros-distribuidores\/","og_locale":"es_ES","og_type":"article","og_title":"Cryo Bio System \u2013 Nuestros distribuidores internacionales","og_description":"Descubra la red internacional de distribuidores Cryo Bio System, presente en todos los continentes, para acompa\u00f1ar a los profesionales de la salud y las ciencias.","og_url":"https:\/\/www.cryobiosystem.com\/es\/nuestros-distribuidores\/","og_site_name":"Cryo Bio System 2025","article_modified_time":"2025-12-10T15:37:26+00:00","og_image":[{"width":485,"height":169,"url":"https:\/\/www.cryobiosystem.com\/wp-content\/uploads\/2025\/11\/mappemonde.webp","type":"image\/webp"}],"twitter_card":"summary_large_image","twitter_misc":{"Tiempo de lectura":"1 minuto"},"schema":{"@context":"https:\/\/schema.org","@graph":[{"@type":"WebPage","@id":"https:\/\/www.cryobiosystem.com\/es\/nuestros-distribuidores\/","url":"https:\/\/www.cryobiosystem.com\/es\/nuestros-distribuidores\/","name":"Cryo Bio System \u2013 Nuestros distribuidores internacionales","isPartOf":{"@id":"https:\/\/www.cryobiosystem.com\/es\/#website"},"primaryImageOfPage":{"@id":"https:\/\/www.cryobiosystem.com\/es\/nuestros-distribuidores\/#primaryimage"},"image":{"@id":"https:\/\/www.cryobiosystem.com\/es\/nuestros-distribuidores\/#primaryimage"},"thumbnailUrl":"https:\/\/www.cryobiosystem.com\/wp-content\/uploads\/2025\/11\/mappemonde.webp","datePublished":"2025-10-09T22:47:35+00:00","dateModified":"2025-12-10T15:37:26+00:00","description":"Descubra la red internacional de distribuidores Cryo Bio System, presente en todos los continentes, para acompa\u00f1ar a los profesionales de la salud y las ciencias.","breadcrumb":{"@id":"https:\/\/www.cryobiosystem.com\/es\/nuestros-distribuidores\/#breadcrumb"},"inLanguage":"es","potentialAction":[{"@type":"ReadAction","target":["https:\/\/www.cryobiosystem.com\/es\/nuestros-distribuidores\/"]}]},{"@type":"ImageObject","inLanguage":"es","@id":"https:\/\/www.cryobiosystem.com\/es\/nuestros-distribuidores\/#primaryimage","url":"https:\/\/www.cryobiosystem.com\/wp-content\/uploads\/2025\/11\/mappemonde.webp","contentUrl":"https:\/\/www.cryobiosystem.com\/wp-content\/uploads\/2025\/11\/mappemonde.webp","width":485,"height":169,"caption":"Mappemonde"},{"@type":"BreadcrumbList","@id":"https:\/\/www.cryobiosystem.com\/es\/nuestros-distribuidores\/#breadcrumb","itemListElement":[{"@type":"ListItem","position":1,"name":"Accueil","item":"https:\/\/www.cryobiosystem.com\/es\/"},{"@type":"ListItem","position":2,"name":"Nuestros distribuidores"}]},{"@type":"WebSite","@id":"https:\/\/www.cryobiosystem.com\/es\/#website","url":"https:\/\/www.cryobiosystem.com\/es\/","name":"Cryo Bio System 2025","description":"Cryo Bio System propose une technologie de pr\u00e9servation cryog\u00e9nique \u00e0 la pointe, garantissant la viabilit\u00e9 \u00e0 long terme des \u00e9chantillons biologiques.","publisher":{"@id":"https:\/\/www.cryobiosystem.com\/es\/#organization"},"potentialAction":[{"@type":"SearchAction","target":{"@type":"EntryPoint","urlTemplate":"https:\/\/www.cryobiosystem.com\/es\/?s={search_term_string}"},"query-input":{"@type":"PropertyValueSpecification","valueRequired":true,"valueName":"search_term_string"}}],"inLanguage":"es"},{"@type":"Organization","@id":"https:\/\/www.cryobiosystem.com\/es\/#organization","name":"Cryo Bio System 2025","url":"https:\/\/www.cryobiosystem.com\/es\/","logo":{"@type":"ImageObject","inLanguage":"es","@id":"https:\/\/www.cryobiosystem.com\/es\/#\/schema\/logo\/image\/","url":"https:\/\/www.cryobiosystem.com\/wp-content\/uploads\/2025\/10\/logo-cbs.webp","contentUrl":"https:\/\/www.cryobiosystem.com\/wp-content\/uploads\/2025\/10\/logo-cbs.webp","width":310,"height":88,"caption":"Cryo Bio System 2025"},"image":{"@id":"https:\/\/www.cryobiosystem.com\/es\/#\/schema\/logo\/image\/"}}]}},"_links":{"self":[{"href":"https:\/\/www.cryobiosystem.com\/es\/wp-json\/wp\/v2\/pages\/7572","targetHints":{"allow":["GET"]}}],"collection":[{"href":"https:\/\/www.cryobiosystem.com\/es\/wp-json\/wp\/v2\/pages"}],"about":[{"href":"https:\/\/www.cryobiosystem.com\/es\/wp-json\/wp\/v2\/types\/page"}],"author":[{"embeddable":true,"href":"https:\/\/www.cryobiosystem.com\/es\/wp-json\/wp\/v2\/users\/1"}],"replies":[{"embeddable":true,"href":"https:\/\/www.cryobiosystem.com\/es\/wp-json\/wp\/v2\/comments?post=7572"}],"version-history":[{"count":7,"href":"https:\/\/www.cryobiosystem.com\/es\/wp-json\/wp\/v2\/pages\/7572\/revisions"}],"predecessor-version":[{"id":8820,"href":"https:\/\/www.cryobiosystem.com\/es\/wp-json\/wp\/v2\/pages\/7572\/revisions\/8820"}],"wp:featuredmedia":[{"embeddable":true,"href":"https:\/\/www.cryobiosystem.com\/es\/wp-json\/wp\/v2\/media\/7198"}],"wp:attachment":[{"href":"https:\/\/www.cryobiosystem.com\/es\/wp-json\/wp\/v2\/media?parent=7572"}],"curies":[{"name":"wp","href":"https:\/\/api.w.org\/{rel}","templated":true}]}}