{"id":7640,"date":"2025-10-26T18:48:18","date_gmt":"2025-10-26T17:48:18","guid":{"rendered":"https:\/\/www.cryobiosystem.com\/member-login-area\/"},"modified":"2026-01-27T00:15:28","modified_gmt":"2026-01-26T23:15:28","slug":"member-login-area","status":"publish","type":"page","link":"https:\/\/www.cryobiosystem.com\/en\/member-login-area\/","title":{"rendered":"Member login area"},"content":{"rendered":"\t\t<div data-elementor-type=\"wp-page\" data-elementor-id=\"7640\" class=\"elementor elementor-7640 elementor-4181\" data-elementor-post-type=\"page\">\n\t\t\t\t<div data-dce-background-overlay-color=\"#FFFFFF21\" data-dce-background-image-url=\"https:\/\/www.cryobiosystem.com\/wp-content\/uploads\/2025\/10\/banniere-espace-membre.webp\" class=\"elementor-element elementor-element-7e3815f e-con-full e-flex e-con e-parent\" data-id=\"7e3815f\" data-element_type=\"container\" data-e-type=\"container\" data-settings=\"{&quot;background_background&quot;:&quot;classic&quot;}\">\n\t\t<div class=\"elementor-element elementor-element-462b3a1 e-flex e-con-boxed e-con e-child\" data-id=\"462b3a1\" data-element_type=\"container\" data-e-type=\"container\">\n\t\t\t\t\t<div class=\"e-con-inner\">\n\t\t<div class=\"elementor-element elementor-element-d69d350 e-con-full e-flex e-con e-child\" data-id=\"d69d350\" data-element_type=\"container\" data-e-type=\"container\">\n\t\t\t\t<div class=\"elementor-element elementor-element-6c84b6d elementor-widget elementor-widget-heading\" data-id=\"6c84b6d\" data-element_type=\"widget\" data-e-type=\"widget\" data-widget_type=\"heading.default\">\n\t\t\t\t\t<h1 class=\"elementor-heading-title elementor-size-default\">Member area<\/h1>\t\t\t\t<\/div>\n\t\t\t\t<div class=\"elementor-element elementor-element-3e48c5d elementor-widget elementor-widget-text-editor\" data-id=\"3e48c5d\" data-element_type=\"widget\" data-e-type=\"widget\" data-widget_type=\"text-editor.default\">\n\t\t\t\t\t\t\t\t\t<p>Home \/ Member Area<\/p>\t\t\t\t\t\t\t\t<\/div>\n\t\t\t\t<div class=\"elementor-element elementor-element-62dd09e elementor-align-left elementor-widget elementor-widget-button\" data-id=\"62dd09e\" data-element_type=\"widget\" data-e-type=\"widget\" data-widget_type=\"button.default\">\n\t\t\t\t\t\t\t\t\t\t<a class=\"elementor-button elementor-button-link elementor-size-sm\" href=\"https:\/\/www.cryobiosystem.com\/en\/contact\/\">\n\t\t\t\t\t\t<span class=\"elementor-button-content-wrapper\">\n\t\t\t\t\t\t\t\t\t<span class=\"elementor-button-text\">Contact us<\/span>\n\t\t\t\t\t<\/span>\n\t\t\t\t\t<\/a>\n\t\t\t\t\t\t\t\t<\/div>\n\t\t\t\t<\/div>\n\t\t\t\t\t<\/div>\n\t\t\t\t<\/div>\n\t\t\t\t<\/div>\n\t\t<div class=\"elementor-element elementor-element-ff288f8 e-flex e-con-boxed e-con e-parent\" data-id=\"ff288f8\" data-element_type=\"container\" data-e-type=\"container\">\n\t\t\t\t\t<div class=\"e-con-inner\">\n\t\t\t\t<div class=\"elementor-element elementor-element-7fcde58 elementor-button-align-center cbs-login elementor-widget elementor-widget-login\" data-id=\"7fcde58\" data-element_type=\"widget\" data-e-type=\"widget\" data-widget_type=\"login.default\">\n\t\t\t\t\t\t\t<form class=\"elementor-login elementor-form\" method=\"post\" action=\"https:\/\/www.cryobiosystem.com\/wp-login.php\" aria-label=\"Login form\">\n\t\t\t<input type=\"hidden\" name=\"redirect_to\" value=\"\/en\/wp-json\/wp\/v2\/pages\/7640\">\n\t\t\t<div class=\"elementor-form-fields-wrapper\">\n\t\t\t\t<div class=\"elementor-field-type-text elementor-field-group elementor-column elementor-col-100 elementor-field-required\">\n\t\t\t\t\t<label for=\"user-7fcde58\" class=\"elementor-field-label\">Username<\/label>\n\t\t\t\t\t<input size=\"1\" type=\"text\" name=\"log\" id=\"user-7fcde58\" placeholder=\"\" class=\"elementor-field elementor-field-textual elementor-size-sm\">\n\t\t\t\t<\/div>\n\t\t\t\t<div class=\"elementor-field-type-text elementor-field-group elementor-column elementor-col-100 elementor-field-required\">\n\t\t\t\t\t<label for=\"password-7fcde58\" class=\"elementor-field-label\">Password<\/label>\n\t\t\t\t\t<input size=\"1\" type=\"password\" name=\"pwd\" id=\"password-7fcde58\" placeholder=\"\" class=\"elementor-field elementor-field-textual elementor-size-sm\">\n\t\t\t\t<\/div>\n\n\t\t\t\t\t\t\t\t\t<div class=\"elementor-field-type-checkbox elementor-field-group elementor-column elementor-col-100 elementor-remember-me\">\n\t\t\t\t\t\t<label for=\"elementor-login-remember-me\">\n\t\t\t\t\t\t\t<input type=\"checkbox\" id=\"elementor-login-remember-me\" name=\"rememberme\" value=\"forever\">\n\t\t\t\t\t\t\tRemember Me\t\t\t\t\t\t<\/label>\n\t\t\t\t\t<\/div>\n\t\t\t\t\n\t\t\t\t<div class=\"elementor-field-group elementor-column elementor-field-type-submit elementor-col-100\">\n\t\t\t\t\t<button type=\"submit\" class=\"elementor-size-sm elementor-button\" name=\"wp-submit\">\n\t\t\t\t\t\t\t\t\t\t\t\t\t\t\t<span class=\"elementor-button-text\">Log in<\/span>\n\t\t\t\t\t\t\t\t\t\t\t\t<\/button>\n\t\t\t\t<\/div>\n\n\t\t\t\t\t\t\t\t\t<div class=\"elementor-field-group elementor-column elementor-col-100\">\n\t\t\t\t\t\t\t\t\t\t\t\t\t\t\t\t\t\t\t\t<a class=\"elementor-lost-password\" href=\"https:\/\/www.cryobiosystem.com\/wp-login.php?action=lostpassword&redirect_to=%2Fen%2Fwp-json%2Fwp%2Fv2%2Fpages%2F7640\">\n\t\t\t\t\t\t\t\tLost your password?\t\t\t\t\t\t\t<\/a>\n\t\t\t\t\t\t\n\t\t\t\t\t\t\t\t\t\t\t<\/div>\n\t\t\t\t\t\t\t<\/div>\n\t\t<\/form>\n\t\t\t\t\t\t<\/div>\n\t\t\t\t\t<\/div>\n\t\t\t\t<\/div>\n\t\t\t\t<\/div>\n\t\t","protected":false},"excerpt":{"rendered":"<p>Member area Home \/ Member Area Contact us<\/p>\n","protected":false},"author":1,"featured_media":7183,"parent":0,"menu_order":0,"comment_status":"closed","ping_status":"closed","template":"","meta":{"_acf_changed":false,"footnotes":""},"class_list":["post-7640","page","type-page","status-publish","has-post-thumbnail","hentry"],"acf":[],"yoast_head":"<!-- This site is optimized with the Yoast SEO plugin v27.4 - https:\/\/yoast.com\/product\/yoast-seo-wordpress\/ -->\n<title>Member login area - Cryo Bio System 2025<\/title>\n<meta name=\"robots\" content=\"noindex, nofollow\" \/>\n<meta property=\"og:locale\" content=\"en_US\" \/>\n<meta property=\"og:type\" content=\"article\" \/>\n<meta property=\"og:title\" content=\"Member login area - Cryo Bio System 2025\" \/>\n<meta property=\"og:description\" content=\"Member area Home \/ Member Area Contact us\" \/>\n<meta property=\"og:url\" content=\"https:\/\/www.cryobiosystem.com\/en\/member-login-area\/\" \/>\n<meta property=\"og:site_name\" content=\"Cryo Bio System 2025\" \/>\n<meta property=\"article:modified_time\" content=\"2026-01-26T23:15:28+00:00\" \/>\n<meta property=\"og:image\" content=\"https:\/\/www.cryobiosystem.com\/wp-content\/uploads\/2025\/10\/banniere-espace-membre.webp\" \/>\n\t<meta property=\"og:image:width\" content=\"1440\" \/>\n\t<meta property=\"og:image:height\" content=\"408\" \/>\n\t<meta property=\"og:image:type\" content=\"image\/webp\" \/>\n<meta name=\"twitter:card\" content=\"summary_large_image\" \/>\n<meta name=\"twitter:label1\" content=\"Est. reading time\" \/>\n\t<meta name=\"twitter:data1\" content=\"1 minute\" \/>\n<script type=\"application\/ld+json\" class=\"yoast-schema-graph\">{\"@context\":\"https:\\\/\\\/schema.org\",\"@graph\":[{\"@type\":\"WebPage\",\"@id\":\"https:\\\/\\\/www.cryobiosystem.com\\\/en\\\/member-login-area\\\/\",\"url\":\"https:\\\/\\\/www.cryobiosystem.com\\\/en\\\/member-login-area\\\/\",\"name\":\"Member login area - Cryo Bio System 2025\",\"isPartOf\":{\"@id\":\"https:\\\/\\\/www.cryobiosystem.com\\\/en\\\/#website\"},\"primaryImageOfPage\":{\"@id\":\"https:\\\/\\\/www.cryobiosystem.com\\\/en\\\/member-login-area\\\/#primaryimage\"},\"image\":{\"@id\":\"https:\\\/\\\/www.cryobiosystem.com\\\/en\\\/member-login-area\\\/#primaryimage\"},\"thumbnailUrl\":\"https:\\\/\\\/www.cryobiosystem.com\\\/wp-content\\\/uploads\\\/2025\\\/10\\\/banniere-espace-membre.webp\",\"datePublished\":\"2025-10-26T17:48:18+00:00\",\"dateModified\":\"2026-01-26T23:15:28+00:00\",\"breadcrumb\":{\"@id\":\"https:\\\/\\\/www.cryobiosystem.com\\\/en\\\/member-login-area\\\/#breadcrumb\"},\"inLanguage\":\"en-US\",\"potentialAction\":[{\"@type\":\"ReadAction\",\"target\":[\"https:\\\/\\\/www.cryobiosystem.com\\\/en\\\/member-login-area\\\/\"]}]},{\"@type\":\"ImageObject\",\"inLanguage\":\"en-US\",\"@id\":\"https:\\\/\\\/www.cryobiosystem.com\\\/en\\\/member-login-area\\\/#primaryimage\",\"url\":\"https:\\\/\\\/www.cryobiosystem.com\\\/wp-content\\\/uploads\\\/2025\\\/10\\\/banniere-espace-membre.webp\",\"contentUrl\":\"https:\\\/\\\/www.cryobiosystem.com\\\/wp-content\\\/uploads\\\/2025\\\/10\\\/banniere-espace-membre.webp\",\"width\":1440,\"height\":408,\"caption\":\"Banni\u00e8re espace membre\"},{\"@type\":\"BreadcrumbList\",\"@id\":\"https:\\\/\\\/www.cryobiosystem.com\\\/en\\\/member-login-area\\\/#breadcrumb\",\"itemListElement\":[{\"@type\":\"ListItem\",\"position\":1,\"name\":\"Accueil\",\"item\":\"https:\\\/\\\/www.cryobiosystem.com\\\/en\\\/\"},{\"@type\":\"ListItem\",\"position\":2,\"name\":\"Member login area\"}]},{\"@type\":\"WebSite\",\"@id\":\"https:\\\/\\\/www.cryobiosystem.com\\\/en\\\/#website\",\"url\":\"https:\\\/\\\/www.cryobiosystem.com\\\/en\\\/\",\"name\":\"Cryo Bio System 2025\",\"description\":\"Cryo Bio System propose une technologie de pr\u00e9servation cryog\u00e9nique \u00e0 la pointe, garantissant la viabilit\u00e9 \u00e0 long terme des \u00e9chantillons biologiques.\",\"publisher\":{\"@id\":\"https:\\\/\\\/www.cryobiosystem.com\\\/en\\\/#organization\"},\"potentialAction\":[{\"@type\":\"SearchAction\",\"target\":{\"@type\":\"EntryPoint\",\"urlTemplate\":\"https:\\\/\\\/www.cryobiosystem.com\\\/en\\\/?s={search_term_string}\"},\"query-input\":{\"@type\":\"PropertyValueSpecification\",\"valueRequired\":true,\"valueName\":\"search_term_string\"}}],\"inLanguage\":\"en-US\"},{\"@type\":\"Organization\",\"@id\":\"https:\\\/\\\/www.cryobiosystem.com\\\/en\\\/#organization\",\"name\":\"Cryo Bio System 2025\",\"url\":\"https:\\\/\\\/www.cryobiosystem.com\\\/en\\\/\",\"logo\":{\"@type\":\"ImageObject\",\"inLanguage\":\"en-US\",\"@id\":\"https:\\\/\\\/www.cryobiosystem.com\\\/en\\\/#\\\/schema\\\/logo\\\/image\\\/\",\"url\":\"https:\\\/\\\/www.cryobiosystem.com\\\/wp-content\\\/uploads\\\/2025\\\/10\\\/logo-cbs.webp\",\"contentUrl\":\"https:\\\/\\\/www.cryobiosystem.com\\\/wp-content\\\/uploads\\\/2025\\\/10\\\/logo-cbs.webp\",\"width\":310,\"height\":88,\"caption\":\"Cryo Bio System 2025\"},\"image\":{\"@id\":\"https:\\\/\\\/www.cryobiosystem.com\\\/en\\\/#\\\/schema\\\/logo\\\/image\\\/\"}}]}<\/script>\n<!-- \/ Yoast SEO plugin. -->","yoast_head_json":{"title":"Member login area - Cryo Bio System 2025","robots":{"index":"noindex","follow":"nofollow"},"og_locale":"en_US","og_type":"article","og_title":"Member login area - Cryo Bio System 2025","og_description":"Member area Home \/ Member Area Contact us","og_url":"https:\/\/www.cryobiosystem.com\/en\/member-login-area\/","og_site_name":"Cryo Bio System 2025","article_modified_time":"2026-01-26T23:15:28+00:00","og_image":[{"width":1440,"height":408,"url":"https:\/\/www.cryobiosystem.com\/wp-content\/uploads\/2025\/10\/banniere-espace-membre.webp","type":"image\/webp"}],"twitter_card":"summary_large_image","twitter_misc":{"Est. reading time":"1 minute"},"schema":{"@context":"https:\/\/schema.org","@graph":[{"@type":"WebPage","@id":"https:\/\/www.cryobiosystem.com\/en\/member-login-area\/","url":"https:\/\/www.cryobiosystem.com\/en\/member-login-area\/","name":"Member login area - Cryo Bio System 2025","isPartOf":{"@id":"https:\/\/www.cryobiosystem.com\/en\/#website"},"primaryImageOfPage":{"@id":"https:\/\/www.cryobiosystem.com\/en\/member-login-area\/#primaryimage"},"image":{"@id":"https:\/\/www.cryobiosystem.com\/en\/member-login-area\/#primaryimage"},"thumbnailUrl":"https:\/\/www.cryobiosystem.com\/wp-content\/uploads\/2025\/10\/banniere-espace-membre.webp","datePublished":"2025-10-26T17:48:18+00:00","dateModified":"2026-01-26T23:15:28+00:00","breadcrumb":{"@id":"https:\/\/www.cryobiosystem.com\/en\/member-login-area\/#breadcrumb"},"inLanguage":"en-US","potentialAction":[{"@type":"ReadAction","target":["https:\/\/www.cryobiosystem.com\/en\/member-login-area\/"]}]},{"@type":"ImageObject","inLanguage":"en-US","@id":"https:\/\/www.cryobiosystem.com\/en\/member-login-area\/#primaryimage","url":"https:\/\/www.cryobiosystem.com\/wp-content\/uploads\/2025\/10\/banniere-espace-membre.webp","contentUrl":"https:\/\/www.cryobiosystem.com\/wp-content\/uploads\/2025\/10\/banniere-espace-membre.webp","width":1440,"height":408,"caption":"Banni\u00e8re espace membre"},{"@type":"BreadcrumbList","@id":"https:\/\/www.cryobiosystem.com\/en\/member-login-area\/#breadcrumb","itemListElement":[{"@type":"ListItem","position":1,"name":"Accueil","item":"https:\/\/www.cryobiosystem.com\/en\/"},{"@type":"ListItem","position":2,"name":"Member login area"}]},{"@type":"WebSite","@id":"https:\/\/www.cryobiosystem.com\/en\/#website","url":"https:\/\/www.cryobiosystem.com\/en\/","name":"Cryo Bio System 2025","description":"Cryo Bio System propose une technologie de pr\u00e9servation cryog\u00e9nique \u00e0 la pointe, garantissant la viabilit\u00e9 \u00e0 long terme des \u00e9chantillons biologiques.","publisher":{"@id":"https:\/\/www.cryobiosystem.com\/en\/#organization"},"potentialAction":[{"@type":"SearchAction","target":{"@type":"EntryPoint","urlTemplate":"https:\/\/www.cryobiosystem.com\/en\/?s={search_term_string}"},"query-input":{"@type":"PropertyValueSpecification","valueRequired":true,"valueName":"search_term_string"}}],"inLanguage":"en-US"},{"@type":"Organization","@id":"https:\/\/www.cryobiosystem.com\/en\/#organization","name":"Cryo Bio System 2025","url":"https:\/\/www.cryobiosystem.com\/en\/","logo":{"@type":"ImageObject","inLanguage":"en-US","@id":"https:\/\/www.cryobiosystem.com\/en\/#\/schema\/logo\/image\/","url":"https:\/\/www.cryobiosystem.com\/wp-content\/uploads\/2025\/10\/logo-cbs.webp","contentUrl":"https:\/\/www.cryobiosystem.com\/wp-content\/uploads\/2025\/10\/logo-cbs.webp","width":310,"height":88,"caption":"Cryo Bio System 2025"},"image":{"@id":"https:\/\/www.cryobiosystem.com\/en\/#\/schema\/logo\/image\/"}}]}},"_links":{"self":[{"href":"https:\/\/www.cryobiosystem.com\/en\/wp-json\/wp\/v2\/pages\/7640","targetHints":{"allow":["GET"]}}],"collection":[{"href":"https:\/\/www.cryobiosystem.com\/en\/wp-json\/wp\/v2\/pages"}],"about":[{"href":"https:\/\/www.cryobiosystem.com\/en\/wp-json\/wp\/v2\/types\/page"}],"author":[{"embeddable":true,"href":"https:\/\/www.cryobiosystem.com\/en\/wp-json\/wp\/v2\/users\/1"}],"replies":[{"embeddable":true,"href":"https:\/\/www.cryobiosystem.com\/en\/wp-json\/wp\/v2\/comments?post=7640"}],"version-history":[{"count":4,"href":"https:\/\/www.cryobiosystem.com\/en\/wp-json\/wp\/v2\/pages\/7640\/revisions"}],"predecessor-version":[{"id":10016,"href":"https:\/\/www.cryobiosystem.com\/en\/wp-json\/wp\/v2\/pages\/7640\/revisions\/10016"}],"wp:featuredmedia":[{"embeddable":true,"href":"https:\/\/www.cryobiosystem.com\/en\/wp-json\/wp\/v2\/media\/7183"}],"wp:attachment":[{"href":"https:\/\/www.cryobiosystem.com\/en\/wp-json\/wp\/v2\/media?parent=7640"}],"curies":[{"name":"wp","href":"https:\/\/api.w.org\/{rel}","templated":true}]}}