{"id":10512,"date":"2026-03-16T23:32:01","date_gmt":"2026-03-16T22:32:01","guid":{"rendered":"https:\/\/www.cryobiosystem.com\/our-catalogue\/"},"modified":"2026-03-17T19:56:22","modified_gmt":"2026-03-17T18:56:22","slug":"our-catalogue","status":"publish","type":"page","link":"https:\/\/www.cryobiosystem.com\/en\/our-catalogue\/","title":{"rendered":"Our catalogue"},"content":{"rendered":"\t\t<div data-elementor-type=\"wp-page\" data-elementor-id=\"10512\" class=\"elementor elementor-10512 elementor-10313\" data-elementor-post-type=\"page\">\n\t\t\t\t<div data-dce-background-overlay-color=\"#FFFFFF21\" data-dce-background-image-url=\"https:\/\/www.cryobiosystem.com\/wp-content\/uploads\/2026\/03\/banniere-catalogue-cbs.webp\" class=\"elementor-element elementor-element-1c90b60 e-con-full e-flex e-con e-parent\" data-id=\"1c90b60\" data-element_type=\"container\" data-e-type=\"container\" data-settings=\"{&quot;background_background&quot;:&quot;classic&quot;}\">\n\t\t<div class=\"elementor-element elementor-element-c3bf80a e-flex e-con-boxed e-con e-child\" data-id=\"c3bf80a\" data-element_type=\"container\" data-e-type=\"container\">\n\t\t\t\t\t<div class=\"e-con-inner\">\n\t\t<div class=\"elementor-element elementor-element-a8c5b59 e-con-full e-flex e-con e-child\" data-id=\"a8c5b59\" data-element_type=\"container\" data-e-type=\"container\">\n\t\t\t\t<div class=\"elementor-element elementor-element-3c5a7e3 elementor-widget elementor-widget-heading\" data-id=\"3c5a7e3\" data-element_type=\"widget\" data-e-type=\"widget\" data-widget_type=\"heading.default\">\n\t\t\t\t\t<h1 class=\"elementor-heading-title elementor-size-default\">Our catalogue<\/h1>\t\t\t\t<\/div>\n\t\t\t\t<div class=\"elementor-element elementor-element-4bfc1f9 elementor-widget elementor-widget-text-editor\" data-id=\"4bfc1f9\" data-element_type=\"widget\" data-e-type=\"widget\" data-widget_type=\"text-editor.default\">\n\t\t\t\t\t\t\t\t\t<p>Home \/ All our products \/ Catalogue<\/p>\t\t\t\t\t\t\t\t<\/div>\n\t\t\t\t<div class=\"elementor-element elementor-element-6ecb638 elementor-align-left elementor-widget elementor-widget-button\" data-id=\"6ecb638\" data-element_type=\"widget\" data-e-type=\"widget\" data-widget_type=\"button.default\">\n\t\t\t\t\t\t\t\t\t\t<a class=\"elementor-button elementor-button-link elementor-size-sm\" href=\"https:\/\/www.cryobiosystem.com\/en\/contact\/\">\n\t\t\t\t\t\t<span class=\"elementor-button-content-wrapper\">\n\t\t\t\t\t\t\t\t\t<span class=\"elementor-button-text\">Contact us<\/span>\n\t\t\t\t\t<\/span>\n\t\t\t\t\t<\/a>\n\t\t\t\t\t\t\t\t<\/div>\n\t\t\t\t<\/div>\n\t\t\t\t\t<\/div>\n\t\t\t\t<\/div>\n\t\t\t\t<\/div>\n\t\t<div class=\"elementor-element elementor-element-1cf673c e-flex e-con-boxed e-con e-parent\" data-id=\"1cf673c\" data-element_type=\"container\" data-e-type=\"container\">\n\t\t\t\t\t<div class=\"e-con-inner\">\n\t\t<div class=\"elementor-element elementor-element-08c797e e-con-full e-flex e-con e-child\" data-id=\"08c797e\" data-element_type=\"container\" data-e-type=\"container\">\n\t\t<div class=\"elementor-element elementor-element-8e316a4 e-con-full e-flex e-con e-child\" data-id=\"8e316a4\" data-element_type=\"container\" data-e-type=\"container\">\n\t\t\t\t<div class=\"elementor-element elementor-element-b17fb74 elementor-widget elementor-widget-image\" data-id=\"b17fb74\" data-element_type=\"widget\" data-e-type=\"widget\" data-widget_type=\"image.default\">\n\t\t\t\t\t\t\t\t\t\t\t\t\t\t\t\t<a href=\"https:\/\/www.cryobiosystem.com\/wp-content\/uploads\/2026\/03\/Catalogue-CBS-EN-03-2026.pdf\" target=\"_blank\">\n\t\t\t\t\t\t\t<img fetchpriority=\"high\" decoding=\"async\" width=\"721\" height=\"1024\" src=\"https:\/\/www.cryobiosystem.com\/wp-content\/uploads\/2026\/03\/catalogue-721x1024.webp\" class=\"attachment-large size-large wp-image-10511\" alt=\"\" srcset=\"https:\/\/www.cryobiosystem.com\/wp-content\/uploads\/2026\/03\/catalogue-721x1024.webp 721w, https:\/\/www.cryobiosystem.com\/wp-content\/uploads\/2026\/03\/catalogue-211x300.webp 211w, https:\/\/www.cryobiosystem.com\/wp-content\/uploads\/2026\/03\/catalogue-768x1090.webp 768w, https:\/\/www.cryobiosystem.com\/wp-content\/uploads\/2026\/03\/catalogue-1082x1536.webp 1082w, https:\/\/www.cryobiosystem.com\/wp-content\/uploads\/2026\/03\/catalogue.webp 1206w\" sizes=\"(max-width: 721px) 100vw, 721px\" \/>\t\t\t\t\t\t\t\t<\/a>\n\t\t\t\t\t\t\t\t\t\t\t\t\t\t\t<\/div>\n\t\t\t\t<\/div>\n\t\t<div class=\"elementor-element elementor-element-3efebd6 e-con-full e-flex e-con e-child\" data-id=\"3efebd6\" data-element_type=\"container\" data-e-type=\"container\">\n\t\t\t\t<div class=\"elementor-element elementor-element-1d25483 elementor-widget elementor-widget-heading\" data-id=\"1d25483\" data-element_type=\"widget\" data-e-type=\"widget\" data-widget_type=\"heading.default\">\n\t\t\t\t\t<h2 class=\"elementor-heading-title elementor-size-default\">Download our complete catalogue<\/h2>\t\t\t\t<\/div>\n\t\t\t\t<div class=\"elementor-element elementor-element-e4c48ec elementor-widget-divider--view-line elementor-widget elementor-widget-divider\" data-id=\"e4c48ec\" data-element_type=\"widget\" data-e-type=\"widget\" data-widget_type=\"divider.default\">\n\t\t\t\t\t\t\t<div class=\"elementor-divider\">\n\t\t\t<span class=\"elementor-divider-separator\">\n\t\t\t\t\t\t<\/span>\n\t\t<\/div>\n\t\t\t\t\t\t<\/div>\n\t\t\t\t<div class=\"elementor-element elementor-element-1488a0f elementor-widget elementor-widget-text-editor\" data-id=\"1488a0f\" data-element_type=\"widget\" data-e-type=\"widget\" data-widget_type=\"text-editor.default\">\n\t\t\t\t\t\t\t\t\t<p>Find the complete catalogue of all our products:<\/p><ul role=\"list\"><li>Our <span style=\"color: #3f5ea6;\"><strong>ART<\/strong><\/span> products<\/li><li>Our <span style=\"color: #3f5ea6;\"><strong>Biobanking<\/strong><\/span> products<\/li><li>Our \u201c<span style=\"color: #3f5ea6;\"><strong>Other Applications<\/strong><\/span>\u201d products<\/li><\/ul>\t\t\t\t\t\t\t\t<\/div>\n\t\t\t\t<div class=\"elementor-element elementor-element-273ad9a elementor-align-center elementor-widget elementor-widget-button\" data-id=\"273ad9a\" data-element_type=\"widget\" data-e-type=\"widget\" data-widget_type=\"button.default\">\n\t\t\t\t\t\t\t\t\t\t<a class=\"elementor-button elementor-button-link elementor-size-sm\" href=\"https:\/\/www.cryobiosystem.com\/wp-content\/uploads\/2026\/03\/Catalogue-CBS-EN-03-2026.pdf\" target=\"_blank\">\n\t\t\t\t\t\t<span class=\"elementor-button-content-wrapper\">\n\t\t\t\t\t\t\t\t\t<span class=\"elementor-button-text\">Download our catalogue<\/span>\n\t\t\t\t\t<\/span>\n\t\t\t\t\t<\/a>\n\t\t\t\t\t\t\t\t<\/div>\n\t\t\t\t<\/div>\n\t\t\t\t<\/div>\n\t\t\t\t\t<\/div>\n\t\t\t\t<\/div>\n\t\t<div class=\"elementor-element elementor-element-7331a16 e-flex e-con-boxed e-con e-parent\" data-id=\"7331a16\" data-element_type=\"container\" data-e-type=\"container\" data-settings=\"{&quot;background_background&quot;:&quot;classic&quot;}\">\n\t\t\t\t\t<div class=\"e-con-inner\">\n\t\t\t\t<div class=\"elementor-element elementor-element-6c733a3 elementor-widget elementor-widget-heading\" data-id=\"6c733a3\" data-element_type=\"widget\" data-e-type=\"widget\" data-widget_type=\"heading.default\">\n\t\t\t\t\t<h2 class=\"elementor-heading-title elementor-size-default\">Contact us<\/h2>\t\t\t\t<\/div>\n\t\t\t\t<div class=\"elementor-element elementor-element-2bdb001 elementor-widget-divider--view-line elementor-widget elementor-widget-divider\" data-id=\"2bdb001\" data-element_type=\"widget\" data-e-type=\"widget\" data-widget_type=\"divider.default\">\n\t\t\t\t\t\t\t<div class=\"elementor-divider\">\n\t\t\t<span class=\"elementor-divider-separator\">\n\t\t\t\t\t\t<\/span>\n\t\t<\/div>\n\t\t\t\t\t\t<\/div>\n\t\t\t\t<div class=\"elementor-element elementor-element-da9973d elementor-widget elementor-widget-text-editor\" data-id=\"da9973d\" data-element_type=\"widget\" data-e-type=\"widget\" data-widget_type=\"text-editor.default\">\n\t\t\t\t\t\t\t\t\t<p>Need more information ? Our teams are here to assist you with all your cryopreservation projects. <\/p>\t\t\t\t\t\t\t\t<\/div>\n\t\t\t\t<div class=\"elementor-element elementor-element-5a63fdf elementor-align-center elementor-widget elementor-widget-button\" data-id=\"5a63fdf\" data-element_type=\"widget\" data-e-type=\"widget\" data-widget_type=\"button.default\">\n\t\t\t\t\t\t\t\t\t\t<a class=\"elementor-button elementor-button-link elementor-size-sm\" href=\"https:\/\/www.cryobiosystem.com\/en\/contact\/\">\n\t\t\t\t\t\t<span class=\"elementor-button-content-wrapper\">\n\t\t\t\t\t\t\t\t\t<span class=\"elementor-button-text\">Contact us<\/span>\n\t\t\t\t\t<\/span>\n\t\t\t\t\t<\/a>\n\t\t\t\t\t\t\t\t<\/div>\n\t\t\t\t\t<\/div>\n\t\t\t\t<\/div>\n\t\t\t\t<\/div>\n\t\t","protected":false},"excerpt":{"rendered":"<p>Our catalogue Home \/ All our products \/ Catalogue Contact us Download our complete catalogue Find the complete catalogue of all our products: Our ART products Our Biobanking products Our \u201cOther Applications\u201d products Download our catalogue Contact us Need more information ? Our teams are here to assist you with all your cryopreservation projects. Contact [&hellip;]<\/p>\n","protected":false},"author":1,"featured_media":0,"parent":0,"menu_order":0,"comment_status":"closed","ping_status":"closed","template":"","meta":{"_acf_changed":false,"footnotes":""},"class_list":["post-10512","page","type-page","status-publish","hentry"],"acf":[],"yoast_head":"<!-- This site is optimized with the Yoast SEO plugin v27.3 - https:\/\/yoast.com\/product\/yoast-seo-wordpress\/ -->\n<title>Our catalogue - Cryo Bio System 2025<\/title>\n<meta name=\"robots\" content=\"index, follow, max-snippet:-1, max-image-preview:large, max-video-preview:-1\" \/>\n<link rel=\"canonical\" href=\"https:\/\/www.cryobiosystem.com\/en\/our-catalogue\/\" \/>\n<meta property=\"og:locale\" content=\"en_US\" \/>\n<meta property=\"og:type\" content=\"article\" \/>\n<meta property=\"og:title\" content=\"Our catalogue - Cryo Bio System 2025\" \/>\n<meta property=\"og:description\" content=\"Our catalogue Home \/ All our products \/ Catalogue Contact us Download our complete catalogue Find the complete catalogue of all our products: Our ART products Our Biobanking products Our \u201cOther Applications\u201d products Download our catalogue Contact us Need more information ? Our teams are here to assist you with all your cryopreservation projects. Contact [&hellip;]\" \/>\n<meta property=\"og:url\" content=\"https:\/\/www.cryobiosystem.com\/en\/our-catalogue\/\" \/>\n<meta property=\"og:site_name\" content=\"Cryo Bio System 2025\" \/>\n<meta property=\"article:modified_time\" content=\"2026-03-17T18:56:22+00:00\" \/>\n<meta property=\"og:image\" content=\"https:\/\/www.cryobiosystem.com\/wp-content\/uploads\/2026\/03\/catalogue-721x1024.webp\" \/>\n<meta name=\"twitter:card\" content=\"summary_large_image\" \/>\n<meta name=\"twitter:label1\" content=\"Est. reading time\" \/>\n\t<meta name=\"twitter:data1\" content=\"1 minute\" \/>\n<script type=\"application\/ld+json\" class=\"yoast-schema-graph\">{\"@context\":\"https:\\\/\\\/schema.org\",\"@graph\":[{\"@type\":\"WebPage\",\"@id\":\"https:\\\/\\\/www.cryobiosystem.com\\\/en\\\/our-catalogue\\\/\",\"url\":\"https:\\\/\\\/www.cryobiosystem.com\\\/en\\\/our-catalogue\\\/\",\"name\":\"Our catalogue - Cryo Bio System 2025\",\"isPartOf\":{\"@id\":\"https:\\\/\\\/www.cryobiosystem.com\\\/en\\\/#website\"},\"primaryImageOfPage\":{\"@id\":\"https:\\\/\\\/www.cryobiosystem.com\\\/en\\\/our-catalogue\\\/#primaryimage\"},\"image\":{\"@id\":\"https:\\\/\\\/www.cryobiosystem.com\\\/en\\\/our-catalogue\\\/#primaryimage\"},\"thumbnailUrl\":\"https:\\\/\\\/www.cryobiosystem.com\\\/wp-content\\\/uploads\\\/2026\\\/03\\\/catalogue-721x1024.webp\",\"datePublished\":\"2026-03-16T22:32:01+00:00\",\"dateModified\":\"2026-03-17T18:56:22+00:00\",\"breadcrumb\":{\"@id\":\"https:\\\/\\\/www.cryobiosystem.com\\\/en\\\/our-catalogue\\\/#breadcrumb\"},\"inLanguage\":\"en-US\",\"potentialAction\":[{\"@type\":\"ReadAction\",\"target\":[\"https:\\\/\\\/www.cryobiosystem.com\\\/en\\\/our-catalogue\\\/\"]}]},{\"@type\":\"ImageObject\",\"inLanguage\":\"en-US\",\"@id\":\"https:\\\/\\\/www.cryobiosystem.com\\\/en\\\/our-catalogue\\\/#primaryimage\",\"url\":\"https:\\\/\\\/www.cryobiosystem.com\\\/wp-content\\\/uploads\\\/2026\\\/03\\\/catalogue-721x1024.webp\",\"contentUrl\":\"https:\\\/\\\/www.cryobiosystem.com\\\/wp-content\\\/uploads\\\/2026\\\/03\\\/catalogue-721x1024.webp\"},{\"@type\":\"BreadcrumbList\",\"@id\":\"https:\\\/\\\/www.cryobiosystem.com\\\/en\\\/our-catalogue\\\/#breadcrumb\",\"itemListElement\":[{\"@type\":\"ListItem\",\"position\":1,\"name\":\"Accueil\",\"item\":\"https:\\\/\\\/www.cryobiosystem.com\\\/en\\\/\"},{\"@type\":\"ListItem\",\"position\":2,\"name\":\"Our catalogue\"}]},{\"@type\":\"WebSite\",\"@id\":\"https:\\\/\\\/www.cryobiosystem.com\\\/en\\\/#website\",\"url\":\"https:\\\/\\\/www.cryobiosystem.com\\\/en\\\/\",\"name\":\"Cryo Bio System 2025\",\"description\":\"Cryo Bio System propose une technologie de pr\u00e9servation cryog\u00e9nique \u00e0 la pointe, garantissant la viabilit\u00e9 \u00e0 long terme des \u00e9chantillons biologiques.\",\"publisher\":{\"@id\":\"https:\\\/\\\/www.cryobiosystem.com\\\/en\\\/#organization\"},\"potentialAction\":[{\"@type\":\"SearchAction\",\"target\":{\"@type\":\"EntryPoint\",\"urlTemplate\":\"https:\\\/\\\/www.cryobiosystem.com\\\/en\\\/?s={search_term_string}\"},\"query-input\":{\"@type\":\"PropertyValueSpecification\",\"valueRequired\":true,\"valueName\":\"search_term_string\"}}],\"inLanguage\":\"en-US\"},{\"@type\":\"Organization\",\"@id\":\"https:\\\/\\\/www.cryobiosystem.com\\\/en\\\/#organization\",\"name\":\"Cryo Bio System 2025\",\"url\":\"https:\\\/\\\/www.cryobiosystem.com\\\/en\\\/\",\"logo\":{\"@type\":\"ImageObject\",\"inLanguage\":\"en-US\",\"@id\":\"https:\\\/\\\/www.cryobiosystem.com\\\/en\\\/#\\\/schema\\\/logo\\\/image\\\/\",\"url\":\"https:\\\/\\\/www.cryobiosystem.com\\\/wp-content\\\/uploads\\\/2025\\\/10\\\/logo-cbs.webp\",\"contentUrl\":\"https:\\\/\\\/www.cryobiosystem.com\\\/wp-content\\\/uploads\\\/2025\\\/10\\\/logo-cbs.webp\",\"width\":310,\"height\":88,\"caption\":\"Cryo Bio System 2025\"},\"image\":{\"@id\":\"https:\\\/\\\/www.cryobiosystem.com\\\/en\\\/#\\\/schema\\\/logo\\\/image\\\/\"}}]}<\/script>\n<!-- \/ Yoast SEO plugin. -->","yoast_head_json":{"title":"Our catalogue - Cryo Bio System 2025","robots":{"index":"index","follow":"follow","max-snippet":"max-snippet:-1","max-image-preview":"max-image-preview:large","max-video-preview":"max-video-preview:-1"},"canonical":"https:\/\/www.cryobiosystem.com\/en\/our-catalogue\/","og_locale":"en_US","og_type":"article","og_title":"Our catalogue - Cryo Bio System 2025","og_description":"Our catalogue Home \/ All our products \/ Catalogue Contact us Download our complete catalogue Find the complete catalogue of all our products: Our ART products Our Biobanking products Our \u201cOther Applications\u201d products Download our catalogue Contact us Need more information ? Our teams are here to assist you with all your cryopreservation projects. Contact [&hellip;]","og_url":"https:\/\/www.cryobiosystem.com\/en\/our-catalogue\/","og_site_name":"Cryo Bio System 2025","article_modified_time":"2026-03-17T18:56:22+00:00","og_image":[{"url":"https:\/\/www.cryobiosystem.com\/wp-content\/uploads\/2026\/03\/catalogue-721x1024.webp","type":"","width":"","height":""}],"twitter_card":"summary_large_image","twitter_misc":{"Est. reading time":"1 minute"},"schema":{"@context":"https:\/\/schema.org","@graph":[{"@type":"WebPage","@id":"https:\/\/www.cryobiosystem.com\/en\/our-catalogue\/","url":"https:\/\/www.cryobiosystem.com\/en\/our-catalogue\/","name":"Our catalogue - Cryo Bio System 2025","isPartOf":{"@id":"https:\/\/www.cryobiosystem.com\/en\/#website"},"primaryImageOfPage":{"@id":"https:\/\/www.cryobiosystem.com\/en\/our-catalogue\/#primaryimage"},"image":{"@id":"https:\/\/www.cryobiosystem.com\/en\/our-catalogue\/#primaryimage"},"thumbnailUrl":"https:\/\/www.cryobiosystem.com\/wp-content\/uploads\/2026\/03\/catalogue-721x1024.webp","datePublished":"2026-03-16T22:32:01+00:00","dateModified":"2026-03-17T18:56:22+00:00","breadcrumb":{"@id":"https:\/\/www.cryobiosystem.com\/en\/our-catalogue\/#breadcrumb"},"inLanguage":"en-US","potentialAction":[{"@type":"ReadAction","target":["https:\/\/www.cryobiosystem.com\/en\/our-catalogue\/"]}]},{"@type":"ImageObject","inLanguage":"en-US","@id":"https:\/\/www.cryobiosystem.com\/en\/our-catalogue\/#primaryimage","url":"https:\/\/www.cryobiosystem.com\/wp-content\/uploads\/2026\/03\/catalogue-721x1024.webp","contentUrl":"https:\/\/www.cryobiosystem.com\/wp-content\/uploads\/2026\/03\/catalogue-721x1024.webp"},{"@type":"BreadcrumbList","@id":"https:\/\/www.cryobiosystem.com\/en\/our-catalogue\/#breadcrumb","itemListElement":[{"@type":"ListItem","position":1,"name":"Accueil","item":"https:\/\/www.cryobiosystem.com\/en\/"},{"@type":"ListItem","position":2,"name":"Our catalogue"}]},{"@type":"WebSite","@id":"https:\/\/www.cryobiosystem.com\/en\/#website","url":"https:\/\/www.cryobiosystem.com\/en\/","name":"Cryo Bio System 2025","description":"Cryo Bio System propose une technologie de pr\u00e9servation cryog\u00e9nique \u00e0 la pointe, garantissant la viabilit\u00e9 \u00e0 long terme des \u00e9chantillons biologiques.","publisher":{"@id":"https:\/\/www.cryobiosystem.com\/en\/#organization"},"potentialAction":[{"@type":"SearchAction","target":{"@type":"EntryPoint","urlTemplate":"https:\/\/www.cryobiosystem.com\/en\/?s={search_term_string}"},"query-input":{"@type":"PropertyValueSpecification","valueRequired":true,"valueName":"search_term_string"}}],"inLanguage":"en-US"},{"@type":"Organization","@id":"https:\/\/www.cryobiosystem.com\/en\/#organization","name":"Cryo Bio System 2025","url":"https:\/\/www.cryobiosystem.com\/en\/","logo":{"@type":"ImageObject","inLanguage":"en-US","@id":"https:\/\/www.cryobiosystem.com\/en\/#\/schema\/logo\/image\/","url":"https:\/\/www.cryobiosystem.com\/wp-content\/uploads\/2025\/10\/logo-cbs.webp","contentUrl":"https:\/\/www.cryobiosystem.com\/wp-content\/uploads\/2025\/10\/logo-cbs.webp","width":310,"height":88,"caption":"Cryo Bio System 2025"},"image":{"@id":"https:\/\/www.cryobiosystem.com\/en\/#\/schema\/logo\/image\/"}}]}},"_links":{"self":[{"href":"https:\/\/www.cryobiosystem.com\/en\/wp-json\/wp\/v2\/pages\/10512","targetHints":{"allow":["GET"]}}],"collection":[{"href":"https:\/\/www.cryobiosystem.com\/en\/wp-json\/wp\/v2\/pages"}],"about":[{"href":"https:\/\/www.cryobiosystem.com\/en\/wp-json\/wp\/v2\/types\/page"}],"author":[{"embeddable":true,"href":"https:\/\/www.cryobiosystem.com\/en\/wp-json\/wp\/v2\/users\/1"}],"replies":[{"embeddable":true,"href":"https:\/\/www.cryobiosystem.com\/en\/wp-json\/wp\/v2\/comments?post=10512"}],"version-history":[{"count":15,"href":"https:\/\/www.cryobiosystem.com\/en\/wp-json\/wp\/v2\/pages\/10512\/revisions"}],"predecessor-version":[{"id":10593,"href":"https:\/\/www.cryobiosystem.com\/en\/wp-json\/wp\/v2\/pages\/10512\/revisions\/10593"}],"wp:attachment":[{"href":"https:\/\/www.cryobiosystem.com\/en\/wp-json\/wp\/v2\/media?parent=10512"}],"curies":[{"name":"wp","href":"https:\/\/api.w.org\/{rel}","templated":true}]}}